{"id":100,"date":"2024-07-26T21:47:06","date_gmt":"2024-07-26T19:47:06","guid":{"rendered":"http:\/\/www.cpppap.svsbb.sk\/new\/?page_id=100"},"modified":"2026-02-13T13:55:46","modified_gmt":"2026-02-13T12:55:46","slug":"kontakt","status":"publish","type":"page","link":"https:\/\/www.cpppap.svsbb.sk\/?page_id=100","title":{"rendered":"Kontakt"},"content":{"rendered":"\n<div class=\"wp-block-columns is-layout-flex wp-container-core-columns-is-layout-9d6595d7 wp-block-columns-is-layout-flex\">\n<div class=\"wp-block-column is-layout-flow wp-block-column-is-layout-flow\" style=\"flex-basis:33.33%\">\n<p><strong>Objedn\u00e1vanie klientov<\/strong><\/p>\n<\/div>\n\n\n\n<div class=\"wp-block-column is-vertically-aligned-top is-layout-flow wp-block-column-is-layout-flow\" style=\"flex-basis:66.66%\">\n<ol class=\"wp-block-list\">\n<li><strong>Telefonicky:<\/strong> 048\/4134751, 048\/4134752<br>Veronika Sr\u0161\u0148ov\u00e1 \u2013 deti M\u0160, Z\u0160<br>Mgr. Dana Kujnischov\u00e1 \u2013 \u017eiaci S\u0160, \u0161tudenti V\u0160<br><\/li>\n\n\n\n<li><strong>Osobne<\/strong> \u2013 Ml\u00e1de\u017en\u00edcka 34, Bansk\u00e1 Bystrica<br><\/li>\n\n\n\n<li><strong>E-mailom:<\/strong><br><a href=\"http:\/\/www.cpppap.svsbb.sk\/?page_id=974\" data-type=\"link\" data-id=\"http:\/\/www.cpppap.svsbb.sk\/?page_id=974\">Prihl\u00e1\u0161ka na vy\u0161etrenie &#8211; (do 3r., deti M\u0160, \u017eiaci Z\u0160)<\/a><br><a href=\"http:\/\/www.cpppap.svsbb.sk\/?page_id=976\">Prihl\u00e1\u0161ka na vy\u0161etrenie &#8211; (\u017eiaci S\u0160, \u0161tudenti V\u0160)<\/a><\/li>\n<\/ol>\n<\/div>\n<\/div>\n\n\n\n<div class=\"wp-block-columns are-vertically-aligned-top is-layout-flex wp-container-core-columns-is-layout-9d6595d7 wp-block-columns-is-layout-flex\">\n<div class=\"wp-block-column is-vertically-aligned-top is-layout-flow wp-block-column-is-layout-flow\" style=\"flex-basis:33.33%\">\n<p><strong><strong>Riadite\u013e<\/strong><\/strong><\/p>\n\n\n\n<p><br><strong>Podate\u013e\u0148a<\/strong><\/p>\n\n\n\n<p><strong>Ved\u00faci oddelen\u00ed<\/strong><\/p>\n<\/div>\n\n\n\n<div class=\"wp-block-column is-vertically-aligned-top is-layout-flow wp-block-column-is-layout-flow\" style=\"flex-basis:66.66%\">\n<p><strong>PhDr. Mgr. \u013dubom\u00edr Tich\u00fd<\/strong><br><a href=\"mailto:riaditel@cppbb.sk\">riaditel@cppbb.sk<\/a><\/p>\n\n\n\n<p><a href=\"mailto:podatelna@cppbb.sk\" target=\"_blank\" rel=\"noreferrer noopener\">podatelna@cppbb.sk<\/a><\/p>\n\n\n\n<ul class=\"wp-block-list\">\n<li>Mgr. Anton Kalina: <a href=\"mailto:anton.kalina@cppbb.sk\">anton.kalina@cppbb.sk<\/a><\/li>\n\n\n\n<li>Mgr. Zuzana Benkov\u00e1: <a href=\"mailto:zuzana.benkova@cppbb.sk\" target=\"_blank\" rel=\"noreferrer noopener\">zuzana.benkova@cppbb.sk<\/a><\/li>\n\n\n\n<li>Mgr. Martina Eisnerov\u00e1: <a href=\"mailto:martina.eisnerova@cppbb.sk\" target=\"_blank\" rel=\"noreferrer noopener\">martina.eisnerova@cppbb.sk<\/a><\/li>\n<\/ul>\n<\/div>\n<\/div>\n\n\n\n<div class=\"wp-block-columns is-layout-flex wp-container-core-columns-is-layout-9d6595d7 wp-block-columns-is-layout-flex\">\n<div class=\"wp-block-column is-layout-flow wp-block-column-is-layout-flow\" style=\"flex-basis:33.33%\">\n<p><strong>E-mailov\u00e9 adresy<\/strong><\/p>\n<\/div>\n\n\n\n<div class=\"wp-block-column is-layout-flow wp-block-column-is-layout-flow\" style=\"flex-basis:66.66%\">\n<p><mark style=\"background-color:rgba(0, 0, 0, 0)\" class=\"has-inline-color has-vivid-red-color\">Uveden\u00e9 mailov\u00e9 kontakty NESL\u00da\u017dIA na objedn\u00e1vanie klientov a prihlasovanie na vy\u0161etrenie.<\/mark><\/p>\n\n\n\n<h4 class=\"wp-block-heading\">Oddelenie poradenstva v osobnostnom, vzdel\u00e1vacom a kari\u00e9rovom v\u00fdvine pre pred\u0161kolsk\u00fd vek a z\u00e1kladn\u00e9 \u0161koly<\/h4>\n\n\n\n<ul class=\"wp-block-list\">\n<li>Mgr. Anton Kalina (z\u00e1stupca riadite\u013ea, poveren\u00fd veden\u00edm oddelenia, psychol\u00f3g): <a href=\"mailto:anton.kalina@cppbb.sk\">anton.kalina@cppbb.sk<\/a><\/li>\n\n\n\n<li>Mgr. Val\u00e9ria Borovsk\u00e1 (\u0161peci\u00e1lny pedag\u00f3g): <a href=\"mailto:valeria.borovska@cppbb.sk\">valeria.borovska@cppbb.sk<\/a><\/li>\n\n\n\n<li>Mgr. Dominika Hajkovsk\u00e1 (psychol\u00f3g): <a href=\"mailto:dominika.hajkovska@cppbb.sk\">dominika.hajkovska@cppbb.sk<\/a><\/li>\n\n\n\n<li>Mgr. Katar\u00edna Ivani\u010dov\u00e1 (\u0161peci\u00e1lny pedag\u00f3g): <a href=\"mailto:katarina.ivanicova@cppbb.sk\">katarina.ivanicova@cppbb.sk<\/a><\/li>\n\n\n\n<li>Mgr. Krist\u00edna J\u00e1no\u0161ov\u00e1 (psychol\u00f3g): <a href=\"mailto:kristina.janosova@cppbb.sk\">kristina.janosova@cppbb.sk<\/a><\/li>\n\n\n\n<li>Mgr. Marianna Tald\u00edkov\u00e1 (psychol\u00f3g): <a href=\"mailto:marianna.taldikova@cppbb.sk\">marianna.taldikova@cppbb.sk<\/a><\/li>\n\n\n\n<li>Mgr. Zuzana Vencelov\u00e1 (psychol\u00f3g): <a href=\"mailto:zuzana.vencelova@cppbb.sk\">zuzana.vencelova@cppbb.sk<\/a><\/li>\n\n\n\n<li>Mgr. Barbora Vr\u00e1belov\u00e1 (psychol\u00f3g): <a href=\"mailto:barbora.vrabelova@cppbb.sk\">barbora.vrabelova@cppbb.sk<\/a><\/li>\n\n\n\n<li>Mgr. Veronika Vr\u00e1b\u013eov\u00e1 (psychol\u00f3g): <a href=\"mailto:veronika.vrablova@cppbb.sk\">veronika.vrablova@cppbb.sk<\/a><\/li>\n\n\n\n<li>Veronika Sr\u0161\u0148ov\u00e1 (soci\u00e1lno-administrat\u00edvna pracovn\u00ed\u010dka): <a href=\"mailto:veronika.srsnova@cppbb.sk\">veronika.srsnova@cppbb.sk<\/a><\/li>\n<\/ul>\n\n\n\n<h4 class=\"wp-block-heading\">Oddelenie poradenstva v osobnostnom, vzdel\u00e1vacom a kari\u00e9rovom v\u00fdvine pre stredn\u00e9 a vysok\u00e9 \u0161koly a poradenstva soci\u00e1lneho v\u00fdvinu a prevencie<\/h4>\n\n\n\n<ul class=\"wp-block-list\">\n<li>Mgr. Zuzana Benkov\u00e1 (psychol\u00f3g): <a href=\"mailto:zuzana.benkova@cppbb.sk\">zuzana.benkova@cppbb.sk<\/a><\/li>\n\n\n\n<li>Mgr. Martina Jadro\u0148ov\u00e1 (soci\u00e1lny pedag\u00f3g): <a href=\"mailto:martina.jadronova@cppbb.sk\">martina.jadronova@cppbb.sk<\/a><\/li>\n\n\n\n<li>Mgr. Ivana Hrb\u00e1\u013eov\u00e1 (psychol\u00f3g): <a href=\"mailto:ivana.hrbalova@cppbb.sk\">ivana.hrbalova@cppbb.sk<\/a><\/li>\n\n\n\n<li>Mgr. Monika S\u00falovcov\u00e1 (psychol\u00f3g): <a href=\"mailto:monika.sulovcova@cppbb.sk\">monika.sulovcova@cppbb.sk<\/a><\/li>\n\n\n\n<li>Mgr. Martin Valach (soci\u00e1lny pedag\u00f3g): <a href=\"mailto:martin.valach@cppbb.sk\">martin.valach@cppbb.sk<\/a><\/li>\n\n\n\n<li>Mgr. Dana Kujnischov\u00e1 (soci\u00e1lno-administrat\u00edvna pracovn\u00ed\u010dka): <a href=\"mailto:dana.kujnischova@cppbb.sk\">dana.kujnischova@cppbb.sk<\/a><\/li>\n<\/ul>\n\n\n\n<h4 class=\"wp-block-heading\">Oddelenie \u0161peci\u00e1lno-pedagogick\u00e9ho poradenstva a prevencie<\/h4>\n\n\n\n<ul class=\"wp-block-list\">\n<li>Mgr. Martina Eisnerov\u00e1 (\u0161peci\u00e1lny pedag\u00f3g, somatop\u00e9d): <a href=\"mailto:martina.eisnerova@cppbb.sk\">martina.eisnerova@cppbb.sk<\/a><\/li>\n\n\n\n<li>Mgr. Zuzana \u010eurkov\u00e1 (psychol\u00f3g): <a href=\"mailto:zuzana.durkova@cppbb.sk\">zuzana.durkova@cppbb.sk<\/a><\/li>\n\n\n\n<li>PaedDr. Elena Lupt\u00e1kov\u00e1 (\u0161peci\u00e1lny pedag\u00f3g, psychop\u00e9d): <a href=\"mailto:elena.luptakova@cppbb.sk\">elena.luptakova@cppbb.sk<\/a><\/li>\n\n\n\n<li>Mgr. M\u00e1ria Majer Stykov\u00e1 (psychol\u00f3g): <a href=\"mailto:maria.stykova@cppbb.sk\">maria.majerstykova@cppbb.sk<\/a><\/li>\n\n\n\n<li>Mgr. Patr\u00edcia Nedelev (psychol\u00f3g): <a href=\"mailto:patricia.nedelev@cppbb.sk\">patricia.nedelev@cppbb.sk<\/a><\/li>\n\n\n\n<li>Mgr. Martina \u0160ulekov\u00e1 (logop\u00e9d): <a href=\"mailto:martina.sulekova@cppbb.sk\">martina.sulekova@cppbb.sk<\/a><\/li>\n\n\n\n<li>Mgr. Val\u00e9ria Vallov\u00e1 (\u0161peci\u00e1lny pedag\u00f3g, psychop\u00e9d): <a href=\"mailto:valeria.vallova@cppbb.sk\">valeria.vallova@cppbb.sk<\/a><\/li>\n<\/ul>\n<\/div>\n<\/div>\n\n\n\n<div class=\"wp-block-columns is-layout-flex wp-container-core-columns-is-layout-9d6595d7 wp-block-columns-is-layout-flex\">\n<div class=\"wp-block-column is-layout-flow wp-block-column-is-layout-flow\" style=\"flex-basis:33.33%\">\n<p><strong>Telef\u00f3nne \u010d\u00edslo<\/strong><\/p>\n<\/div>\n\n\n\n<div class=\"wp-block-column is-layout-flow wp-block-column-is-layout-flow\" style=\"flex-basis:66.66%\">\n<p><strong>048 \/ 4134751<\/strong> alebo <strong>048 \/ 4134752<\/strong><br>&#8211; po\u017eiadajte o prepojenie na pr\u00edslu\u0161n\u00e9 oddelenie<\/p>\n<\/div>\n<\/div>\n\n\n\n<div class=\"wp-block-columns is-layout-flex wp-container-core-columns-is-layout-9d6595d7 wp-block-columns-is-layout-flex\">\n<div class=\"wp-block-column is-layout-flow wp-block-column-is-layout-flow\" style=\"flex-basis:33.33%\">\n<p><strong>Adresa s\u00eddla<\/strong><\/p>\n<\/div>\n\n\n\n<div class=\"wp-block-column is-layout-flow wp-block-column-is-layout-flow\" style=\"flex-basis:66.66%\">\n<p>Centrum poradenstva a prevencie<br>Ml\u00e1de\u017en\u00edcka 34<br>974 01 Bansk\u00e1 Bystrica<\/p>\n<\/div>\n<\/div>\n\n\n\n<div class=\"wp-block-columns is-layout-flex wp-container-core-columns-is-layout-9d6595d7 wp-block-columns-is-layout-flex\">\n<div class=\"wp-block-column is-layout-flow wp-block-column-is-layout-flow\" style=\"flex-basis:33.33%\">\n<p><strong>Mapa<\/strong><\/p>\n<\/div>\n\n\n\n<div class=\"wp-block-column is-layout-flow wp-block-column-is-layout-flow\" style=\"flex-basis:66.66%\">\n<details class=\"wp-block-details is-layout-flow wp-block-details-is-layout-flow\"><summary>N\u00e1jdite si CPP <a href=\"http:\/\/bit.ly\/14vUtGS\" target=\"_blank\" rel=\"noreferrer noopener\">na v\u00e4\u010d\u0161ej mape<\/a>. Alebo si pozrite ako n\u00e1s n\u00e1jdete.<\/summary>\n<p>Doprava:<\/p>\n\n\n\n<p>Centrum poradenstva a prevencie sa nach\u00e1dza v mestskej \u0161tvrti <strong>Fon\u010dorda<\/strong>. Zo <em>\u017delezni\u010dnej stanice<\/em> sa najbli\u017e\u0161ie k poradni dostaneme <strong>trolejbusom \u010d. 7 a \u010d. 8<\/strong>, pri\u010dom je potrebn\u00e9 vyst\u00fapi\u0165 na z\u00e1stavke <strong>Po\u013en\u00e1<\/strong> pri Gymn\u00e1ziu Ml\u00e1de\u017en\u00edcka. Ak ideme z autobusovej stanice, prejdeme na z\u00e1stavku ku <strong>V\u00daB<\/strong> a odtia\u013e (okrem u\u017e spom\u00ednan\u00e9ho trolejbusu <strong>\u010d. 7<\/strong>) mo\u017eno \u00eds\u0165 autobusom smer Malachov a vyst\u00fapime tie\u017e na z\u00e1stavke<strong> Po\u013en\u00e1<\/strong>. Zo zast\u00e1vky Po\u013en\u00e1, smerom od mesta, pokra\u010dujeme vpred. Na najbli\u017e\u0161ej kri\u017eovatke odbo\u010d\u00edme doprava a pokra\u010dujeme po ceste rovno a u\u017e neodb\u00e1\u010dame. Po pravej strane budete m\u00ed\u0148a\u0165 ve\u013ea gar\u00e1\u017e\u00ed. Budova CPP bude po \u013eavej strane.<br>Od n\u00e1kupn\u00e9ho centra Europa (Hu\u0161t\u00e1k) \u2013 z\u00e1stavka pred obchodn\u00fdm centrom, mo\u017eno \u00eds\u0165 autobusom <strong>\u010d. 24<\/strong> na kone\u010dn\u00fa <strong>Ml\u00e1de\u017en\u00edcka &#8211; oto\u010dka<\/strong> a odtia\u013e pokra\u010dujeme \u010falej po Ml\u00e1de\u017en\u00edckej ulici, tak, \u017ee gar\u00e1\u017ee budete ma\u0165 po pravej ruke, nadjazd po \u013eavej a prejdete cez men\u0161\u00ed most ponad rie\u010dku. Budova CPP bude po pravej strane.<\/p>\n\n\n\n<p><br>Oh\u013eadom dopravy v Banskej Bystrici si tie\u017e m\u00f4\u017eete pozrie\u0165 t\u00fato str\u00e1nku: <a href=\"http:\/\/imhd.sk\/bb\" target=\"_blank\" rel=\"noreferrer noopener\">IMHD mesta Bansk\u00e1 Bystrica<\/a>.<\/p>\n<\/details>\n\n\n\n<br \/>\n<iframe loading=\"lazy\" width=\"425\" height=\"350\" frameborder=\"0\" scrolling=\"no\" marginheight=\"0\" marginwidth=\"0\" src=\"https:\/\/maps.google.com\/maps?q=48.722658,19.122346&amp;num=1&amp;t=h&amp;ie=UTF8&amp;ll=48.722113,19.122605&amp;spn=0.004955,0.00912&amp;z=16&amp;output=embed\"><\/iframe>\n<\/div>\n<\/div>\n\n\n\n<p>Odborn\u00e9 slu\u017eby s\u00fa poskytovan\u00e9 na b\u00e1ze dobrovo\u013enosti, t.j. na z\u00e1klade \u00fastne alebo p\u00edsomne formulovanej dohody o vz\u00e1jomnej spolupr\u00e1ci klienta a psychol\u00f3ga alebo metodika.<\/p>\n\n\n\n<p>Dodr\u017euje sa pri tom z\u00e1sada d\u00f4vernosti poradensk\u00e9ho vz\u0165ahu a z\u00e1sada ochrany z\u00e1ujmov klienta. Snahou poradensk\u00e9ho pracovn\u00edka je z\u00edska\u0165 pre spolupr\u00e1cu v\u0161etky zainteresovan\u00e9 osoby, spom\u00ednan\u00e1 z\u00e1sada dobrovo\u013enosti v\u0161ak tieto mo\u017enosti limituje. Porad\u0148a nem\u00f4\u017ee nikoho don\u00fati\u0165 k tomu, aby sa stal jej klientom alebo aby dodr\u017eiaval poskytnut\u00e9 rady a odpor\u00fa\u010dania. Inform\u00e1cie nadobudnut\u00e9 v poradenskom vz\u0165ahu nem\u00f4\u017eu by\u0165 \u010falej roz\u0161irovan\u00e9 ani vo\u013ene poskytovan\u00e9 tret\u00edm osob\u00e1m.<\/p>\n\n\n\n<p><strong>V\u0161etky odborn\u00e9 slu\u017eby CPP s\u00fa poskytovan\u00e9 bezplatne.<\/strong><\/p>\n\n\n\n<p><\/p>\n","protected":false},"excerpt":{"rendered":"<p>Objedn\u00e1vanie klientov Riadite\u013e Podate\u013e\u0148a Ved\u00faci oddelen\u00ed PhDr. Mgr. \u013dubom\u00edr Tich\u00fdriaditel@cppbb.sk podatelna@cppbb.sk E-mailov\u00e9 adresy Uveden\u00e9 mailov\u00e9 kontakty NESL\u00da\u017dIA na objedn\u00e1vanie klientov a prihlasovanie na vy\u0161etrenie. Oddelenie poradenstva v osobnostnom, vzdel\u00e1vacom a kari\u00e9rovom v\u00fdvine pre pred\u0161kolsk\u00fd vek a z\u00e1kladn\u00e9 \u0161koly Oddelenie poradenstva v osobnostnom, vzdel\u00e1vacom a kari\u00e9rovom v\u00fdvine pre stredn\u00e9 a vysok\u00e9 \u0161koly a poradenstva soci\u00e1lneho v\u00fdvinu&#8230;<\/p>\n","protected":false},"author":1,"featured_media":0,"parent":0,"menu_order":0,"comment_status":"closed","ping_status":"closed","template":"","meta":{"footnotes":""},"class_list":["post-100","page","type-page","status-publish","hentry"],"_links":{"self":[{"href":"https:\/\/www.cpppap.svsbb.sk\/index.php?rest_route=\/wp\/v2\/pages\/100","targetHints":{"allow":["GET"]}}],"collection":[{"href":"https:\/\/www.cpppap.svsbb.sk\/index.php?rest_route=\/wp\/v2\/pages"}],"about":[{"href":"https:\/\/www.cpppap.svsbb.sk\/index.php?rest_route=\/wp\/v2\/types\/page"}],"author":[{"embeddable":true,"href":"https:\/\/www.cpppap.svsbb.sk\/index.php?rest_route=\/wp\/v2\/users\/1"}],"replies":[{"embeddable":true,"href":"https:\/\/www.cpppap.svsbb.sk\/index.php?rest_route=%2Fwp%2Fv2%2Fcomments&post=100"}],"version-history":[{"count":19,"href":"https:\/\/www.cpppap.svsbb.sk\/index.php?rest_route=\/wp\/v2\/pages\/100\/revisions"}],"predecessor-version":[{"id":1042,"href":"https:\/\/www.cpppap.svsbb.sk\/index.php?rest_route=\/wp\/v2\/pages\/100\/revisions\/1042"}],"wp:attachment":[{"href":"https:\/\/www.cpppap.svsbb.sk\/index.php?rest_route=%2Fwp%2Fv2%2Fmedia&parent=100"}],"curies":[{"name":"wp","href":"https:\/\/api.w.org\/{rel}","templated":true}]}}