{"id":1020,"date":"2026-01-22T17:41:22","date_gmt":"2026-01-22T16:41:22","guid":{"rendered":"https:\/\/www.cpppap.svsbb.sk\/?page_id=1020"},"modified":"2026-01-22T17:49:41","modified_gmt":"2026-01-22T16:49:41","slug":"objednavky-3-2-2","status":"publish","type":"page","link":"https:\/\/www.cpppap.svsbb.sk\/?page_id=1020","title":{"rendered":"Arch\u00edv: Objedn\u00e1vky \u2013 2025"},"content":{"rendered":"\n<h2 class=\"wp-block-heading\">(z\u00e1kon 546\/2010)<\/h2>\n\n\n\n<p>Objedn\u00e1vky v zmysle \u00a7 5b z\u00e1kona \u010d. 211\/2000 Z. z. v znen\u00ed neskor\u0161\u00edch zmien a doplnkov.<\/p>\n\n\n\n<table id=\"zverejnovanie\" rules=\"cols\" border=\"1\">\n        <tbody><tr class=\"row1\">\n          <td colspan=\"5\">&nbsp;<\/td>\n          <td colspan=\"3\">6. \u00dadaje o dod\u00e1vate\u013eovi<\/td>\n          <td colspan=\"2\">7. Osoba, ktor\u00e1 podp\u00edsala objedn\u00e1vku <\/td>\n        <\/tr>\n        <tr class=\"row1\">\n          <td>1. \u010c. obj.<\/td>\n          <td width=\"200\">2. Popis obj.<\/td>\n          <td>3. Suma s DPH<\/td>\n          <td>4. \u010c. zmluvy<\/td>\n          <td>5. D\u00e1tum<\/td>\n          <td>6a. N\u00e1zov<\/td>\n          <td>6b. Adresa <\/td>\n          <td>6c. I\u010cO <\/td>\n          <td>Meno a priezvisko<\/td>\n          <td>Funkcia <\/td>\n        <\/tr>\n        <!-- BEGIN LINES -->\n\n<tr><td>1<\/td><td>Servis k\u00e1vovaru DeLonghi<\/td><td align=\"right\">130,00 \u20ac<\/td><td>&nbsp;<\/td><td>13.1.2025<\/td><td>Elspo BB, s.r.o.<\/td><td>Intern\u00e1tna 24, BB<\/td><td>46130764<\/td><td>PhDr. \u013dubom\u00edr Tich\u00fd<\/td><td>riadite\u013e<\/td><\/tr>\n<tr><td>2<\/td><td>\u010cistiace, kancel\u00e1rske potreby<\/td><td align=\"right\">249,06 \u20ac<\/td><td>&nbsp;<\/td><td>22.1.2025<\/td><td>Papera s.r.o.<\/td><td>\u010cere\u0161\u0148ov\u00e1 17, BB<\/td><td>46082182<\/td><td>PhDr. \u013dubom\u00edr Tich\u00fd<\/td><td>riadite\u013e<\/td><\/tr>\n<tr><td>3<\/td><td>Superv\u00edzia<\/td><td align=\"right\">123,00 \u20ac<\/td><td>&nbsp;<\/td><td>29.1.2025<\/td><td>PhDr. Milan Zacharovsk\u00fd<\/td><td>Bystrick\u00e1 cesta 1927\/76, RK<\/td><td>37573497<\/td><td>PhDr. \u013dubom\u00edr Tich\u00fd<\/td><td>riadite\u013e<\/td><\/tr>\n<tr><td>4<\/td><td>\u010cistenie kanaliz\u00e1cie <\/td><td align=\"right\">135,30 \u20ac<\/td><td>&nbsp;<\/td><td>24.2.2025<\/td><td>Adam Krtko s.r.o.<\/td><td>Hviezdoslavova 56, BB<\/td><td>52253341<\/td><td>PhDr. \u013dubom\u00edr Tich\u00fd<\/td><td>riadite\u013e<\/td><\/tr>\n<tr><td>5<\/td><td>\u010cistiace, hyg. prostriedky<\/td><td align=\"right\">420,84 \u20ac<\/td><td>&nbsp;<\/td><td>26.2.2025<\/td><td>Papera s.r.o.<\/td><td>\u010cere\u0161\u0148ov\u00e1 17, BB<\/td><td>46082182<\/td><td>PhDr. \u013dubom\u00edr Tich\u00fd<\/td><td>riadite\u013e<\/td><\/tr>\n<tr><td>6<\/td><td>Tla\u010d dokumentov<\/td><td align=\"right\">275,63 \u20ac<\/td><td>&nbsp;<\/td><td>27.2.2025<\/td><td>RSP , ALFA s.r.o.<\/td><td>Kyjevsk\u00e9 n\u00e1mestie 2, BB<\/td><td>36644081<\/td><td>PhDr. \u013dubom\u00edr Tich\u00fd<\/td><td>riadite\u013e<\/td><\/tr>\n<tr><td>7<\/td><td>Prevent\u00edvne psych. poradenstvo<\/td><td align=\"right\">123,00 \u20ac<\/td><td>&nbsp;<\/td><td>27.2.2025<\/td><td>PhDr. Milan Zacharovsk\u00fd<\/td><td>Bystrick\u00e1 cesta 1927\/76, RK<\/td><td>37573497<\/td><td>PhDr. \u013dubom\u00edr Tich\u00fd<\/td><td>riadite\u013e<\/td><\/tr>\n<tr><td>8<\/td><td>Jed\u00e1lensk\u00e9 stoli\u010dky<\/td><td align=\"right\">239,70 \u20ac<\/td><td>&nbsp;<\/td><td>13.3.2025<\/td><td>Jysk, s. r. o.<\/td><td>\u0160olt\u00e9sovej 14, Bratislava<\/td><td>35974133<\/td><td>PhDr. \u013dubom\u00edr Tich\u00fd<\/td><td>riadite\u013e<\/td><\/tr>\n<tr><td>9<\/td><td>Yoli hracia konzola + hry<\/td><td align=\"right\">499,00 \u20ac<\/td><td>&nbsp;<\/td><td>20.3.2025<\/td><td>Unikor Trade, s. r. o.<\/td><td>Hlavn\u00e1 304\/9, \u013duboch\u0148a<\/td><td>52391990<\/td><td>PhDr. \u013dubom\u00edr Tich\u00fd<\/td><td>riadite\u013e<\/td><\/tr>\n<tr><td>10<\/td><td>Rev\u00edzia kotolne<\/td><td align=\"right\"> 360,00 \u20ac <\/td><td>&nbsp;<\/td><td>9.4.2025<\/td><td>GAMO instal s.r.o.<\/td><td>Ban\u00edcka 70, Malachov<\/td><td>36627429<\/td><td>Mgr. Anton Kalina<\/td><td>z\u00e1stupca riadite\u013ea<\/td><\/tr>\n<tr><td>11<\/td><td>Hygienick\u00e9 potreby<\/td><td align=\"right\">270,77 \u20ac<\/td><td>&nbsp;<\/td><td>16.4.2025<\/td><td>Papera s.r.o.<\/td><td>\u010cere\u0161\u0148ov\u00e1 17, BB<\/td><td>46082182<\/td><td>PhDr. \u013dubom\u00edr Tich\u00fd<\/td><td>riadite\u013e<\/td><\/tr>\n<tr><td>12<\/td><td>Informa\u010dn\u00e9 tabule<\/td><td align=\"right\">41,82 \u20ac<\/td><td>&nbsp;<\/td><td>29.4.2025<\/td><td>Artea s.r.o.<\/td><td>Skuteck\u00e9ho 30, BB<\/td><td>48254738<\/td><td>PhDr. \u013dubom\u00edr Tich\u00fd<\/td><td>riadite\u013e<\/td><\/tr>\n<tr><td>13<\/td><td>Workshop<\/td><td align=\"right\">150,00 \u20ac<\/td><td>&nbsp;<\/td><td>6.5.2025<\/td><td>PhDr. Nos\u00e1l Miroslav<\/td><td>Kr\u00e1tka 2, BB<\/td><td>40368378<\/td><td>PhDr. \u013dubom\u00edr Tich\u00fd<\/td><td>riadite\u013e<\/td><\/tr>\n<tr><td>14<\/td><td>Rev\u00edzia kom\u00ednov<\/td><td align=\"right\">100,00 \u20ac<\/td><td>&nbsp;<\/td><td>7.5.2025<\/td><td>Mu\u017ei v \u010diernom s.r.o.<\/td><td>Javorn\u00edcka 27, BB<\/td><td>52112110<\/td><td>PhDr. \u013dubom\u00edr Tich\u00fd<\/td><td>riadite\u013e<\/td><\/tr>\n<tr><td>15<\/td><td>Rev\u00edzia elektr. v plyn. kotolni<\/td><td align=\"right\">147,60 \u20ac<\/td><td>&nbsp;<\/td><td>7.5.2025<\/td><td>Ing. Bab\u010dan Adri\u00e1n<\/td><td>Pod Kalv\u00e1riou 2, BB<\/td><td>32019611<\/td><td>Mgr. Anton Kalina<\/td><td>z\u00e1stupca riadite\u013ea<\/td><\/tr>\n<tr><td>16<\/td><td>Kniha<\/td><td align=\"right\">14,83 \u20ac<\/td><td>&nbsp;<\/td><td>12.5.2025<\/td><td>Panta Rhei s.r.o.<\/td><td>K\u00fape\u013en\u00e1 2, Ve\u013ek\u00fd Meder<\/td><td>31443923<\/td><td>Mgr. Anton Kalina<\/td><td>z\u00e1stupca riadite\u013ea<\/td><\/tr>\n<tr><td>17<\/td><td>\u010cistiace, kancel\u00e1rske potreby<\/td><td align=\"right\">268,09 \u20ac<\/td><td>&nbsp;<\/td><td>20.5.2025<\/td><td>Papera s.r.o.<\/td><td>\u010cere\u0161\u0148ov\u00e1 17, BB<\/td><td>46082182<\/td><td>PhDr. \u013dubom\u00edr Tich\u00fd<\/td><td>riadite\u013e<\/td><\/tr>\n<tr><td>18<\/td><td>Tonery<\/td><td align=\"right\">376,00 \u20ac<\/td><td>&nbsp;<\/td><td>20.5.2025<\/td><td>SENDA s.r.o.<\/td><td>Kynce\u013eov\u00e1 10, Kynce\u013eov\u00e1<\/td><td>47946555<\/td><td>PhDr. \u013dubom\u00edr Tich\u00fd<\/td><td>riadite\u013e<\/td><\/tr>\n<tr><td>19<\/td><td>Pr\u00edslu\u0161enstvo k PC<\/td><td align=\"right\">125,46 \u20ac<\/td><td>&nbsp;<\/td><td>22.5.2025<\/td><td>PREMACY s.r.o.<\/td><td>Partiz\u00e1nska cesta 89, BB<\/td><td>51447274<\/td><td>PhDr. \u013dubom\u00edr Tich\u00fd<\/td><td>riadite\u013e<\/td><\/tr>\n<tr><td>20<\/td><td>Hygienick\u00e9 potreby<\/td><td align=\"right\">230,80 \u20ac<\/td><td>&nbsp;<\/td><td>24.6.2025<\/td><td>Papera s.r.o.<\/td><td>\u010cere\u0161\u0148ov\u00e1 17, BB<\/td><td>46082182<\/td><td>PhDr. \u013dubom\u00edr Tich\u00fd<\/td><td>riadite\u013e<\/td><\/tr>\n<tr><td>21<\/td><td>Servis k\u00e1vovaru DeLonghi<\/td><td align=\"right\">110,00 \u20ac<\/td><td>&nbsp;<\/td><td>2.7.2025<\/td><td>Elspo BB, s.r.o.<\/td><td>Intern\u00e1tna 24, BB<\/td><td>46130764<\/td><td>PhDr. \u013dubom\u00edr Tich\u00fd<\/td><td>riadite\u013e<\/td><\/tr>\n<tr><td>22<\/td><td>\u010cistiace, hygienick\u00e9 potreby<\/td><td align=\"right\">344,23 \u20ac<\/td><td>&nbsp;<\/td><td>4.9.2025<\/td><td>Papera s.r.o.<\/td><td>\u010cere\u0161\u0148ov\u00e1 17, BB<\/td><td>46082182<\/td><td>PhDr. \u013dubom\u00edr Tich\u00fd<\/td><td>riadite\u013e<\/td><\/tr>\n<tr><td>23<\/td><td>Kancel\u00e1rske potreby <\/td><td align=\"right\">305,32 \u20ac<\/td><td>&nbsp;<\/td><td>4.9.2025<\/td><td>Papera s.r.o.<\/td><td>\u010cere\u0161\u0148ov\u00e1 17, BB<\/td><td>46082182<\/td><td>PhDr. \u013dubom\u00edr Tich\u00fd<\/td><td>riadite\u013e<\/td><\/tr>\n<tr><td>24<\/td><td>Lamin. a transpar. f\u00f3lie<\/td><td align=\"right\"> 28,15 \u20ac <\/td><td>&nbsp;<\/td><td>13.10.2025<\/td><td>EKO TONER, s. r. o.<\/td><td>Kysuck\u00e1 cesta 3, \u017dilina<\/td><td>47689650<\/td><td>PhDr. \u013dubom\u00edr Tich\u00fd<\/td><td>riadite\u013e<\/td><\/tr>\n<tr><td>25<\/td><td>\u010cistenie kanaliz\u00e1cie <\/td><td align=\"right\"> 135,30 \u20ac <\/td><td>&nbsp;<\/td><td>22.10.2025<\/td><td>Adam Krtko s.r.o.<\/td><td>Hviezdoslavova 56, BB<\/td><td>52253341<\/td><td>PhDr. \u013dubom\u00edr Tich\u00fd<\/td><td>riadite\u013e<\/td><\/tr>\n<tr><td>26<\/td><td>\u010cistiace a hyg. potreby<\/td><td align=\"right\"> 517,41 \u20ac <\/td><td>&nbsp;<\/td><td>23.10.2025<\/td><td>Papera s.r.o.<\/td><td>\u010cere\u0161\u0148ov\u00e1 17, BB<\/td><td>46082182<\/td><td>PhDr. \u013dubom\u00edr Tich\u00fd<\/td><td>riadite\u013e<\/td><\/tr>\n<tr><td>27<\/td><td>Okn\u00e1 \u2013 kotol\u0148a<\/td><td align=\"right\"> 994,09 \u20ac <\/td><td>&nbsp;<\/td><td>30.10.2025<\/td><td>B-spol<\/td><td>Srn\u010dia 74\/3, B. \u0160tiavnica<\/td><td>40043797<\/td><td>Mgr. Anton Kalina<\/td><td>z\u00e1stupca riadite\u013ea<\/td><\/tr>\n<tr><td>28<\/td><td>PC (3 ks)<\/td><td align=\"right\"> 879,45 \u20ac <\/td><td>&nbsp;<\/td><td>30.10.2025<\/td><td>BB-IT<\/td><td>Na Karlove 25, B. Bystrica<\/td><td>47074701<\/td><td>PhDr. \u013dubom\u00edr Tich\u00fd<\/td><td>riadite\u013e<\/td><\/tr>\n<tr><td>29<\/td><td>Rev\u00edzia el. n\u00e1radia<\/td><td align=\"right\"> 79,95 \u20ac <\/td><td>&nbsp;<\/td><td>30.10.2025<\/td><td>Ing. Bab\u010dan Adri\u00e1n<\/td><td>Pod Kalv\u00e1riou 2, BB<\/td><td>32019611<\/td><td>PhDr. \u013dubom\u00edr Tich\u00fd<\/td><td>riadite\u013e<\/td><\/tr>\n<tr><td>30<\/td><td>Rev\u00edzia hasiacich pr\u00edstrojov<\/td><td align=\"right\"> 218,23 \u20ac <\/td><td>&nbsp;<\/td><td>5.11.2025<\/td><td>HASFA s.r.o.<\/td><td>Kalin\u010diakova 21, BB<\/td><td>50194038<\/td><td>PhDr. \u013dubom\u00edr Tich\u00fd<\/td><td>riadite\u013e<\/td><\/tr>\n<tr><td>31<\/td><td>Prevent\u00edvne psych. poradenstvo<\/td><td align=\"right\"> 123,00 \u20ac <\/td><td>&nbsp;<\/td><td>5.11.2025<\/td><td>PhDr. Milan Zacharovsk\u00fd<\/td><td>Bystrick\u00e1 cesta 76, Ru\u017eomberok<\/td><td>37573497<\/td><td>PhDr. \u013dubom\u00edr Tich\u00fd<\/td><td>riadite\u013e<\/td><\/tr>\n<tr><td>32<\/td><td>Tla\u010d dokumentov<\/td><td align=\"right\"> 1 346,94 \u20ac <\/td><td>&nbsp;<\/td><td>25.11.2025<\/td><td>RSP , ALFA s.r.o.<\/td><td>Kyjevsk\u00e9 n\u00e1mestie 2, BB<\/td><td>36644081<\/td><td>PhDr. \u013dubom\u00edr Tich\u00fd<\/td><td>riadite\u013e<\/td><\/tr>\n<tr><td>33<\/td><td>Servis vozidla + STK, EK<\/td><td align=\"right\">191,78 \u20ac<\/td><td>&nbsp;<\/td><td>1.12.2025<\/td><td>Lion Car, s.r.o.<\/td><td>Partiz\u00e1nska cesta 83, BB<\/td><td>36053961<\/td><td>PhDr. \u013dubom\u00edr Tich\u00fd<\/td><td>riadite\u013e<\/td><\/tr>\n<tr><td>34<\/td><td>Servis kop\u00edrky MFP Brother<\/td><td align=\"right\">131,49 \u20ac<\/td><td>&nbsp;<\/td><td>8.12.2025<\/td><td>Prime Service s.r.o.<\/td><td>Jir\u00e1skova 12, LC<\/td><td>36037451<\/td><td>PhDr. \u013dubom\u00edr Tich\u00fd<\/td><td>riadite\u013e<\/td><\/tr>\n\n\n        <!-- END LINES -->\n      <\/tbody><\/table>\n\n\n\n<p><\/p>\n","protected":false},"excerpt":{"rendered":"<p>(z\u00e1kon 546\/2010) Objedn\u00e1vky v zmysle \u00a7 5b z\u00e1kona \u010d. 211\/2000 Z. z. v znen\u00ed neskor\u0161\u00edch zmien a doplnkov. &nbsp; 6. \u00dadaje o dod\u00e1vate\u013eovi 7. Osoba, ktor\u00e1 podp\u00edsala objedn\u00e1vku 1. \u010c. obj. 2. Popis obj. 3. Suma s DPH 4. \u010c. zmluvy 5. D\u00e1tum 6a. N\u00e1zov 6b. Adresa 6c. I\u010cO Meno a priezvisko Funkcia 1 Servis&#8230;<\/p>\n","protected":false},"author":3,"featured_media":0,"parent":121,"menu_order":0,"comment_status":"closed","ping_status":"closed","template":"","meta":{"footnotes":""},"class_list":["post-1020","page","type-page","status-publish","hentry"],"_links":{"self":[{"href":"https:\/\/www.cpppap.svsbb.sk\/index.php?rest_route=\/wp\/v2\/pages\/1020","targetHints":{"allow":["GET"]}}],"collection":[{"href":"https:\/\/www.cpppap.svsbb.sk\/index.php?rest_route=\/wp\/v2\/pages"}],"about":[{"href":"https:\/\/www.cpppap.svsbb.sk\/index.php?rest_route=\/wp\/v2\/types\/page"}],"author":[{"embeddable":true,"href":"https:\/\/www.cpppap.svsbb.sk\/index.php?rest_route=\/wp\/v2\/users\/3"}],"replies":[{"embeddable":true,"href":"https:\/\/www.cpppap.svsbb.sk\/index.php?rest_route=%2Fwp%2Fv2%2Fcomments&post=1020"}],"version-history":[{"count":2,"href":"https:\/\/www.cpppap.svsbb.sk\/index.php?rest_route=\/wp\/v2\/pages\/1020\/revisions"}],"predecessor-version":[{"id":1023,"href":"https:\/\/www.cpppap.svsbb.sk\/index.php?rest_route=\/wp\/v2\/pages\/1020\/revisions\/1023"}],"up":[{"embeddable":true,"href":"https:\/\/www.cpppap.svsbb.sk\/index.php?rest_route=\/wp\/v2\/pages\/121"}],"wp:attachment":[{"href":"https:\/\/www.cpppap.svsbb.sk\/index.php?rest_route=%2Fwp%2Fv2%2Fmedia&parent=1020"}],"curies":[{"name":"wp","href":"https:\/\/api.w.org\/{rel}","templated":true}]}}