{"id":1069,"date":"2026-05-07T15:07:00","date_gmt":"2026-05-07T13:07:00","guid":{"rendered":"https:\/\/www.cpppap.svsbb.sk\/?page_id=1069"},"modified":"2026-05-07T15:18:33","modified_gmt":"2026-05-07T13:18:33","slug":"poziadavka-o-psychologicke-vysetrenie-dietata-suhlasy-s-vysetrenim-2","status":"publish","type":"page","link":"https:\/\/www.cpppap.svsbb.sk\/?page_id=1069","title":{"rendered":"Anamnestick\u00fd dotazn\u00edk"},"content":{"rendered":"\n<p>Anamnestick\u00fd dotazn\u00edk pre rodi\u010da pre potreby pos\u00fadenia \u0161kolskej sp\u00f4sobilosti:<br>&#8211; <a href=\"https:\/\/www.cpppap.svsbb.sk\/new\/wp-content\/uploads\/Anamnesticky-dotaznik-SZ.doc\">tla\u010divo\/dotazn\u00edk<\/a>, form\u00e1t DOC (114kB)<\/p>\n\n\n\n<p><\/p>\n","protected":false},"excerpt":{"rendered":"<p>Anamnestick\u00fd dotazn\u00edk pre rodi\u010da pre potreby pos\u00fadenia \u0161kolskej sp\u00f4sobilosti:&#8211; tla\u010divo\/dotazn\u00edk, form\u00e1t DOC (114kB)<\/p>\n","protected":false},"author":3,"featured_media":0,"parent":0,"menu_order":0,"comment_status":"closed","ping_status":"closed","template":"","meta":{"footnotes":""},"class_list":["post-1069","page","type-page","status-publish","hentry"],"_links":{"self":[{"href":"https:\/\/www.cpppap.svsbb.sk\/index.php?rest_route=\/wp\/v2\/pages\/1069","targetHints":{"allow":["GET"]}}],"collection":[{"href":"https:\/\/www.cpppap.svsbb.sk\/index.php?rest_route=\/wp\/v2\/pages"}],"about":[{"href":"https:\/\/www.cpppap.svsbb.sk\/index.php?rest_route=\/wp\/v2\/types\/page"}],"author":[{"embeddable":true,"href":"https:\/\/www.cpppap.svsbb.sk\/index.php?rest_route=\/wp\/v2\/users\/3"}],"replies":[{"embeddable":true,"href":"https:\/\/www.cpppap.svsbb.sk\/index.php?rest_route=%2Fwp%2Fv2%2Fcomments&post=1069"}],"version-history":[{"count":2,"href":"https:\/\/www.cpppap.svsbb.sk\/index.php?rest_route=\/wp\/v2\/pages\/1069\/revisions"}],"predecessor-version":[{"id":1074,"href":"https:\/\/www.cpppap.svsbb.sk\/index.php?rest_route=\/wp\/v2\/pages\/1069\/revisions\/1074"}],"wp:attachment":[{"href":"https:\/\/www.cpppap.svsbb.sk\/index.php?rest_route=%2Fwp%2Fv2%2Fmedia&parent=1069"}],"curies":[{"name":"wp","href":"https:\/\/api.w.org\/{rel}","templated":true}]}}