{"id":107,"date":"2024-07-26T22:00:05","date_gmt":"2024-07-26T20:00:05","guid":{"rendered":"http:\/\/www.cpppap.svsbb.sk\/new\/?page_id=107"},"modified":"2024-07-27T15:05:58","modified_gmt":"2024-07-27T13:05:58","slug":"zverejnovanie","status":"publish","type":"page","link":"https:\/\/www.cpppap.svsbb.sk\/?page_id=107","title":{"rendered":"Zverej\u0148ovanie"},"content":{"rendered":"\n<h2 class=\"wp-block-heading\">Obsah<\/h2>\n\n\n\n<div class=\"wp-block-columns is-layout-flex wp-container-core-columns-is-layout-9d6595d7 wp-block-columns-is-layout-flex\">\n<div class=\"wp-block-column is-layout-flow wp-block-column-is-layout-flow\" style=\"flex-basis:66.66%\">\n<ol class=\"wp-block-list\">\n<li><a href=\"http:\/\/www.cpppap.svsbb.sk\/new\/?page_id=186\" data-type=\"page\" data-id=\"186\">Fakt\u00fary<\/a> &#8211; (z\u00e1kon 546\/2010)<\/li>\n\n\n\n<li><a href=\"http:\/\/www.cpppap.svsbb.sk\/new\/?page_id=121\" data-type=\"page\" data-id=\"121\">Objedn\u00e1vky<\/a> &#8211; (z\u00e1kon 546\/2010)<\/li>\n\n\n\n<li><a href=\"http:\/\/www.cpppap.svsbb.sk\/new\/?page_id=222\" data-type=\"page\" data-id=\"222\">Spr\u00e1vy o z\u00e1kazk\u00e1ch s n\u00edzkou hodnotou<\/a> &#8211; (\u00a7 102, z\u00e1kona \u010d. 25\/2006 Z.z. o VO)<\/li>\n\n\n\n<li><a href=\"http:\/\/www.cpppap.svsbb.sk\/new\/?page_id=219\" data-type=\"page\" data-id=\"219\">Vo\u013en\u00e9 pracovn\u00e9 miesta<\/a> &#8211; (\u00a7 11a, z\u00e1kon 317\/2009 Z. z.)<\/li>\n\n\n\n<li><a href=\"http:\/\/www.cpppap.svsbb.sk\/new\/?page_id=218\" data-type=\"page\" data-id=\"218\">Zmluvy<\/a> &#8211; (z\u00e1kon 546\/2010)<\/li>\n<\/ol>\n<\/div>\n<\/div>\n\n\n\n<p><\/p>\n","protected":false},"excerpt":{"rendered":"<p>Obsah<\/p>\n","protected":false},"author":1,"featured_media":0,"parent":0,"menu_order":0,"comment_status":"closed","ping_status":"closed","template":"","meta":{"footnotes":""},"class_list":["post-107","page","type-page","status-publish","hentry"],"_links":{"self":[{"href":"https:\/\/www.cpppap.svsbb.sk\/index.php?rest_route=\/wp\/v2\/pages\/107","targetHints":{"allow":["GET"]}}],"collection":[{"href":"https:\/\/www.cpppap.svsbb.sk\/index.php?rest_route=\/wp\/v2\/pages"}],"about":[{"href":"https:\/\/www.cpppap.svsbb.sk\/index.php?rest_route=\/wp\/v2\/types\/page"}],"author":[{"embeddable":true,"href":"https:\/\/www.cpppap.svsbb.sk\/index.php?rest_route=\/wp\/v2\/users\/1"}],"replies":[{"embeddable":true,"href":"https:\/\/www.cpppap.svsbb.sk\/index.php?rest_route=%2Fwp%2Fv2%2Fcomments&post=107"}],"version-history":[{"count":4,"href":"https:\/\/www.cpppap.svsbb.sk\/index.php?rest_route=\/wp\/v2\/pages\/107\/revisions"}],"predecessor-version":[{"id":259,"href":"https:\/\/www.cpppap.svsbb.sk\/index.php?rest_route=\/wp\/v2\/pages\/107\/revisions\/259"}],"wp:attachment":[{"href":"https:\/\/www.cpppap.svsbb.sk\/index.php?rest_route=%2Fwp%2Fv2%2Fmedia&parent=107"}],"curies":[{"name":"wp","href":"https:\/\/api.w.org\/{rel}","templated":true}]}}