{"id":110,"date":"2024-07-26T22:17:30","date_gmt":"2024-07-26T20:17:30","guid":{"rendered":"http:\/\/www.cpppap.svsbb.sk\/new\/?page_id=110"},"modified":"2024-07-27T16:21:36","modified_gmt":"2024-07-27T14:21:36","slug":"archiv-objednavky-2","status":"publish","type":"page","link":"https:\/\/www.cpppap.svsbb.sk\/?page_id=110","title":{"rendered":"Arch\u00edv: Objedn\u00e1vky &#8211; 2011"},"content":{"rendered":"\n<h2 class=\"wp-block-heading\">(z\u00e1kon 546\/2010)<\/h2>\n\n\n\n<p>Objedn\u00e1vky v zmysle \u00a7 5b z\u00e1kona \u010d. 211\/2000 Z. z. v znen\u00ed neskor\u0161\u00edch zmien a doplnkov.<\/p>\n\n\n\n<table id=\"zverejnovanie\" rules=\"cols\" border=\"1\">\n        <tbody><tr class=\"row1\">\n          <td>\u010c\u00edslo<\/td>\n          <td>N\u00e1zov<\/td>\n          <td>Typ<\/td>\n          <td>Ve\u013ekos\u0165<\/td>\n          <td>Cena \u20ac<\/td>\n          <td>Pridan\u00e9 d\u0148a<\/td>\n        <\/tr>\n        <tr>\n          <td>1.<\/td>\n          <td><a class=\"pdf_icon\" href=\"..\/..\/download\/documents\/archiv\/Ob_01_2011_Kancelarske_potreby.pdf\" target=\"_blank\" rel=\"noopener\">Ob_01_2011_Kancel\u00e1rske potreby<\/a><\/td>\n          <td>pdf<\/td>\n          <td>36 kb<\/td>\n          <td>167,85<\/td>\n          <td>25. 01. 2011<\/td>\n        <\/tr>\n        <tr>\n          <td>2.<\/td>\n          <td><a class=\"pdf_icon\" href=\"..\/..\/download\/documents\/archiv\/Ob_02_2011_Prva_pomoc.pdf\" target=\"_blank\" rel=\"noopener\">Ob_02_2011_Prv\u00e1_pomoc<\/a><\/td>\n          <td>pdf<\/td>\n          <td>37 kb<\/td>\n          <td>15,00<\/td>\n          <td>25. 01. 2011 <\/td>\n        <\/tr>\n        <tr>\n          <td>3.<\/td>\n          <td><a class=\"pdf_icon\" href=\"..\/..\/download\/documents\/archiv\/Ob_03_2011_Zakazove_tabule.pdf\" target=\"_blank\" rel=\"noopener\">Ob_03_2011_Z\u00e1kazov\u00e9_tabule<\/a><\/td>\n          <td>pdf<\/td>\n          <td>38 kb<\/td>\n          <td>62,40<\/td>\n          <td>27. 01. 2011<\/td>\n        <\/tr>\n        <tr>\n          <td>4.<\/td>\n          <td><a class=\"pdf_icon\" href=\"..\/..\/download\/documents\/archiv\/Ob_04_2011_Vypocet_emisii_2010.pdf\" target=\"_blank\" rel=\"noopener\">Ob_04_2011_V\u00fdpo\u010det_emisi\u00ed_2010<\/a><\/td>\n          <td>pdf<\/td>\n          <td>49 kb<\/td>\n          <td>neudan\u00e1<\/td>\n          <td>28. 01. 2011<\/td>\n        <\/tr>\n        <tr>\n          <td>5.<\/td>\n          <td><a class=\"pdf_icon\" href=\"..\/..\/download\/documents\/archiv\/Ob_05_2011_Stravne_kupony.pdf\" target=\"_blank\" rel=\"noopener\">Ob_05_2011_Stravn\u00e9_kup\u00f3ny<\/a><\/td>\n          <td>pdf<\/td>\n          <td>37 kb<\/td>\n          <td>780,00<\/td>\n          <td>01. 02. 2011<\/td>\n        <\/tr>\n        <tr>\n          <td>6.<\/td>\n          <td><a class=\"pdf_icon\" href=\"..\/..\/download\/documents\/archiv\/Ob_06_2011_Hygienicke_potreby.pdf\" target=\"_blank\" rel=\"noopener\">Ob_06_2011_Hygienicke_potreby<\/a><\/td>\n          <td>pdf<\/td>\n          <td>31 kb<\/td>\n          <td>92,88*<\/td>\n          <td>01. 02. 2011<\/td>\n        <\/tr>\n        <tr>\n          <td>8.<\/td>\n          <td><a class=\"pdf_icon\" href=\"..\/..\/download\/documents\/archiv\/Ob_08_2011_Naplne_na_tekute_mydlo.pdf\" target=\"_blank\" rel=\"noopener\">Ob_08_2011_N\u00e1plne_na_tekut\u00e9_mydlo<\/a><\/td>\n          <td>pdf<\/td>\n          <td>31 kb<\/td>\n          <td>8,42*<\/td>\n          <td>20. 02. 2011<\/td>\n        <\/tr>\n        <tr>\n          <td>9.<\/td>\n          <td><a class=\"pdf_icon\" href=\"..\/..\/download\/documents\/archiv\/Ob_09_2011_Toner_mys_klaves_Zero.pdf\" target=\"_blank\" rel=\"noopener\">Ob_09_2011_Toner_my\u0161_kl\u00e1ves_Zero<\/a><\/td>\n          <td>pdf<\/td>\n          <td>32 kb<\/td>\n          <td>82,80<\/td>\n          <td>05. 03. 2011<\/td>\n        <\/tr>\n        <tr>\n          <td>10.<\/td>\n          <td><a class=\"pdf_icon\" href=\"..\/..\/download\/documents\/archiv\/Ob_10_2011_Jedalne_kupony.pdf\" target=\"_blank\" rel=\"noopener\">Ob_10_2011_Jed\u00e1lne_kup\u00f3ny<\/a><\/td>\n          <td>pdf<\/td>\n          <td>31 kb<\/td>\n          <td>900,00<\/td>\n          <td>05. 03. 2011<\/td>\n        <\/tr>\n        <tr>\n          <td>11.<\/td>\n          <td><a class=\"pdf_icon\" href=\"..\/..\/download\/documents\/archiv\/Ob_11_2011_Verejna_sprava.pdf\" target=\"_blank\" rel=\"noopener\">Ob_11_2011_Verejn\u00e1_sprava<\/a><\/td>\n          <td>pdf<\/td>\n          <td>37 kb<\/td>\n          <td>66,80<\/td>\n          <td>05. 03. 2011<\/td>\n        <\/tr>\n        <tr>\n          <td>12.<\/td>\n          <td><a class=\"pdf_icon\" href=\"..\/..\/download\/documents\/archiv\/Ob_12_2011_Revizia_bleskozvodov.pdf\" target=\"_blank\" rel=\"noopener\">Ob_12_2011_Rev\u00edzia_bleskozvodov<\/a><\/td>\n          <td>pdf<\/td>\n          <td>37 kb<\/td>\n          <td>780,00<\/td>\n          <td>05. 03. 2011<\/td>\n        <\/tr>\n        <tr>\n          <td>13.<\/td>\n          <td><a class=\"pdf_icon\" href=\"..\/..\/download\/documents\/archiv\/Ob_13_2011_Kancelarsky_papier.pdf\" target=\"_blank\" rel=\"noopener\">Ob_13_2011_Kancel\u00e1rsky_papier<\/a><\/td>\n          <td>pdf<\/td>\n          <td>37 kb<\/td>\n          <td>63,00<\/td>\n          <td>15. 03. 2011<\/td>\n        <\/tr>\n        <tr>\n          <td>14.<\/td>\n          <td><a class=\"pdf_icon\" href=\"..\/..\/download\/documents\/archiv\/Ob_14_2011_Jedalne_kupony.pdf\" target=\"_blank\" rel=\"noopener\">Ob_14_2011_Jed\u00e1lne_kup\u00f3ny<\/a><\/td>\n          <td>pdf<\/td>\n          <td>31 kb<\/td>\n          <td>660,00<\/td>\n          <td>06. 04. 2011<\/td>\n        <\/tr>\n        <tr>\n          <td>15.<\/td>\n          <td><a class=\"pdf_icon\" href=\"..\/..\/download\/documents\/archiv\/Ob_15_2011_Oprava_bleskozvodov.pdf\" target=\"_blank\" rel=\"noopener\">Ob_15_2011_Oprava_bleskozvodov<\/a><\/td>\n          <td>pdf<\/td>\n          <td>40 kb<\/td>\n          <td>cena neudan\u00e1<\/td>\n          <td>06. 04. 2011<\/td>\n        <\/tr>\n        <tr>\n          <td>16.<\/td>\n          <td><a class=\"pdf_icon\" href=\"..\/..\/download\/documents\/archiv\/Ob_16_2011_oprava_mot_vozidla.pdf\" target=\"_blank\" rel=\"noopener\">Ob_16_2011_oprava_mot_vozidla<\/a><\/td>\n          <td>pdf<\/td>\n          <td>37 kb<\/td>\n          <td>cena neudan\u00e1<\/td>\n          <td>06. 04. 2011<\/td>\n        <\/tr>\n        <tr>\n          <td>17.<\/td>\n          <td><a class=\"pdf_icon\" href=\"..\/..\/download\/documents\/archiv\/Ob_17_2011_tonery.pdf\" target=\"_blank\" rel=\"noopener\">Ob_17_2011_t\u00f3nery<\/a><\/td>\n          <td>pdf<\/td>\n          <td>31 kb<\/td>\n          <td>142,06*<\/td>\n          <td>06. 04. 2011<\/td>\n        <\/tr>\n        <tr>\n          <td>18.<\/td>\n          <td><a class=\"pdf_icon\" href=\"..\/..\/download\/documents\/archiv\/Ob_18_2011_Hygienicke_potreby.pdf\" target=\"_blank\" rel=\"noopener\">Ob_18_2011_Hygienick\u00e9_potreby<\/a><\/td>\n          <td>pdf<\/td>\n          <td>32 kb<\/td>\n          <td>92,88*<\/td>\n          <td>14. 04. 2011<\/td>\n        <\/tr>\n        <tr>\n          <td>19.<\/td>\n          <td><a class=\"pdf_icon\" href=\"..\/..\/download\/documents\/archiv\/Ob_19_2011_Oprava_PC.pdf\" target=\"_blank\" rel=\"noopener\">Ob_19_2011_Oprava_PC<\/a><\/td>\n          <td>pdf<\/td>\n          <td>32 kb<\/td>\n          <td>bez udania ceny<\/td>\n          <td>14. 04. 2011<\/td>\n        <\/tr>\n        <tr>\n          <td>20.<\/td>\n          <td><a class=\"pdf_icon\" href=\"..\/..\/download\/documents\/archiv\/Ob_20_2011_Cistiace_prostriedky.pdf\" target=\"_blank\" rel=\"noopener\">Ob_20_2011_\u010cistiace_prostriedky<\/a><\/td>\n          <td>pdf<\/td>\n          <td>32 kb<\/td>\n          <td>29,05<\/td>\n          <td>20. 04. 2011<\/td>\n        <\/tr>\n        <tr>\n          <td>21.<\/td>\n          <td><a class=\"pdf_icon\" href=\"..\/..\/download\/documents\/archiv\/Ob_21_2011_servis_ustredne.pdf\" target=\"_blank\" rel=\"noopener\">Ob_21_2011_servis_\u00fastredne.pdf<\/a><\/td>\n          <td>pdf<\/td>\n          <td>31 kb<\/td>\n          <td>bez udania ceny<\/td>\n          <td>29. 04. 2011<\/td>\n        <\/tr>\n        <tr>\n          <td colspan=\"6\">* Cena je bez DPH<\/td>\n        <\/tr>\n      <\/tbody><\/table>\n\n\n\n<p><\/p>\n","protected":false},"excerpt":{"rendered":"<p>(z\u00e1kon 546\/2010) Objedn\u00e1vky v zmysle \u00a7 5b z\u00e1kona \u010d. 211\/2000 Z. z. v znen\u00ed neskor\u0161\u00edch zmien a doplnkov. \u010c\u00edslo N\u00e1zov Typ Ve\u013ekos\u0165 Cena \u20ac Pridan\u00e9 d\u0148a 1. Ob_01_2011_Kancel\u00e1rske potreby pdf 36 kb 167,85 25. 01. 2011 2. Ob_02_2011_Prv\u00e1_pomoc pdf 37 kb 15,00 25. 01. 2011 3. Ob_03_2011_Z\u00e1kazov\u00e9_tabule pdf 38 kb 62,40 27. 01. 2011 4&#8230;.<\/p>\n","protected":false},"author":1,"featured_media":0,"parent":121,"menu_order":0,"comment_status":"closed","ping_status":"closed","template":"","meta":{"footnotes":""},"class_list":["post-110","page","type-page","status-publish","hentry"],"_links":{"self":[{"href":"https:\/\/www.cpppap.svsbb.sk\/index.php?rest_route=\/wp\/v2\/pages\/110","targetHints":{"allow":["GET"]}}],"collection":[{"href":"https:\/\/www.cpppap.svsbb.sk\/index.php?rest_route=\/wp\/v2\/pages"}],"about":[{"href":"https:\/\/www.cpppap.svsbb.sk\/index.php?rest_route=\/wp\/v2\/types\/page"}],"author":[{"embeddable":true,"href":"https:\/\/www.cpppap.svsbb.sk\/index.php?rest_route=\/wp\/v2\/users\/1"}],"replies":[{"embeddable":true,"href":"https:\/\/www.cpppap.svsbb.sk\/index.php?rest_route=%2Fwp%2Fv2%2Fcomments&post=110"}],"version-history":[{"count":7,"href":"https:\/\/www.cpppap.svsbb.sk\/index.php?rest_route=\/wp\/v2\/pages\/110\/revisions"}],"predecessor-version":[{"id":295,"href":"https:\/\/www.cpppap.svsbb.sk\/index.php?rest_route=\/wp\/v2\/pages\/110\/revisions\/295"}],"up":[{"embeddable":true,"href":"https:\/\/www.cpppap.svsbb.sk\/index.php?rest_route=\/wp\/v2\/pages\/121"}],"wp:attachment":[{"href":"https:\/\/www.cpppap.svsbb.sk\/index.php?rest_route=%2Fwp%2Fv2%2Fmedia&parent=110"}],"curies":[{"name":"wp","href":"https:\/\/api.w.org\/{rel}","templated":true}]}}