{"id":12,"date":"2024-07-24T14:07:36","date_gmt":"2024-07-24T12:07:36","guid":{"rendered":"http:\/\/www.cpppap.svsbb.sk\/new\/?page_id=12"},"modified":"2024-07-24T14:14:06","modified_gmt":"2024-07-24T12:14:06","slug":"centrum-poradenstva-a-prevencie","status":"publish","type":"page","link":"https:\/\/www.cpppap.svsbb.sk\/","title":{"rendered":"Hlavn\u00e1 str\u00e1nka"},"content":{"rendered":"\n<div class=\"wp-block-columns is-layout-flex wp-container-core-columns-is-layout-9d6595d7 wp-block-columns-is-layout-flex\">\n<div class=\"wp-block-column is-layout-flow wp-block-column-is-layout-flow\"><div class=\"wp-block-image\">\n<figure class=\"aligncenter size-large is-resized\"><img decoding=\"async\" src=\"http:\/\/www.cpppap.svsbb.sk\/download\/plagaty\/publicitaa.png\" alt=\"\" style=\"width:563px;height:auto\"\/><\/figure>\n<\/div><\/div>\n<\/div>\n\n\n\n<div class=\"wp-block-group has-small-font-size\"><div class=\"wp-block-group__inner-container is-layout-constrained wp-block-group-is-layout-constrained\">\n<div class=\"wp-block-group\" style=\"font-size:16px\"><div class=\"wp-block-group__inner-container is-layout-constrained wp-block-group-is-layout-constrained\">\n<p style=\"font-size:16px\">1. <strong>Z\u00c1KLADN\u00dd R\u00c1MEC P\u00d4SOBNOSTI<\/strong><\/p>\n\n\n\n<p style=\"font-size:16px\"><strong>A. Zria\u010fovacia listina<\/strong><\/p>\n\n\n\n<p style=\"font-size:16px\">Pod\u013ea \u00a7 11 ods. 3 z\u00e1kona NR \u010d. 245\/2008 Z. z. o v\u00fdchove a vzdel\u00e1van\u00ed (\u0161kolsk\u00fd z\u00e1kon) a o zmene a doplnen\u00ed niektor\u00fdch z\u00e1konov sa vyd\u00e1va organiza\u010dn\u00fd poriadok Centra poradenstva a prevencie v Banskej Bystrici, Ml\u00e1de\u017en\u00edcka 34 \u2013 \u010falej len \u201eCPP\u201c.<\/p>\n\n\n\n<p>Zriadenie organiz\u00e1cie sa preukazuje zria\u010fovacou listinou \u010d. 1766\/1996-O\u0160aK, ktor\u00fa vydal Krajsk\u00fd \u00farad v Banskej Bystrici d\u0148a 16. 8. 1996 v znen\u00ed neskor\u0161\u00edch dodatkov a doplnkov \u010d. 2750\/1997-O\u0160 zo d\u0148a 7.11.1997, \u010d. 4\/2004\/76 zo d\u0148a 2.1.2004 a \u010d. \u010d. 1766\/1996-O\u0160aK zo d\u0148a 16.8.1996.<\/p>\n\n\n\n<p>Zria\u010fovacia listina a dodatky s\u00fa ulo\u017een\u00e9 u riadite\u013ea centra.<\/p>\n\n\n\n<p><strong>B. Pr\u00e1vna kontinuita<\/strong><\/p>\n\n\n\n<p>Teraj\u0161ie Centrum poradenstva a prevencie bolo zriaden\u00e9 pod\u013ea \u00a7 9, ods. 2 z\u00e1kona 65\/1960 Zb. o N\u00e1rodn\u00fdch v\u00fdboroch uznesen\u00edm Stredoslovensk\u00e9ho Krajsk\u00e9ho n\u00e1rodn\u00e9ho v\u00fdboru \u010d. 18 zo d\u0148a 26. 1. 1966 pod n\u00e1zvom Krajsk\u00e1 psychologicko-v\u00fdchovn\u00e1 klinika a Stredisko pre vo\u013ebu povolania.<\/p>\n\n\n\n<p>Z\u00e1konom \u010d. 79\/1978 Zb. zo d\u0148a 27. 6. 1978 o \u0161t\u00e1tnej spr\u00e1ve v \u0161kolstve bolo v zmysle \u00a7 11ods. 2, p\u00eds. tohto z\u00e1kona premenovan\u00e9 na Krajsk\u00fa pedagogicko-psychologick\u00fa porad\u0148u.<\/p>\n\n\n\n<p>V zmysle \u00a7 5 z\u00e1kona \u010d. 542 zo d\u0148a 26. 11. 1990 p\u00f4sobilo ako Pedagogicko-psychologick\u00e1 porad\u0148a pre stredn\u00e9 \u0161koly, pri\u010dom 12. 4. 1996 dostalo zo \u0160kolskej spr\u00e1vy II v Banskej Bystrici zria\u010fovaciu listinu \u010d. 692\/96 ako Pedagogicko-psychologick\u00e1 porad\u0148a, samostatn\u00e1 rozpo\u010dtov\u00e1 organiz\u00e1cia v zmysle u\u017e spom\u00ednan\u00e9ho z\u00e1kona \u010d.542\/1990 ako aj z\u00e1kona \u010d.279 zo d\u0148a 21.10. 1993.<\/p>\n\n\n\n<p>D\u0148a 16. 8. 1996 dostalo nov\u00fa zria\u010fovaciu listinu \u010d. 1766\/1996-O\u0160aK z Krajsk\u00e9ho \u00faradu v Banskej Bystrici v zmysle \u010dl\u00e1nku XXIII, \u00a7 4, ods. 2, bodu 3 z\u00e1kona NR SR \u010d. 222\/1996 ako Pedagogicko-psychologick\u00e1 porad\u0148a ako samostatn\u00e1 rozpo\u010dtov\u00e1 organiz\u00e1cia. K tejto zria\u010fovacej listine bol d\u0148a 7. 11. 1997 vyhotoven\u00fd Doplnok \u010d. 1 \u010d\u00edslo 2750\/1997-O\u0160, ktor\u00fdm sa n\u00e1zov zariadenia men\u00ed na Krajsk\u00e1 pedagogicko-psychologick\u00e1 porad\u0148a. D\u0148a 2.1.2004 bol na KPPP doru\u010den\u00fd Doplnok k zria\u010fovacej listine \u010d. 4\/2004\/76 v ktorom s \u00fa\u010dinnos\u0165ou od 1. janu\u00e1ra 2004 je zria\u010fovate\u013eom organiz\u00e1cie Krajsk\u00fd \u0161kolsk\u00fd \u00farad v Banskej Bystrici. D\u0148a 27.8.2008 bol na KPPP doru\u010den\u00fd Dodatok k zria\u010fovacej listine \u010d. 1766\/1996-O\u0160aK ktor\u00fdm sa men\u00ed n\u00e1zov na Centrum pedagogicko-psychologick\u00e9ho poradenstva a prevencie \u2013 CPPPaP s \u00fa\u010dinnos\u0165ou od 1.9.2008. D\u0148a 03.01.2022 bol vydan\u00fd Dodatok \u010d. 6 k zria\u010fovacej listine, kde v zmysle z\u00e1kona \u010d. 271\/2021 Z. z., ktor\u00fdm sa men\u00ed a dop\u013a\u0148a z\u00e1kon \u010d. 596\/2003 Z. z. o \u0161t\u00e1tnej spr\u00e1ve v \u0161kolstve a \u0161kolskej samospr\u00e1ve a o zmene a doplnen\u00ed niektor\u00fdch z\u00e1konov v znen\u00ed neskor\u0161\u00edch predpisov a ktor\u00fdm sa menia dop\u013a\u0148aj\u00fa niektor\u00e9 z\u00e1kony sa s \u00fa\u010dinnos\u0165ou od 1. janu\u00e1ra 2022 sa zmenil zria\u010fovate\u013e na Region\u00e1lny \u00farad \u0161kolskej spr\u00e1vy v Banskej Bystrici. N\u00e1sledne Dodatok \u010d. 7 k zria\u010fovacej listine zo d\u0148a 13.12.2022 zmenil s \u00fa\u010dinnos\u0165ou od 1.1.2023 zmenu n\u00e1zvu na: Centrum poradenstva a prevencie, Ml\u00e1de\u017en\u00edcka 34, Bansk\u00e1 Bystrica a ako s\u00fa\u010das\u0165 zariadenia: Elokovan\u00e9 pracovisko , J\u00e1na Koll\u00e1ra 55, Bansk\u00e1 Bystrica. Taktie\u017e je v \u0148om zadefinovan\u00fd predmet \u010dinnosti CPP pod\u013ea platnej legislat\u00edvy s \u00fa\u010dinnos\u0165ou od 1.1.2023.<\/p>\n\n\n\n<p><strong>C. Z\u00e1konn\u00fd r\u00e1mec p\u00f4sobnosti<\/strong><\/p>\n\n\n\n<p>P\u00f4sobnos\u0165 CPP v Banskej Bystrici vymedzuje \u0161tat\u00fat a nasleduj\u00face z\u00e1kony a vyhl\u00e1\u0161ky:<\/p>\n\n\n\n<ol start=\"NaN\" style=\"list-style-type:lower-alpha\" class=\"wp-block-list\">\n<li>Z\u00e1kon NR SR \u010d. 245\/2008 Z. z. o v\u00fdchove a vzdel\u00e1van\u00ed (\u0161kolsk\u00fd z\u00e1kon) a o zmene a doplnen\u00ed niektor\u00fdch z\u00e1konov<\/li>\n\n\n\n<li>Z\u00e1kon \u010d. 138\/2019 Z. z. o pedagogick\u00fdch zamestnancoch a odborn\u00fdch zamestnancoch a o zmene a doplnen\u00ed niektor\u00fdch z\u00e1konov<\/li>\n\n\n\n<li>Z\u00e1kon NR SR \u010d. 596\/2003 Z. z. o \u0161t\u00e1tnej spr\u00e1ve v \u0161kolstve a \u0161kolskej samospr\u00e1ve v znen\u00ed neskor\u0161\u00edch noviel.<\/li>\n\n\n\n<li>Z\u00e1kon NR SR \u010d. 552\/2003 Z. z. o v\u00fdkone pr\u00e1ce vo verejnom z\u00e1ujme a z\u00e1kon \u010d. 553\/2003 Z. z. o odme\u0148ovan\u00ed niektor\u00fdch zamestnancov pri v\u00fdkone pr\u00e1ce vo verejnom z\u00e1ujme a o zmene a doplnen\u00ed niektor\u00fdch z\u00e1konov.<\/li>\n\n\n\n<li>Vyhl\u00e1\u0161ka M\u0160VVa\u0160 SR \u010d. 24\/2022 Z. z. o zariadeniach poradenstva a prevencie.<\/li>\n\n\n\n<li>Vyhl\u00e1\u0161ka M\u0160VVa\u0160 SR ktorou sa ustanovuj\u00fa kvalifika\u010dn\u00e9 predpoklady a osobitn\u00e9 kvalifika\u010dn\u00e9 po\u017eiadavky pre jednotliv\u00e9 kateg\u00f3rie pedagogick\u00fdch zamestnancov a odborn\u00fdch zamestnancov \u010d. 1\/2020.<\/li>\n<\/ol>\n\n\n\n<p><strong>D. Okruh p\u00f4sobnosti a \u00fazemn\u00e1 p\u00f4sobnos\u0165<\/strong><\/p>\n\n\n\n<p>1. Centrum poradenstva a prevencie Bansk\u00e1 Bystrica vykon\u00e1va odborn\u00fa \u010dinnos\u0165, ktorou je poradensk\u00e1 \u010dinnos\u0165, psychologick\u00e1 \u010dinnos\u0165, pedagogick\u00e1 \u010dinnos\u0165, \u0161peci\u00e1lno-pedagogick\u00e1 \u010dinnos\u0165, logopedick\u00e1 \u010dinnos\u0165, lie\u010debno-pedagogick\u00e1 \u010dinnos\u0165 a soci\u00e1lno-pedagogick\u00e1 \u010dinnos\u0165 zameran\u00e1 na optimaliz\u00e1ciu v\u00fdchovn\u00e9ho, vzdel\u00e1vacieho, psychick\u00e9ho, soci\u00e1lneho a kari\u00e9rov\u00e9ho v\u00fdvinu det\u00ed od narodenia a\u017e po ukon\u010denie pr\u00edpravy na povolanie. Poskytuje \u010dinnosti podpornej \u00farovne tretieho a \u0161tvrt\u00e9ho stup\u0148a (v zmysle \u00a7 130 a \u00a7 131 z\u00e1kona \u010d. 245\/2008 Z. z. o v\u00fdchove a vzdel\u00e1van\u00ed, \u010falej len \u201e\u0161kolsk\u00fd z\u00e1kon\u201c).<\/p>\n\n\n\n<p>\u010cinnosti podpornej \u00farovne tretieho stup\u0148a vykon\u00e1va odborn\u00fd zamestnanec centra poradenstva a prevencie. \u010cinnosti podpornej \u00farovne tretieho stup\u0148a zah\u0155\u0148aj\u00fa:<\/p>\n\n\n\n<ol start=\"NaN\" style=\"list-style-type:lower-alpha\" class=\"wp-block-list\">\n<li>z\u00e1kladn\u00fa diagnostiku, \u010diastkov\u00fa diagnostiku alebo komplexn\u00fa diagnostiku,<\/li>\n\n\n\n<li>poradenstvo,<\/li>\n\n\n\n<li>prevenciu,<\/li>\n\n\n\n<li>intervenciu,<\/li>\n\n\n\n<li>kr\u00edzov\u00fa intervenciu,<\/li>\n\n\n\n<li>terapiu,<\/li>\n\n\n\n<li>rehabilit\u00e1ciu a reeduk\u00e1ciu,<\/li>\n\n\n\n<li>metodick\u00fa \u010dinnos\u0165 a superv\u00edznu \u010dinnos\u0165 pre \u0161kolsk\u00fd podporn\u00fd t\u00edm, pedagogick\u00fdch zamestnancov, odborn\u00fdch zamestnancov a z\u00e1konn\u00fdch z\u00e1stupcov alebo z\u00e1stupcov zariadenia.<\/li>\n<\/ol>\n\n\n\n<p>\u010cinnosti podpornej \u00farovne \u0161tvrt\u00e9ho stup\u0148a vykon\u00e1va odborn\u00fd zamestnanec centra poradenstva a prevencie, nadv\u00e4zuj\u00fa na \u010dinnosti podpornej \u00farovne tretieho stup\u0148a a dop\u013a\u0148aj\u00fa komplexn\u00fa multidisciplin\u00e1rnu starostlivos\u0165 v r\u00e1mci centra poradenstva a prevencie. \u010cinnosti podpornej \u00farovne \u0161tvrt\u00e9ho stup\u0148a zah\u0155\u0148aj\u00fa:<\/p>\n\n\n\n<ol start=\"NaN\" style=\"list-style-type:lower-alpha\" class=\"wp-block-list\">\n<li>\u0161pecializovan\u00e9 odborn\u00e9 \u010dinnosti,<\/li>\n\n\n\n<li>poradenstvo,<\/li>\n\n\n\n<li>prevenciu,<\/li>\n\n\n\n<li>\u0161pecializovan\u00fa diagnostiku, komplexn\u00fa diagnostiku a diferenci\u00e1lnu diagnostiku,<\/li>\n\n\n\n<li>terapiu,<\/li>\n\n\n\n<li>rehabilit\u00e1ciu a reeduk\u00e1ciu,<\/li>\n\n\n\n<li>zabezpe\u010dovanie kompenza\u010dn\u00fdch, reeduka\u010dn\u00fdch a \u0161peci\u00e1lnych eduka\u010dn\u00fdch pom\u00f4cok,<\/li>\n\n\n\n<li>metodick\u00fa \u010dinnos\u0165 a superv\u00edznu \u010dinnos\u0165 pre \u0161kolsk\u00fd podporn\u00fd t\u00edm, pedagogick\u00fdch zamestnancov, odborn\u00fdch zamestnancov a z\u00e1konn\u00fdch z\u00e1stupcov alebo z\u00e1stupcov zariadenia.<\/li>\n<\/ol>\n\n\n\n<p>2. Subjekty syst\u00e9mu poradenstva a prevencie vr\u00e1tane CPP multidisciplin\u00e1rne spolupracuj\u00fa najm\u00e4 so z\u00e1konn\u00fdmi z\u00e1stupcami, z\u00e1stupcami zariadenia, \u0161kolami, zamestn\u00e1vate\u013emi, org\u00e1nmi verejnej spr\u00e1vy a \u010fal\u0161\u00edmi subjektami, ktor\u00e9 sa zaoberaj\u00fa v\u00fdchovou a vzdel\u00e1van\u00edm.<\/p>\n\n\n\n<p>3. Centrum poradenstva a prevencie poskytuje \u010dinnosti podpornej \u00farovne tretieho stup\u0148a a \u0161tvrt\u00e9ho stup\u0148a de\u0165om a \u017eiakom najm\u00e4 v oblasti ich osobnostn\u00e9ho, vzdel\u00e1vacieho a kari\u00e9rov\u00e9ho rozvoja.<\/p>\n\n\n\n<p>4. \u00dazemn\u00e1 p\u00f4sobnos\u0165 CPP B. Bystrica je \u00fazemie banskobystrick\u00e9ho kraja.<\/p>\n\n\n\n<p>5. V zmysle Vyhl\u00e1\u0161ky \u010d. 24\/2022 Z. z. o zariadeniach poradenstva a prevencie centrum poradenstva a prevencie vykon\u00e1va odborn\u00fa \u010dinnos\u0165 pre:<\/p>\n\n\n\n<ol class=\"wp-block-list\">\n<li>deti od narodenia do prijatia na predprim\u00e1rne vzdel\u00e1vanie,<\/li>\n\n\n\n<li>deti, \u017eiakov a \u0161tudentov od prijatia na predprim\u00e1rne vzdel\u00e1vanie do ukon\u010denia s\u00fastavnej pr\u00edpravy na povolanie,<\/li>\n\n\n\n<li>rodi\u010dov alebo in\u00fa fyzick\u00fa osobu ne\u017e rodi\u010da, ktor\u00e1 m\u00e1 neplnolet\u00e9 die\u0165a pod\u013ea p\u00edsmena a) alebo p\u00edsmena b) zveren\u00e9 do osobnej starostlivosti rozhodnut\u00edm s\u00fadu (\u010falej len \u201ez\u00e1konn\u00fd z\u00e1stupca\u201c),<\/li>\n\n\n\n<li>z\u00e1stupcu zariadenia, v ktorom neplnolet\u00e9 die\u0165a pod\u013ea p\u00edsmena a) alebo p\u00edsmena b) vykon\u00e1va rozhodnutie s\u00fadu o nariaden\u00ed \u00fastavnej starostlivosti, rozhodnutie s\u00fadu o ulo\u017een\u00ed neodkladn\u00e9ho opatrenia, rozhodnutie s\u00fadu o nariaden\u00ed v\u00fdchovn\u00e9ho opatrenia alebo rozhodnutie s\u00fadu o ulo\u017een\u00ed ochrannej v\u00fdchovy, v\u00fdkon v\u00e4zby alebo v\u00fdkon trestu od\u0148atia slobody (\u010falej len \u201ez\u00e1stupca zariadenia\u201c),<\/li>\n\n\n\n<li>poru\u010dn\u00edka neplnolet\u00e9ho die\u0165a\u0165a pod\u013ea p\u00edsmena a) alebo p\u00edsmena b),<\/li>\n\n\n\n<li>\u0161kolsk\u00fd podporn\u00fd t\u00edm, pedagogick\u00fdch zamestnancov a odborn\u00fdch zamestnancov \u0161k\u00f4l, \u0161kolsk\u00fdch zariaden\u00ed a zariaden\u00ed soci\u00e1lnopr\u00e1vnej ochrany det\u00ed a soci\u00e1lnej kurately vr\u00e1tane metodickej \u010dinnosti a superv\u00edznej \u010dinnosti.<\/li>\n<\/ol>\n<\/div><\/div>\n<\/div><\/div>\n\n\n\n<p><\/p>\n","protected":false},"excerpt":{"rendered":"<p>1. Z\u00c1KLADN\u00dd R\u00c1MEC P\u00d4SOBNOSTI A. Zria\u010fovacia listina Pod\u013ea \u00a7 11 ods. 3 z\u00e1kona NR \u010d. 245\/2008 Z. z. o v\u00fdchove a vzdel\u00e1van\u00ed (\u0161kolsk\u00fd z\u00e1kon) a o zmene a doplnen\u00ed niektor\u00fdch z\u00e1konov sa vyd\u00e1va organiza\u010dn\u00fd poriadok Centra poradenstva a prevencie v Banskej Bystrici, Ml\u00e1de\u017en\u00edcka 34 \u2013 \u010falej len \u201eCPP\u201c. Zriadenie organiz\u00e1cie sa preukazuje zria\u010fovacou listinou \u010d&#8230;.<\/p>\n","protected":false},"author":1,"featured_media":0,"parent":0,"menu_order":0,"comment_status":"closed","ping_status":"closed","template":"","meta":{"footnotes":""},"class_list":["post-12","page","type-page","status-publish","hentry"],"_links":{"self":[{"href":"https:\/\/www.cpppap.svsbb.sk\/index.php?rest_route=\/wp\/v2\/pages\/12","targetHints":{"allow":["GET"]}}],"collection":[{"href":"https:\/\/www.cpppap.svsbb.sk\/index.php?rest_route=\/wp\/v2\/pages"}],"about":[{"href":"https:\/\/www.cpppap.svsbb.sk\/index.php?rest_route=\/wp\/v2\/types\/page"}],"author":[{"embeddable":true,"href":"https:\/\/www.cpppap.svsbb.sk\/index.php?rest_route=\/wp\/v2\/users\/1"}],"replies":[{"embeddable":true,"href":"https:\/\/www.cpppap.svsbb.sk\/index.php?rest_route=%2Fwp%2Fv2%2Fcomments&post=12"}],"version-history":[{"count":10,"href":"https:\/\/www.cpppap.svsbb.sk\/index.php?rest_route=\/wp\/v2\/pages\/12\/revisions"}],"predecessor-version":[{"id":25,"href":"https:\/\/www.cpppap.svsbb.sk\/index.php?rest_route=\/wp\/v2\/pages\/12\/revisions\/25"}],"wp:attachment":[{"href":"https:\/\/www.cpppap.svsbb.sk\/index.php?rest_route=%2Fwp%2Fv2%2Fmedia&parent=12"}],"curies":[{"name":"wp","href":"https:\/\/api.w.org\/{rel}","templated":true}]}}