{"id":161,"date":"2024-07-27T14:19:12","date_gmt":"2024-07-27T12:19:12","guid":{"rendered":"http:\/\/www.cpppap.svsbb.sk\/new\/?page_id=161"},"modified":"2024-07-27T16:21:38","modified_gmt":"2024-07-27T14:21:38","slug":"archiv-objednavky-3","status":"publish","type":"page","link":"https:\/\/www.cpppap.svsbb.sk\/?page_id=161","title":{"rendered":"Arch\u00edv: Objedn\u00e1vky &#8211; 2013"},"content":{"rendered":"\n<h2 class=\"wp-block-heading\">(z\u00e1kon 546\/2010)<\/h2>\n\n\n\n<p>Objedn\u00e1vky v zmysle \u00a7 5b z\u00e1kona \u010d. 211\/2000 Z. z. v znen\u00ed neskor\u0161\u00edch zmien a doplnkov.<\/p>\n\n\n\n<table id=\"zverejnovanie\" rules=\"cols\" border=\"1\">\n        <tbody><tr class=\"row1\">\n          <td colspan=\"5\">&nbsp;<\/td>\n          <td colspan=\"3\">6. \u00dadaje o dod\u00e1vate\u013eovi<\/td>\n          <td colspan=\"2\">7. Osoba, ktor\u00e1 podp\u00edsala objedn\u00e1vku <\/td>\n        <\/tr>\n        <tr class=\"row1\">\n          <td>1. \u010c. obj.<\/td>\n          <td>2. Popis obj.<\/td>\n          <td>3. Suma s DPH<\/td>\n          <td>4. \u010c. zmluvy<\/td>\n          <td>5. D\u00e1tum<\/td>\n          <td>6a. N\u00e1zov<\/td>\n          <td>6b. Adresa <\/td>\n          <td>6c. I\u010cO <\/td>\n          <td>Meno a priezvisko<\/td>\n          <td>Funkcia <\/td>\n        <\/tr>\n        <!-- BEGIN LINES -->\n        <tr><td>1.<\/td><td>Jed\u00e1lne kup\u00f3ny<\/td><td align=\"right\">788.40 \u20ac<\/td><td>&nbsp;<\/td><td>1\/7\/2013<\/td><td>Le cheque d\u00e9jeuner<\/td><td>Tom\u00e1\u0161ikova 23\/D, BA<\/td><td>31396674<\/td><td>PhDr. \u013dubom\u00edr Tich\u00fd<\/td><td>riadite\u013e<\/td><\/tr><tr><td>2.<\/td><td>Toner<\/td><td align=\"right\">39.43 \u20ac<\/td><td>&nbsp;<\/td><td>1\/10\/2013<\/td><td>Ren\u00e9 Gab\u010do, R.G.COPY<\/td><td>Nosice II\/199, P\u00fachov<\/td><td>34749951<\/td><td>PhDr. \u013dubom\u00edr Tich\u00fd<\/td><td>riadite\u013e<\/td><\/tr><tr><td>3.<\/td><td>V\u00fdpo\u010det v\u00fd\u0161ky poplatkov emisi\u00ed na r.2013<\/td><td align=\"right\">116.40 \u20ac<\/td><td>&nbsp;<\/td><td>1\/16\/2013<\/td><td>Pavol Styk-Servis<\/td><td>Ru\u017eov\u00e1 9, BB<\/td><td>36040436<\/td><td>Mgr. Zuzana Vencelov\u00e1<\/td><td>z\u00e1stupca riadite\u013ea<\/td><\/tr><tr><td>4.<\/td><td>Sklen\u00e1 v\u00fdpl\u0148 plastov\u00e9ho okna<\/td><td align=\"right\">59.44 \u20ac<\/td><td>&nbsp;<\/td><td>1\/17\/2013<\/td><td>MZ Trade s.r.o.<\/td><td>Priemyseln\u00e1 1, Ladomersk\u00e1 Vieska<\/td><td>36633046<\/td><td>PhDr. \u013dubom\u00edr Tich\u00fd<\/td><td>riadite\u013e<\/td><\/tr><tr><td>5.<\/td><td>Jed\u00e1lne kup\u00f3ny<\/td><td align=\"right\">668.40 \u20ac<\/td><td>&nbsp;<\/td><td>2\/4\/2013<\/td><td>Le cheque d\u00e9jeuner<\/td><td>Tom\u00e1\u0161ikova 23\/D, BA<\/td><td>31396674<\/td><td>PhDr. \u013dubom\u00edr Tich\u00fd<\/td><td>riadite\u013e<\/td><\/tr><tr><td>6.<\/td><td>Vlo\u017eky Gege+kl\u00fa\u010de<\/td><td align=\"right\">88.49 \u20ac<\/td><td>&nbsp;<\/td><td>2\/8\/2013<\/td><td>PROFIL-Ing.Morav\u010d\u00edk<\/td><td>Nedeck\u00e9ho 2, BB<\/td><td>32019092<\/td><td>PhDr. \u013dubom\u00edr Tich\u00fd<\/td><td>riadite\u013e<\/td><\/tr><tr><td>7.<\/td><td>Servis kop\u00edrky <\/td><td align=\"right\">27.48 \u20ac<\/td><td>&nbsp;<\/td><td>2\/18\/2013<\/td><td>Ren\u00e9 Gab\u010do, R.G.COPY<\/td><td>Nosice II\/199, P\u00fachov<\/td><td>34749951<\/td><td>PhDr. \u013dubom\u00edr Tich\u00fd<\/td><td>riadite\u013e<\/td><\/tr><tr><td>8.<\/td><td>\u010cistiace prostriedky <\/td><td align=\"right\">119.75 \u20ac<\/td><td>&nbsp;<\/td><td>2\/21\/2013<\/td><td>Papera, s.r.o.<\/td><td>\u010cere\u0161\u0148ov\u00e1 17, BB<\/td><td>46082182<\/td><td>PhDr. \u013dubom\u00edr Tich\u00fd<\/td><td>riadite\u013e<\/td><\/tr><tr><td>9.<\/td><td>Jed\u00e1lne kup\u00f3ny<\/td><td align=\"right\">788.40 \u20ac<\/td><td>&nbsp;<\/td><td>2\/22\/2013<\/td><td>Le cheque d\u00e9jeuner<\/td><td>Tom\u00e1\u0161ikova 23\/D, BA<\/td><td>31396674<\/td><td>PhDr. \u013dubom\u00edr Tich\u00fd<\/td><td>riadite\u013e<\/td><\/tr><tr><td>10.<\/td><td>Kancel\u00e1rsky papier<\/td><td align=\"right\">71.70 \u20ac<\/td><td>&nbsp;<\/td><td>3\/12\/2013<\/td><td>Papera, s.r.o.<\/td><td>\u010cere\u0161\u0148ov\u00e1 17, BB<\/td><td>46082182<\/td><td>PhDr. \u013dubom\u00edr Tich\u00fd<\/td><td>riadite\u013e<\/td><\/tr><tr><td>11.<\/td><td>Jed\u00e1lne kup\u00f3ny<\/td><td align=\"right\">770.40 \u20ac<\/td><td>&nbsp;<\/td><td>3\/28\/2013<\/td><td>Le cheque d\u00e9jeuner<\/td><td>Tom\u00e1\u0161ikova 23\/D, BA<\/td><td>31396674<\/td><td>PhDr. \u013dubom\u00edr Tich\u00fd<\/td><td>riadite\u013e<\/td><\/tr><tr><td>12.<\/td><td>Prevent\u00edvne psychologick\u00e9 poradenstvo<\/td><td align=\"right\">50.00 \u20ac<\/td><td>&nbsp;<\/td><td>4\/17\/2013<\/td><td>PhDr. \u017dilin\u010d\u00edk Juraj<\/td><td>Tatransk\u00e1 59, BB<\/td><td>40168301<\/td><td>PhDr. \u013dubom\u00edr Tich\u00fd<\/td><td>riadite\u013e<\/td><\/tr><tr><td>13.<\/td><td>Rev\u00edzia plynovej kotolne<\/td><td align=\"right\"><\/td><td>&nbsp;<\/td><td>4\/22\/2013<\/td><td>Gamo-Instal s.r.o.<\/td><td>Ban\u00edcka 70, Malachov<\/td><td>36627429<\/td><td>PhDr. \u013dubom\u00edr Tich\u00fd<\/td><td>riadite\u013e<\/td><\/tr><tr><td>14.<\/td><td>Kontrola kom\u00ednov<\/td><td align=\"right\">79.27 \u20ac<\/td><td>&nbsp;<\/td><td>4\/22\/2013<\/td><td>Rausa s.r.o.<\/td><td>Dru\u017eby 4, BB<\/td><td>33760365<\/td><td>PhDr. \u013dubom\u00edr Tich\u00fd<\/td><td>riadite\u013e<\/td><\/tr><tr><td>15.<\/td><td>K\u013eakosed<\/td><td align=\"right\">65.00 \u20ac<\/td><td>&nbsp;<\/td><td>4\/25\/2013<\/td><td>Tempo Kondela <\/td><td>Cesta na \u0161tadi\u00f3n 7, BB<\/td><td>36409154<\/td><td>PhDr. \u013dubom\u00edr Tich\u00fd<\/td><td>riadite\u013e<\/td><\/tr><tr><td>16.<\/td><td>Hygienick\u00e9 potreby<\/td><td align=\"right\">114.91 \u20ac<\/td><td>&nbsp;<\/td><td>4\/26\/2013<\/td><td>LYNNE SK, s.r.o.<\/td><td>Kvetinov\u00e1 14, BB<\/td><td>36642681<\/td><td>PhDr. \u013dubom\u00edr Tich\u00fd<\/td><td>riadite\u013e<\/td><\/tr><tr><td>17.<\/td><td>\u010cistiace prostriedky <\/td><td align=\"right\">114.41 \u20ac<\/td><td>&nbsp;<\/td><td>4\/26\/2013<\/td><td>Papera, s.r.o.<\/td><td>\u010cere\u0161\u0148ov\u00e1 17, BB<\/td><td>46082182<\/td><td>PhDr. \u013dubom\u00edr Tich\u00fd<\/td><td>riadite\u013e<\/td><\/tr><tr><td>18.<\/td><td>Jed\u00e1lne kup\u00f3ny<\/td><td align=\"right\">758.40 \u20ac<\/td><td>&nbsp;<\/td><td>4\/29\/2013<\/td><td>Le cheque d\u00e9jeuner<\/td><td>Tom\u00e1\u0161ikova 23\/D, BA<\/td><td>31396674<\/td><td>PhDr. \u013dubom\u00edr Tich\u00fd<\/td><td>riadite\u013e<\/td><\/tr><tr><td>19.<\/td><td>Informa\u010dn\u00e1 tabu\u013ea<\/td><td align=\"right\">57.60 \u20ac<\/td><td>&nbsp;<\/td><td>5\/2\/2013<\/td><td>Arcus reklama, s.r.o.<\/td><td>Kremni\u010dka 47\/A, BB<\/td><td>36625663<\/td><td>PhDr. \u013dubom\u00edr Tich\u00fd<\/td><td>riadite\u013e<\/td><\/tr><tr><td>20.<\/td><td>Pr\u00edslu\u0161enstvo ku kosa\u010dke<\/td><td align=\"right\">165.20 \u20ac<\/td><td>&nbsp;<\/td><td>5\/14\/2013<\/td><td>Predos-BB, s.r.o.<\/td><td>Kremni\u010dka 8, BB<\/td><td>36625086<\/td><td>Mgr. Zuzana Vencelov\u00e1<\/td><td>z\u00e1stupca riadite\u013ea<\/td><\/tr><tr><td>21.<\/td><td>Jed\u00e1lne kup\u00f3ny<\/td><td align=\"right\">656.40 \u20ac<\/td><td>&nbsp;<\/td><td>5\/31\/2013<\/td><td>Le cheque d\u00e9jeuner<\/td><td>Tom\u00e1\u0161ikova 23\/D, BA<\/td><td>31396674<\/td><td>PhDr. \u013dubom\u00edr Tich\u00fd<\/td><td>riadite\u013e<\/td><\/tr><tr><td>22.<\/td><td>Rev\u00edzia EZS<\/td><td align=\"right\">442.92 \u20ac<\/td><td>&nbsp;<\/td><td>6\/10\/2013<\/td><td>Kelcom International s.r.o.<\/td><td>Na Trosk\u00e1ch 12, BB<\/td><td>31564020<\/td><td>PhDr. \u013dubom\u00edr Tich\u00fd<\/td><td>riadite\u013e<\/td><\/tr><tr><td>23.<\/td><td>Archiva\u010dn\u00e9 krabice<\/td><td align=\"right\">39.42 \u20ac<\/td><td>&nbsp;<\/td><td>6\/11\/2013<\/td><td>Papera, s.r.o.<\/td><td>\u010cere\u0161\u0148ov\u00e1 17, BB<\/td><td>46082182<\/td><td>PhDr. \u013dubom\u00edr Tich\u00fd<\/td><td>riadite\u013e<\/td><\/tr><tr><td>24.<\/td><td>Kontajner<\/td><td align=\"right\">315.50 \u20ac<\/td><td>&nbsp;<\/td><td>6\/20\/2013<\/td><td>Iceko s.r.o.<\/td><td>Mi\u010dinsk\u00e1 cesta 35, BB<\/td><td>36031488<\/td><td>PhDr. \u013dubom\u00edr Tich\u00fd<\/td><td>riadite\u013e<\/td><\/tr><tr><td>25.<\/td><td>\u010cistiace prostriedky <\/td><td align=\"right\">44.18 \u20ac<\/td><td>&nbsp;<\/td><td>6\/20\/2013<\/td><td>Papera, s.r.o.<\/td><td>\u010cere\u0161\u0148ov\u00e1 17, BB<\/td><td>46082182<\/td><td>PhDr. \u013dubom\u00edr Tich\u00fd<\/td><td>riadite\u013e<\/td><\/tr><tr><td>26.<\/td><td>Jed\u00e1lne kup\u00f3ny<\/td><td align=\"right\">698.40 \u20ac<\/td><td>&nbsp;<\/td><td>6\/26\/2013<\/td><td>Le cheque d\u00e9jeuner<\/td><td>Tom\u00e1\u0161ikova 23\/D, BA<\/td><td>31396674<\/td><td>PhDr. \u013dubom\u00edr Tich\u00fd<\/td><td>riadite\u013e<\/td><\/tr><tr><td>27.<\/td><td>Kancel\u00e1rsky papier<\/td><td align=\"right\">74.70 \u20ac<\/td><td>&nbsp;<\/td><td>7\/2\/2013<\/td><td>Papera, s.r.o.<\/td><td>\u010cere\u0161\u0148ov\u00e1 17, BB<\/td><td>46082182<\/td><td>PhDr. \u013dubom\u00edr Tich\u00fd<\/td><td>riadite\u013e<\/td><\/tr><tr><td>28. <\/td><td>Servis PC<\/td><td align=\"right\">40.01 \u20ac<\/td><td>&nbsp;<\/td><td>7\/15\/2013<\/td><td>Zero BB, spol. s r. o.<\/td><td>Bakossova 56, BB<\/td><td>36638498<\/td><td>PhDr. \u013dubom\u00edr Tich\u00fd<\/td><td>riadite\u013e<\/td><\/tr><tr><td>29.<\/td><td>Jed\u00e1lne kup\u00f3ny<\/td><td align=\"right\">608.40 \u20ac<\/td><td>&nbsp;<\/td><td>8\/2\/2013<\/td><td>Le cheque d\u00e9jeuner<\/td><td>Tom\u00e1\u0161ikova 23\/D, BA<\/td><td>31396674<\/td><td>Mgr. Zuzana Vencelov\u00e1<\/td><td>z\u00e1stupca riadite\u013ea<\/td><\/tr><tr><td>30.<\/td><td>Servis krovinorezu<\/td><td align=\"right\">42.00 \u20ac<\/td><td>&nbsp;<\/td><td>8\/7\/2013<\/td><td>Predos-BB, s.r.o.<\/td><td>Kremni\u010dka 8, BB<\/td><td>36625086<\/td><td>Mgr. Zuzana Vencelov\u00e1<\/td><td>z\u00e1stupca riadite\u013ea<\/td><\/tr><tr><td>31.<\/td><td>Knihy 2 ks<\/td><td align=\"right\">16.72 \u20ac<\/td><td>&nbsp;<\/td><td>8\/7\/2013<\/td><td>Iura-Edition s.r.o.<\/td><td>Mlynsk\u00e9 nivy 48, BA<\/td><td>31348262<\/td><td>Mgr. Zuzana Vencelov\u00e1<\/td><td>z\u00e1stupca riadite\u013ea<\/td><\/tr><tr><td>32.<\/td><td>Jed\u00e1lne kup\u00f3ny<\/td><td align=\"right\">818.40 \u20ac<\/td><td>&nbsp;<\/td><td>9\/2\/2013<\/td><td>Le cheque d\u00e9jeuner<\/td><td>Tom\u00e1\u0161ikova 23\/D, BA<\/td><td>31396674<\/td><td>PhDr. \u013dubom\u00edr Tich\u00fd<\/td><td>riadite\u013e<\/td><\/tr><tr><td>33.<\/td><td>\u010cistiace prostriedky <\/td><td align=\"right\">110.47 \u20ac<\/td><td>&nbsp;<\/td><td>9\/3\/2013<\/td><td>Papera, s.r.o.<\/td><td>\u010cere\u0161\u0148ov\u00e1 17, BB<\/td><td>46082182<\/td><td>PhDr. \u013dubom\u00edr Tich\u00fd<\/td><td>riadite\u013e<\/td><\/tr><tr><td>34.<\/td><td>Hygienick\u00e9 potreby<\/td><td align=\"right\">82.37 \u20ac<\/td><td>&nbsp;<\/td><td>9\/12\/2013<\/td><td>LYNNE SK, s.r.o.<\/td><td>Kvetinov\u00e1 14, BB<\/td><td>36642681<\/td><td>PhDr. \u013dubom\u00edr Tich\u00fd<\/td><td>riadite\u013e<\/td><\/tr><tr><td>35.<\/td><td>Jed\u00e1lne kup\u00f3ny<\/td><td align=\"right\">776.40 \u20ac<\/td><td>&nbsp;<\/td><td>10\/1\/2013<\/td><td>Le cheque d\u00e9jeuner<\/td><td>Tom\u00e1\u0161ikova 23\/D, BA<\/td><td>31396674<\/td><td>PhDr. \u013dubom\u00edr Tich\u00fd<\/td><td>riadite\u013e<\/td><\/tr><tr><td>36.<\/td><td>Superv\u00edzia<\/td><td align=\"right\">66.00 \u20ac<\/td><td>&nbsp;<\/td><td>10\/3\/2013<\/td><td>PhDr. \u017dilin\u010d\u00edk Juraj<\/td><td>Tatransk\u00e1 59, BB<\/td><td>40168301<\/td><td>PhDr. \u013dubom\u00edr Tich\u00fd<\/td><td>riadite\u013e<\/td><\/tr><tr><td>37.<\/td><td>Kancel\u00e1rske potreby<\/td><td align=\"right\">161.10 \u20ac<\/td><td>&nbsp;<\/td><td>10\/11\/2013<\/td><td>Papera, s.r.o.<\/td><td>\u010cere\u0161\u0148ov\u00e1 17, BB<\/td><td>46082182<\/td><td>PhDr. \u013dubom\u00edr Tich\u00fd<\/td><td>riadite\u013e<\/td><\/tr><tr><td>38.<\/td><td>Kancel\u00e1rske potreby<\/td><td align=\"right\">122.50 \u20ac<\/td><td>&nbsp;<\/td><td>10\/11\/2013<\/td><td>\u0160evt a.s.<\/td><td>Plyn\u00e1rensk\u00e1 6, BA<\/td><td>31331131<\/td><td>PhDr. \u013dubom\u00edr Tich\u00fd<\/td><td>riadite\u013e<\/td><\/tr><tr><td>39.<\/td><td>Tonery<\/td><td align=\"right\">53.28 \u20ac<\/td><td>&nbsp;<\/td><td>10\/16\/2013<\/td><td>Epicom shop s.r.o.<\/td><td>N\u00e1m. SNP 13\/13, BB<\/td><td>46530916<\/td><td>PhDr. \u013dubom\u00edr Tich\u00fd<\/td><td>riadite\u013e<\/td><\/tr><tr><td>40.<\/td><td>Sc\u00e9notest<\/td><td align=\"right\">92.50 \u20ac<\/td><td>&nbsp;<\/td><td>10\/16\/2013<\/td><td>Psychoprof s.r.o.<\/td><td>Sl\u00e1dkovi\u010dova 7, NZ<\/td><td>34132988<\/td><td>PhDr. \u013dubom\u00edr Tich\u00fd<\/td><td>riadite\u013e<\/td><\/tr><tr><td>41.<\/td><td>Rev\u00edzia hydrantov<\/td><td align=\"right\">&nbsp;<\/td><td>&nbsp;<\/td><td>11\/4\/2013<\/td><td>Miromax s.r.o.<\/td><td>Zvolensk\u00e1 cesta 133, BB<\/td><td>31609058<\/td><td>PhDr. \u013dubom\u00edr Tich\u00fd<\/td><td>riadite\u013e<\/td><\/tr><tr><td>42.<\/td><td>Rev\u00edzia kom\u00ednov<\/td><td align=\"right\">79.27 \u20ac<\/td><td>&nbsp;<\/td><td>11\/4\/2013<\/td><td>Rausa s.r.o.<\/td><td>Dru\u017eby 4, BB<\/td><td>33760365<\/td><td>PhDr. \u013dubom\u00edr Tich\u00fd<\/td><td>riadite\u013e<\/td><\/tr><tr><td>43.<\/td><td>Jed\u00e1lne kup\u00f3ny<\/td><td align=\"right\">674.40 \u20ac<\/td><td>&nbsp;<\/td><td>11\/14\/2013<\/td><td>Le cheque d\u00e9jeuner<\/td><td>Tom\u00e1\u0161ikova 23\/D, BA<\/td><td>31396674<\/td><td>PhDr. \u013dubom\u00edr Tich\u00fd<\/td><td>riadite\u013e<\/td><\/tr><tr><td>44.<\/td><td>\u010cistiace prostriedky <\/td><td align=\"right\">120.99 \u20ac<\/td><td>&nbsp;<\/td><td>11\/15\/2013<\/td><td>Papera, s.r.o.<\/td><td>\u010cere\u0161\u0148ov\u00e1 17, BB<\/td><td>46082182<\/td><td>PhDr. \u013dubom\u00edr Tich\u00fd<\/td><td>riadite\u013e<\/td><\/tr><tr><td>45.<\/td><td>Vodoin\u0161tal.materi\u00e1l<\/td><td align=\"right\">138,19 \u20ac<\/td><td>&nbsp;<\/td><td>28.11.2013<\/td><td>TOVA s.r.o.<\/td><td>Staromyjav. 19, Myjava<\/td><td>30998492<\/td><td>PhDr. \u013dubom\u00edr Tich\u00fd<\/td><td>riadite\u013e<\/td><\/tr><tr><td>46.<\/td><td>Hygienick\u00e9 potreby<\/td><td align=\"right\">114,91 \u20ac<\/td><td>&nbsp;<\/td><td>28.11.2013<\/td><td>LYNNE SK, s.r.o.<\/td><td>Kvetinov\u00e1 14, BB<\/td><td>36642681<\/td><td>PhDr. \u013dubom\u00edr Tich\u00fd<\/td><td>riadite\u013e<\/td><\/tr><tr><td>47.<\/td><td>Spolo\u010densk\u00e9 hry<\/td><td align=\"right\">44,97 \u20ac<\/td><td>&nbsp;<\/td><td>28.11.2013<\/td><td>Dr\u00e1\u010dik &#8211; Divi s.r.o.<\/td><td>Gajova 13, BA<\/td><td>46118985<\/td><td>PhDr. \u013dubom\u00edr Tich\u00fd<\/td><td>riadite\u013e<\/td><\/tr><tr><td>48.<\/td><td>Tonery<\/td><td align=\"right\">302,00 \u20ac<\/td><td>&nbsp;<\/td><td>28.11.2013<\/td><td>Zero BB, spol. s r. o.<\/td><td>Bakossova 56, BB<\/td><td>36638498<\/td><td>PhDr. \u013dubom\u00edr Tich\u00fd<\/td><td>riadite\u013e<\/td><\/tr><tr><td>49.<\/td><td>Kancel\u00e1rske potreby<\/td><td align=\"right\">70,98 \u20ac<\/td><td>&nbsp;<\/td><td>28.11.2013<\/td><td>Papera, s.r.o.<\/td><td>\u010cere\u0161\u0148ov\u00e1 17, BB<\/td><td>46082182<\/td><td>PhDr. \u013dubom\u00edr Tich\u00fd<\/td><td>riadite\u013e<\/td><\/tr><tr><td>50.<\/td><td>Filtre do vys\u00e1va\u010dov<\/td><td align=\"right\">53,98 \u20ac<\/td><td>&nbsp;<\/td><td>28.11.2013<\/td><td>NAY Elektrodom<\/td><td>Zvolensk\u00e1 cesta 8, BB<\/td><td>35739487<\/td><td>PhDr. \u013dubom\u00edr Tich\u00fd<\/td><td>riadite\u013e<\/td><\/tr><tr><td>51.<\/td><td>Kancel\u00e1rske potreby<\/td><td align=\"right\">72,17 \u20ac<\/td><td>&nbsp;<\/td><td>29.11.2013<\/td><td>\u0160evt a.s.<\/td><td>Plyn\u00e1rensk\u00e1 6, BA<\/td><td>31331131<\/td><td>PhDr. \u013dubom\u00edr Tich\u00fd<\/td><td>riadite\u013e<\/td><\/tr><tr><td>52.<\/td><td>Polystyr\u00e9n, duvilax<\/td><td align=\"right\">26,07 \u20ac<\/td><td>&nbsp;<\/td><td>29.11.2013<\/td><td>Baumax<\/td><td>Hodon\u00ednska 25, BA<\/td><td>31384978<\/td><td>PhDr. \u013dubom\u00edr Tich\u00fd<\/td><td>riadite\u013e<\/td><\/tr><tr><td>53.<\/td><td>Kancel\u00e1rske potreby<\/td><td align=\"right\">60,82 \u20ac<\/td><td>&nbsp;<\/td><td>03.12.2013<\/td><td>Papera, s.r.o.<\/td><td>\u010cere\u0161\u0148ov\u00e1 17, BB<\/td><td>46082182<\/td><td>PhDr. \u013dubom\u00edr Tich\u00fd<\/td><td>riadite\u013e<\/td><\/tr><tr><td>54.<\/td><td>Superv\u00edzia<\/td><td align=\"right\">66,00 \u20ac<\/td><td>&nbsp;<\/td><td>03.12.2013<\/td><td>PhDr. \u017dilin\u010d\u00edk Juraj<\/td><td>Tatransk\u00e1 59, BB<\/td><td>40168301<\/td><td>PhDr. \u013dubom\u00edr Tich\u00fd<\/td><td>riadite\u013e<\/td><\/tr><tr><td>55.<\/td><td>Jed\u00e1lne kup\u00f3ny<\/td><td align=\"right\">563,40 \u20ac<\/td><td>&nbsp;<\/td><td>04.12.2013<\/td><td>Le cheque d\u00e9jeuner<\/td><td>Tom\u00e1\u0161ikova 23\/D, BA<\/td><td>31396674<\/td><td>PhDr. \u013dubom\u00edr Tich\u00fd<\/td><td>riadite\u013e<\/td><\/tr><tr><td>56.<\/td><td>Stol\u00edky<\/td><td align=\"right\">161.28 \u20ac<\/td><td>&nbsp;<\/td><td>12\/13\/2013<\/td><td>MY DVA Slovakia s.r.o.<\/td><td>Lama\u010dsk\u00e1 cesta 45, BA<\/td><td>35937548<\/td><td>PhDr. \u013dubom\u00edr Tich\u00fd<\/td><td>riadite\u013e<\/td><\/tr><tr><td>57.<\/td><td>Plastov\u00e9 stoli\u010dky<\/td><td align=\"right\">386.40 \u20ac<\/td><td>&nbsp;<\/td><td>12\/13\/2013<\/td><td>AJ Produkty a.s.<\/td><td>Galvaniho 7\/B, BA<\/td><td>36268518<\/td><td>PhDr. \u013dubom\u00edr Tich\u00fd<\/td><td>riadite\u013e<\/td><\/tr><tr><td>58.<\/td><td>Kovov\u00e9 kartot\u00e9ky<\/td><td align=\"right\">446.16 \u20ac<\/td><td>&nbsp;<\/td><td>12\/19\/2013<\/td><td>Kovotyp s.r.o.<\/td><td>\u013danov\u00e1 8, BA<\/td><td>35808705<\/td><td>PhDr. \u013dubom\u00edr Tich\u00fd<\/td><td>riadite\u013e<\/td><\/tr>\n        <!-- END LINES -->\n      <\/tbody><\/table>\n\n\n\n<p><\/p>\n","protected":false},"excerpt":{"rendered":"<p>(z\u00e1kon 546\/2010) Objedn\u00e1vky v zmysle \u00a7 5b z\u00e1kona \u010d. 211\/2000 Z. z. v znen\u00ed neskor\u0161\u00edch zmien a doplnkov. &nbsp; 6. \u00dadaje o dod\u00e1vate\u013eovi 7. Osoba, ktor\u00e1 podp\u00edsala objedn\u00e1vku 1. \u010c. obj. 2. Popis obj. 3. Suma s DPH 4. \u010c. zmluvy 5. D\u00e1tum 6a. N\u00e1zov 6b. Adresa 6c. I\u010cO Meno a priezvisko Funkcia 1. Jed\u00e1lne&#8230;<\/p>\n","protected":false},"author":1,"featured_media":0,"parent":121,"menu_order":1,"comment_status":"closed","ping_status":"closed","template":"","meta":{"footnotes":""},"class_list":["post-161","page","type-page","status-publish","hentry"],"_links":{"self":[{"href":"https:\/\/www.cpppap.svsbb.sk\/index.php?rest_route=\/wp\/v2\/pages\/161","targetHints":{"allow":["GET"]}}],"collection":[{"href":"https:\/\/www.cpppap.svsbb.sk\/index.php?rest_route=\/wp\/v2\/pages"}],"about":[{"href":"https:\/\/www.cpppap.svsbb.sk\/index.php?rest_route=\/wp\/v2\/types\/page"}],"author":[{"embeddable":true,"href":"https:\/\/www.cpppap.svsbb.sk\/index.php?rest_route=\/wp\/v2\/users\/1"}],"replies":[{"embeddable":true,"href":"https:\/\/www.cpppap.svsbb.sk\/index.php?rest_route=%2Fwp%2Fv2%2Fcomments&post=161"}],"version-history":[{"count":3,"href":"https:\/\/www.cpppap.svsbb.sk\/index.php?rest_route=\/wp\/v2\/pages\/161\/revisions"}],"predecessor-version":[{"id":296,"href":"https:\/\/www.cpppap.svsbb.sk\/index.php?rest_route=\/wp\/v2\/pages\/161\/revisions\/296"}],"up":[{"embeddable":true,"href":"https:\/\/www.cpppap.svsbb.sk\/index.php?rest_route=\/wp\/v2\/pages\/121"}],"wp:attachment":[{"href":"https:\/\/www.cpppap.svsbb.sk\/index.php?rest_route=%2Fwp%2Fv2%2Fmedia&parent=161"}],"curies":[{"name":"wp","href":"https:\/\/api.w.org\/{rel}","templated":true}]}}