{"id":168,"date":"2024-07-27T14:21:43","date_gmt":"2024-07-27T12:21:43","guid":{"rendered":"http:\/\/www.cpppap.svsbb.sk\/new\/?page_id=168"},"modified":"2024-07-27T16:21:40","modified_gmt":"2024-07-27T14:21:40","slug":"archiv-objednavky-3-2-2","status":"publish","type":"page","link":"https:\/\/www.cpppap.svsbb.sk\/?page_id=168","title":{"rendered":"Arch\u00edv: Objedn\u00e1vky &#8211; 2015"},"content":{"rendered":"\n<h2 class=\"wp-block-heading\">(z\u00e1kon 546\/2010)<\/h2>\n\n\n\n<p>Objedn\u00e1vky v zmysle \u00a7 5b z\u00e1kona \u010d. 211\/2000 Z. z. v znen\u00ed neskor\u0161\u00edch zmien a doplnkov.<\/p>\n\n\n\n<table id=\"zverejnovanie\" rules=\"cols\" border=\"1\">\n        <tbody><tr class=\"row1\">\n          <td colspan=\"5\">&nbsp;<\/td>\n          <td colspan=\"3\">6. \u00dadaje o dod\u00e1vate\u013eovi<\/td>\n          <td colspan=\"2\">7. Osoba, ktor\u00e1 podp\u00edsala objedn\u00e1vku <\/td>\n        <\/tr>\n        <tr class=\"row1\">\n          <td>1. \u010c. obj.<\/td>\n          <td width=\"200\">2. Popis obj.<\/td>\n          <td>3. Suma s DPH<\/td>\n          <td>4. \u010c. zmluvy<\/td>\n          <td>5. D\u00e1tum<\/td>\n          <td>6a. N\u00e1zov<\/td>\n          <td>6b. Adresa <\/td>\n          <td>6c. I\u010cO <\/td>\n          <td>Meno a priezvisko<\/td>\n          <td>Funkcia <\/td>\n        <\/tr>\n        <!-- BEGIN LINES -->\n<tr><td>1.<\/td><td>Kancel\u00e1rske potreby<\/td><td align=\"right\">7.10 \u20ac<\/td><td>&nbsp;<\/td><td>07.01.2015<\/td><td>Papera, s.r.o.<\/td><td>\u010cere\u0161\u0148ov\u00e1 17, BB<\/td><td>46082182<\/td><td>PhDr. \u013dubom\u00edr Tich\u00fd<\/td><td>riadite\u013e<\/td><\/tr><tr><td>2.<\/td><td>Jed\u00e1lne kup\u00f3ny<\/td><td align=\"right\">458.85 \u20ac<\/td><td>&nbsp;<\/td><td>07.01.2015<\/td><td>Le cheque d\u00e9jeuner<\/td><td>Tom\u00e1\u0161ikova 23\/D, BA<\/td><td>31396674<\/td><td>PhDr. \u013dubom\u00edr Tich\u00fd<\/td><td>riadite\u013e<\/td><\/tr><tr><td>3.<\/td><td>Hygienick\u00e9 potreby<\/td><td align=\"right\">120.24 \u20ac<\/td><td>&nbsp;<\/td><td>15.01.2015<\/td><td>LYNNE SK, s.r.o.<\/td><td>Kvetinov\u00e1 14, BB<\/td><td>36642681<\/td><td>PhDr. \u013dubom\u00edr Tich\u00fd<\/td><td>riadite\u013e<\/td><\/tr><tr><td>4.<\/td><td>Servis PC<\/td><td align=\"right\">42.90 \u20ac<\/td><td>&nbsp;<\/td><td>23.01.2015<\/td><td>Zero BB, spol. s r. o.<\/td><td>Bakossova 56, BB<\/td><td>36638498<\/td><td>PhDr. \u013dubom\u00edr Tich\u00fd<\/td><td>riadite\u013e<\/td><\/tr><tr><td>5.<\/td><td>Kniha<\/td><td align=\"right\">15.60 \u20ac<\/td><td>&nbsp;<\/td><td>23.01.2015<\/td><td>Wolters Kluver s.r.o.<\/td><td>Mlynsk\u00e9 nivy 48, BA<\/td><td>31348262<\/td><td>PhDr. \u013dubom\u00edr Tich\u00fd<\/td><td>riadite\u013e<\/td><\/tr><tr><td>6.<\/td><td>N\u00e1bytok<\/td><td align=\"right\">336.00 \u20ac<\/td><td>&nbsp;<\/td><td>30.01.2015<\/td><td>Tempo Kondela s.r.o.<\/td><td>N\u00e1m. \u013d. \u0160t\u00fara 28, BB<\/td><td>36409154<\/td><td>PhDr. \u013dubom\u00edr Tich\u00fd<\/td><td>riadite\u013e<\/td><\/tr><tr><td>7.<\/td><td>Kartot\u00e9ka<\/td><td align=\"right\">158.40 \u20ac<\/td><td>&nbsp;<\/td><td>30.01.2015<\/td><td>Kovotyp s.r.o.<\/td><td>\u013danov\u00e1 8, BA<\/td><td>35808705<\/td><td>PhDr. \u013dubom\u00edr Tich\u00fd<\/td><td>riadite\u013e<\/td><\/tr><tr><td>8.<\/td><td>Jed\u00e1lne kup\u00f3ny<\/td><td align=\"right\">729.75 \u20ac<\/td><td>&nbsp;<\/td><td>02.02.2015<\/td><td>Le cheque d\u00e9jeuner<\/td><td>Tom\u00e1\u0161ikova 23\/D, BA<\/td><td>31396674<\/td><td>PhDr. \u013dubom\u00edr Tich\u00fd<\/td><td>riadite\u013e<\/td><\/tr><tr><td>9.<\/td><td>Prep\u00e4tov\u00e9 ochrany, monitor LCD, k\u00e1bel HDMI<\/td><td align=\"right\">274.20 \u20ac<\/td><td>&nbsp;<\/td><td>03.02.2015<\/td><td>Zero BB, spol. s r. o.<\/td><td>Bakossova 56, BB<\/td><td>36638498<\/td><td>PhDr. \u013dubom\u00edr Tich\u00fd<\/td><td>riadite\u013e<\/td><\/tr><tr><td>10.<\/td><td>Rev\u00edzia el. zariaden\u00ed<\/td><td align=\"right\">&nbsp;<\/td><td>&nbsp;<\/td><td>06.02.2015<\/td><td>Ing. Bab\u010dan Adri\u00e1n<\/td><td>Pod Kalv\u00e1riou 2, BB<\/td><td>32019611<\/td><td>PhDr. \u013dubom\u00edr Tich\u00fd<\/td><td>riadite\u013e<\/td><\/tr><tr><td>11.<\/td><td>Zrkadl\u00e1, dvere interi\u00e9rov\u00e9, mont\u00e1\u017e, doprava<\/td><td align=\"right\">&nbsp;<\/td><td>&nbsp;<\/td><td>18.02.2015<\/td><td>BB-Termonta, s.r.o.<\/td><td>Nov\u00fd svet 26, BB<\/td><td>36684791<\/td><td>PhDr. \u013dubom\u00edr Tich\u00fd<\/td><td>riadite\u013e<\/td><\/tr><tr><td>12.<\/td><td>Jed\u00e1lne kup\u00f3ny<\/td><td align=\"right\">754.95 \u20ac<\/td><td>&nbsp;<\/td><td>27.02.2015<\/td><td>Le cheque d\u00e9jeuner<\/td><td>Tom\u00e1\u0161ikova 23\/D, BA<\/td><td>31396674<\/td><td>PhDr. \u013dubom\u00edr Tich\u00fd<\/td><td>riadite\u013e<\/td><\/tr><tr><td>13.<\/td><td>Dod\u00e1vka a mont\u00e1\u017e elektroin\u0161tal\u00e1cie <\/td><td align=\"right\">&nbsp;<\/td><td>&nbsp;<\/td><td>27.02.2015<\/td><td>J\u00e1n Chomi\u010d<\/td><td>Magursk\u00e1 55, BB<\/td><td>44075022<\/td><td>PhDr. \u013dubom\u00edr Tich\u00fd<\/td><td>riadite\u013e<\/td><\/tr><tr><td>14.<\/td><td>\u010cistiace prostriedky <\/td><td align=\"right\">100.25 \u20ac<\/td><td>&nbsp;<\/td><td>04.03.2015<\/td><td>Papera, s.r.o.<\/td><td>\u010cere\u0161\u0148ov\u00e1 17, BB<\/td><td>46082182<\/td><td>PhDr. \u013dubom\u00edr Tich\u00fd<\/td><td>riadite\u013e<\/td><\/tr><tr><td>15.<\/td><td>Presklenie interi\u00e9rov\u00fdch dver\u00ed<\/td><td align=\"right\">&nbsp;<\/td><td>&nbsp;<\/td><td>09.03.2015<\/td><td>BB-Termonta, s.r.o.<\/td><td>Nov\u00fd svet 26, BB<\/td><td>36684791<\/td><td>PhDr. \u013dubom\u00edr Tich\u00fd<\/td><td>riadite\u013e<\/td><\/tr><tr><td>16.<\/td><td>Tonery<\/td><td align=\"right\">197.00 \u20ac<\/td><td>&nbsp;<\/td><td>24.03.2015<\/td><td>TOWDY s.r.o.<\/td><td>Planckova 4, BA<\/td><td>44801777<\/td><td>PhDr. \u013dubom\u00edr Tich\u00fd<\/td><td>riadite\u013e<\/td><\/tr><tr><td>17.<\/td><td>Jed\u00e1lne kup\u00f3ny<\/td><td align=\"right\">742.35 \u20ac<\/td><td>&nbsp;<\/td><td>31.03.2015<\/td><td>Le cheque d\u00e9jeuner<\/td><td>Tom\u00e1\u0161ikova 23\/D, BA<\/td><td>31396674<\/td><td>PhDr. \u013dubom\u00edr Tich\u00fd<\/td><td>riadite\u013e<\/td><\/tr><tr><td>18.<\/td><td>Superv\u00edzia<\/td><td align=\"right\">50.00 \u20ac<\/td><td>&nbsp;<\/td><td>31.03.2015<\/td><td>PhDr. \u017dilin\u010d\u00edk<\/td><td>Tatransk\u00e1 59, BB<\/td><td>40168301<\/td><td>PhDr. \u013dubom\u00edr Tich\u00fd<\/td><td>riadite\u013e<\/td><\/tr><tr><td>19.<\/td><td>DysCom softv\u00e9r<\/td><td align=\"right\">103.80 \u20ac<\/td><td>&nbsp;<\/td><td>31.03.2015<\/td><td>Special Consulting Service<\/td><td>Han\u00e1cka 13, BA<\/td><td>44967284<\/td><td>PhDr. \u013dubom\u00edr Tich\u00fd<\/td><td>riadite\u013e<\/td><\/tr><tr><td>20.<\/td><td>Rev\u00edzia plyn. kotolne<\/td><td align=\"right\">&nbsp;<\/td><td>&nbsp;<\/td><td>13.04.2015<\/td><td>Gamo-Instal s.r.o.<\/td><td>Ban\u00edcka 70, Malachov<\/td><td>36627429<\/td><td>PhDr. \u013dubom\u00edr Tich\u00fd<\/td><td>riadite\u013e<\/td><\/tr><tr><td>21.<\/td><td>Mera\u010d CO<\/td><td align=\"right\">198.00 \u20ac<\/td><td>&nbsp;<\/td><td>16.04.2015<\/td><td>Micronix s.r.o.<\/td><td>Jegorovova 37, BB<\/td><td>31643761<\/td><td>PhDr. \u013dubom\u00edr Tich\u00fd<\/td><td>riadite\u013e<\/td><\/tr><tr><td>22.<\/td><td>Testy<\/td><td align=\"right\">172.80 \u20ac<\/td><td>&nbsp;<\/td><td>20.04.2015<\/td><td>Psychodiagnostika a.s.<\/td><td>Mickiewiczova 2, BA<\/td><td>31385770<\/td><td>PhDr. \u013dubom\u00edr Tich\u00fd<\/td><td>riadite\u013e<\/td><\/tr><tr><td>23.<\/td><td>Rev\u00edzia kom\u00ednov<\/td><td align=\"right\">79.27 \u20ac<\/td><td>&nbsp;<\/td><td>28.04.2015<\/td><td>Rausa s.r.o.<\/td><td>Bansk\u00e1 Bystrica, Dur\u017eby 4<\/td><td>36835854<\/td><td>PhDr. \u013dubom\u00edr Tich\u00fd<\/td><td>riadite\u013e<\/td><\/tr><tr><td>24.<\/td><td>Hygienick\u00e9 potreby<\/td><td align=\"right\">120.24 \u20ac<\/td><td>&nbsp;<\/td><td>28.04.2015<\/td><td>LYNNE SK, s.r.o.<\/td><td>Kvetinov\u00e1 14, BB<\/td><td>36642681<\/td><td>PhDr. \u013dubom\u00edr Tich\u00fd<\/td><td>riadite\u013e<\/td><\/tr><tr><td>25.<\/td><td>Jed\u00e1lne kup\u00f3ny<\/td><td align=\"right\">502.95 \u20ac<\/td><td>&nbsp;<\/td><td>29.04.2015<\/td><td>Le cheque d\u00e9jeuner<\/td><td>Tom\u00e1\u0161ikova 23\/D, BA<\/td><td>31396674<\/td><td>PhDr. \u013dubom\u00edr Tich\u00fd<\/td><td>riadite\u013e<\/td><\/tr><tr><td>26.<\/td><td>\u010cistiace prostriedky <\/td><td align=\"right\">87.79 \u20ac<\/td><td>&nbsp;<\/td><td>04.05.2015<\/td><td>Papera, s.r.o.<\/td><td>\u010cere\u0161\u0148ov\u00e1 17, BB<\/td><td>46082182<\/td><td>PhDr. \u013dubom\u00edr Tich\u00fd<\/td><td>riadite\u013e<\/td><\/tr><tr><td>27.<\/td><td>V\u00fdmena radi\u00e1torov + dod\u00e1vka a mont\u00e1\u017e<\/td><td align=\"right\">&nbsp;<\/td><td>&nbsp;<\/td><td>22.05.2015<\/td><td>\u0160vehla Mari\u00e1n<\/td><td>Bakossova 24, BB<\/td><td>14158523<\/td><td>PhDr. \u013dubom\u00edr Tich\u00fd<\/td><td>riadite\u013e<\/td><\/tr><tr><td>28.<\/td><td>Jed\u00e1lne kup\u00f3ny<\/td><td align=\"right\">748.65 \u20ac<\/td><td>&nbsp;<\/td><td>29.05.2015<\/td><td>Le cheque d\u00e9jeuner<\/td><td>Tom\u00e1\u0161ikova 23\/D, BA<\/td><td>31396674<\/td><td>PhDr. \u013dubom\u00edr Tich\u00fd<\/td><td>riadite\u013e<\/td><\/tr><tr><td>29.<\/td><td>Fotovalec<\/td><td align=\"right\">196.80 \u20ac<\/td><td>&nbsp;<\/td><td>01.06.2015<\/td><td>Ren\u00e9 Gab\u010do, R.G.COPY<\/td><td>Nosice II\/199, P\u00fachov<\/td><td>34749951<\/td><td>PhDr. \u013dubom\u00edr Tich\u00fd<\/td><td>riadite\u013e<\/td><\/tr><tr><td>30.<\/td><td>Tla\u010d testov\u00fdch zo\u0161itov<\/td><td align=\"right\">334.20 \u20ac<\/td><td>&nbsp;<\/td><td>01.06.2015<\/td><td>Magic Design Hen\u010d s.r.o.<\/td><td>Hutn\u00edkov 315\/20, ZH<\/td><td>36622273<\/td><td>PhDr. \u013dubom\u00edr Tich\u00fd<\/td><td>riadite\u013e<\/td><\/tr><tr><td>31.<\/td><td>Oprava zatekaj\u00facej strechy<\/td><td align=\"right\">183.60 \u20ac<\/td><td>&nbsp;<\/td><td>10.06.2015<\/td><td>Michal Kav\u010d\u00e1k, Izol\u00e1cie a stavby<\/td><td>Ban\u00edcka 10, Malachov<\/td><td>33763054<\/td><td>PhDr. \u013dubom\u00edr Tich\u00fd<\/td><td>riadite\u013e<\/td><\/tr><tr><td>32.<\/td><td>Oprava motorov\u00e9ho vozidla<\/td><td align=\"right\">322.40 \u20ac<\/td><td>&nbsp;<\/td><td>15.06.2015<\/td><td>Auto fach s.r.o.<\/td><td>Majersk\u00e1 cesta 5, BB<\/td><td>43954871<\/td><td>PhDr. \u013dubom\u00edr Tich\u00fd<\/td><td>riadite\u013e<\/td><\/tr><tr><td>33.<\/td><td>\u010cistiace prostriedky <\/td><td align=\"right\">67.96 \u20ac<\/td><td>&nbsp;<\/td><td>22.06.2015<\/td><td>Papera, s.r.o.<\/td><td>\u010cere\u0161\u0148ov\u00e1 17, BB<\/td><td>46082182<\/td><td>PhDr. \u013dubom\u00edr Tich\u00fd<\/td><td>riadite\u013e<\/td><\/tr><tr><td>34.<\/td><td>Jed\u00e1lne kup\u00f3ny<\/td><td align=\"right\">326.55 \u20ac<\/td><td>&nbsp;<\/td><td>01.07.2015<\/td><td>Le cheque d\u00e9jeuner<\/td><td>Tom\u00e1\u0161ikova 23\/D, BA<\/td><td>31396674<\/td><td>PhDr. \u013dubom\u00edr Tich\u00fd<\/td><td>riadite\u013e<\/td><\/tr><tr><td>35.<\/td><td>Jed\u00e1lne kup\u00f3ny<\/td><td align=\"right\">556.50 \u20ac<\/td><td>&nbsp;<\/td><td>30.07.2015<\/td><td>Le cheque d\u00e9jeuner<\/td><td>Tom\u00e1\u0161ikova 23\/D, BA<\/td><td>31396674<\/td><td>PhDr. \u013dubom\u00edr Tich\u00fd<\/td><td>riadite\u013e<\/td><\/tr><tr><td>36.<\/td><td>Oprava EZS<\/td><td align=\"right\">77.76 \u20ac<\/td><td>&nbsp;<\/td><td>11.08.2015<\/td><td>Kelcom International s.r.o.<\/td><td>Na Trosk\u00e1ch 12, BB<\/td><td>&nbsp;<\/td><td>PhDr. \u013dubom\u00edr Tich\u00fd<\/td><td>riadite\u013e<\/td><\/tr><tr><td>37.<\/td><td>Oprava tla\u010diarne<\/td><td align=\"right\">39.60 \u20ac<\/td><td>&nbsp;<\/td><td>24.08.2015<\/td><td>Ren\u00e9 Gab\u010do, R.G.COPY<\/td><td>Nosice II\/199, P\u00fachov<\/td><td>34749951<\/td><td>PhDr. \u013dubom\u00edr Tich\u00fd<\/td><td>riadite\u013e<\/td><\/tr><tr><td>38.<\/td><td>Prevent\u00edvne psychologick\u00e9 poradenstvo<\/td><td align=\"right\">120.00 \u20ac<\/td><td>&nbsp;<\/td><td>27.08.2015<\/td><td>PhDr. Milan Zacharovsk\u00fd<\/td><td>Bystrick\u00e1 cesta 76, RK<\/td><td>37573497<\/td><td>PhDr. \u013dubom\u00edr Tich\u00fd<\/td><td>riadite\u013e<\/td><\/tr><tr><td>39.<\/td><td>Jed\u00e1lne kup\u00f3ny<\/td><td align=\"right\">808.50 \u20ac<\/td><td>&nbsp;<\/td><td>03.09.2015<\/td><td>Le cheque d\u00e9jeuner<\/td><td>Tom\u00e1\u0161ikova 23\/D, BA<\/td><td>31396674<\/td><td>PhDr. \u013dubom\u00edr Tich\u00fd<\/td><td>riadite\u013e<\/td><\/tr><tr><td>40.<\/td><td>Hygienick\u00e9 potreby<\/td><td align=\"right\">120.24 \u20ac<\/td><td>&nbsp;<\/td><td>04.09.2015<\/td><td>LYNNE SK, s.r.o.<\/td><td>Kvetinov\u00e1 14, BB<\/td><td>36642681<\/td><td>PhDr. \u013dubom\u00edr Tich\u00fd<\/td><td>riadite\u013e<\/td><\/tr><tr><td>41.<\/td><td>\u010cistiace prostriedky <\/td><td align=\"right\">134.42 \u20ac<\/td><td>&nbsp;<\/td><td>07.09.2015<\/td><td>Papera, s.r.o.<\/td><td>\u010cere\u0161\u0148ov\u00e1 17, BB<\/td><td>46082182<\/td><td>PhDr. \u013dubom\u00edr Tich\u00fd<\/td><td>riadite\u013e<\/td><\/tr><tr><td>42.<\/td><td>Kancel\u00e1rske potreby<\/td><td align=\"right\">90.40 \u20ac<\/td><td>&nbsp;<\/td><td>08.09.2015<\/td><td>Papera, s.r.o.<\/td><td>\u010cere\u0161\u0148ov\u00e1 17, BB<\/td><td>46082182<\/td><td>PhDr. \u013dubom\u00edr Tich\u00fd<\/td><td>riadite\u013e<\/td><\/tr><tr><td>43.<\/td><td>Kancel\u00e1rsky papier<\/td><td align=\"right\">221.28 \u20ac<\/td><td>&nbsp;<\/td><td>09.09.2015<\/td><td>Papera, s.r.o.<\/td><td>\u010cere\u0161\u0148ov\u00e1 17, BB<\/td><td>46082182<\/td><td>PhDr. \u013dubom\u00edr Tich\u00fd<\/td><td>riadite\u013e<\/td><\/tr><tr><td>44.<\/td><td>Chemick\u00e9 \u010distenie kotlov<\/td><td align=\"right\">207.60 \u20ac<\/td><td>&nbsp;<\/td><td>09.09.2015<\/td><td>Ing. Chmel\u00edk 3E &#8211; Energo<\/td><td>Jed\u013eov\u00e1 935, ZV<\/td><td>10922776<\/td><td>Mgr. Zuzana Vencelov\u00e1<\/td><td>z\u00e1stupky\u0148a<\/td><\/tr><tr><td>45.<\/td><td>Servis + pneumatiky<\/td><td align=\"right\">176.02 \u20ac<\/td><td>&nbsp;<\/td><td>22.09.2015<\/td><td>Auto fach s.r.o.<\/td><td>Majersk\u00e1 cesta 5, BB<\/td><td>43954871<\/td><td>PhDr. \u013dubom\u00edr Tich\u00fd<\/td><td>riadite\u013e<\/td><\/tr><tr><td>46.<\/td><td>Jed\u00e1lne kup\u00f3ny<\/td><td align=\"right\">726.60 \u20ac<\/td><td>&nbsp;<\/td><td>30.09.2015<\/td><td>Le cheque d\u00e9jeuner<\/td><td>Tom\u00e1\u0161ikova 23\/D, BA<\/td><td>31396674<\/td><td>PhDr. \u013dubom\u00edr Tich\u00fd<\/td><td>riadite\u013e<\/td><\/tr><tr><td>47.<\/td><td>Kniha<\/td><td align=\"right\">18.38 \u20ac<\/td><td>&nbsp;<\/td><td>30.09.2015<\/td><td>Martinus.sk<\/td><td>M. R. \u0160tef\u00e1nika 58, MT<\/td><td>36440531<\/td><td>PhDr. \u013dubom\u00edr Tich\u00fd<\/td><td>riadite\u013e<\/td><\/tr><tr><td>48.<\/td><td>Po\u010d\u00edta\u010de<\/td><td align=\"right\">238.01 \u20ac<\/td><td>&nbsp;<\/td><td>05.10.2015<\/td><td>GigaComputer Group s.r.o.<\/td><td>Horn\u00e1 18, BB<\/td><td>44121989<\/td><td>PhDr. \u013dubom\u00edr Tich\u00fd<\/td><td>riadite\u013e<\/td><\/tr><tr><td>49.<\/td><td>Presklenie okna zrkadlov\u00fdm sklom<\/td><td align=\"right\">308.02 \u20ac<\/td><td>&nbsp;<\/td><td>08.10.2015<\/td><td>Milan \u0160vec &#8211; GLASS<\/td><td>Tatransk\u00e1 97, BB<\/td><td>33763577<\/td><td>PhDr. \u013dubom\u00edr Tich\u00fd<\/td><td>riadite\u013e<\/td><\/tr><tr><td>50.<\/td><td>\u00dadr\u017eba stroja Minolta Bizhub<\/td><td align=\"right\">31.44 \u20ac<\/td><td>&nbsp;<\/td><td>12.10.2015<\/td><td>Ren\u00e9 Gab\u010do, R.G.COPY<\/td><td>Nosice II\/199, P\u00fachov<\/td><td>34749951<\/td><td>PhDr. \u013dubom\u00edr Tich\u00fd<\/td><td>riadite\u013e<\/td><\/tr><tr><td>51.<\/td><td>Servis HP Color + toner<\/td><td align=\"right\">68.76 \u20ac<\/td><td>&nbsp;<\/td><td>19.10.2015<\/td><td>Ren\u00e9 Gab\u010do, R.G.COPY<\/td><td>Nosice II\/199, P\u00fachov<\/td><td>34749951<\/td><td>PhDr. \u013dubom\u00edr Tich\u00fd<\/td><td>riadite\u013e<\/td><\/tr><tr><td>52.<\/td><td>Pil\u010d\u00edcke pr\u00e1ce<\/td><td align=\"right\"><\/td><td>&nbsp;<\/td><td>19.10.2015<\/td><td>L. Chovancov\u00e1<\/td><td>&nbsp;<\/td><td>&nbsp;<\/td><td>&nbsp;<\/td><td>&nbsp;<\/td><\/tr><tr><td>53.<\/td><td>Jed\u00e1lne kup\u00f3ny<\/td><td align=\"right\">666.75 \u20ac<\/td><td>&nbsp;<\/td><td>30.10.2015<\/td><td>Le cheque d\u00e9jeuner<\/td><td>Tom\u00e1\u0161ikova 23\/D, BA<\/td><td>31396674<\/td><td>PhDr. \u013dubom\u00edr Tich\u00fd<\/td><td>riadite\u013e<\/td><\/tr><tr><td>54.<\/td><td>Rev\u00edzia kom\u00ednov<\/td><td align=\"right\"><\/td><td>&nbsp;<\/td><td>02.11.2015<\/td><td>Rausa s.r.o.<\/td><td>Dur\u017eby 4, BB<\/td><td>36835854<\/td><td>PhDr. \u013dubom\u00edr Tich\u00fd<\/td><td>riadite\u013e<\/td><\/tr><tr><td>55.<\/td><td>Rev\u00edzia po\u017eiarnych had\u00edc<\/td><td align=\"right\">44.76 \u20ac<\/td><td>&nbsp;<\/td><td>02.11.2015<\/td><td>Miromax, s.r.o.<\/td><td>Zvolensk\u00e1 cesta 133\/A, BB<\/td><td>31609058<\/td><td>PhDr. \u013dubom\u00edr Tich\u00fd<\/td><td>riadite\u013e<\/td><\/tr><tr><td>56.<\/td><td>Tonery<\/td><td align=\"right\">180.00 \u20ac<\/td><td>&nbsp;<\/td><td>02.11.2015<\/td><td>Zero BB, spol. s r. o.<\/td><td>Bakossova 56, BB<\/td><td>36638498<\/td><td>PhDr. \u013dubom\u00edr Tich\u00fd<\/td><td>riadite\u013e<\/td><\/tr><tr><td>57.<\/td><td>Asfaltov\u00e1 pokl\u00e1dka <\/td><td align=\"right\">&nbsp;<\/td><td>&nbsp;<\/td><td>09.11.2015<\/td><td>Cestn\u00e9 stavby LM s.r.o.<\/td><td>ul. 1. m\u00e1ja 724, LM<\/td><td>31563732<\/td><td>PhDr. \u013dubom\u00edr Tich\u00fd<\/td><td>riadite\u013e<\/td><\/tr><tr><td>58.<\/td><td>Oprava elektrick\u00fdch  z\u00e1suvkov\u00fdch rozvodov<\/td><td align=\"right\">&nbsp;<\/td><td>&nbsp;<\/td><td>13.11.2015<\/td><td>J\u00e1n Chomi\u010d<\/td><td>Magursk\u00e1 55, BB<\/td><td>44075022<\/td><td>PhDr. \u013dubom\u00edr Tich\u00fd<\/td><td>riadite\u013e<\/td><\/tr><tr><td>59.<\/td><td>Motorov\u00fd vys\u00e1va\u010d l\u00edstia<\/td><td align=\"right\">299.00 \u20ac<\/td><td>&nbsp;<\/td><td>20.11.2015<\/td><td>Predoss-BB s.r.o.<\/td><td>Kremni\u010dka 8, BB<\/td><td>36625086<\/td><td>PhDr. \u013dubom\u00edr Tich\u00fd<\/td><td>riadite\u013e<\/td><\/tr><tr><td>60.<\/td><td>Kalend\u00e1re 2016<\/td><td align=\"right\">56.90 \u20ac<\/td><td>&nbsp;<\/td><td>20.11.2015<\/td><td>Cinema+ s.r.o.<\/td><td>Partiz\u00e1nska 77, BB<\/td><td>31586457<\/td><td>PhDr. \u013dubom\u00edr Tich\u00fd<\/td><td>riadite\u013e<\/td><\/tr><tr><td>61.<\/td><td>Oprava monitora<\/td><td align=\"right\">30.00 \u20ac<\/td><td>&nbsp;<\/td><td>26.11.2015<\/td><td>Terapo servis<\/td><td>N\u00e1m. \u013d. \u0160t\u00fara 16, BB<\/td><td>44188552<\/td><td>PhDr. \u013dubom\u00edr Tich\u00fd<\/td><td>riadite\u013e<\/td><\/tr><tr><td>62.<\/td><td>Kancel\u00e1rsky n\u00e1bytok<\/td><td align=\"right\">136.90 \u20ac<\/td><td>&nbsp;<\/td><td>30.11.2015<\/td><td>Mobelix SK, s.r.o.<\/td><td>Zvolensk\u00e1 cesta 30, BB<\/td><td>35903414<\/td><td>PhDr. \u013dubom\u00edr Tich\u00fd<\/td><td>riadite\u013e<\/td><\/tr><tr><td>63.<\/td><td>Jed\u00e1lne kup\u00f3ny<\/td><td align=\"right\">446.25 \u20ac<\/td><td>&nbsp;<\/td><td>30.11.2015<\/td><td>Le cheque d\u00e9jeuner<\/td><td>Tom\u00e1\u0161ikova 23\/D, BA<\/td><td>31396674<\/td><td>PhDr. \u013dubom\u00edr Tich\u00fd<\/td><td>riadite\u013e<\/td><\/tr><tr><td>64.<\/td><td>Kancel\u00e1rsky n\u00e1bytok<\/td><td align=\"right\">157.00 \u20ac<\/td><td>&nbsp;<\/td><td>04.12.2015<\/td><td>Tempo Kondela s.r.o.<\/td><td>N\u00e1m. \u013d. \u0160t\u00fara 28, BB<\/td><td>36409154<\/td><td>PhDr. \u013dubom\u00edr Tich\u00fd<\/td><td>riadite\u013e<\/td><\/tr><tr><td>65.<\/td><td>Hygienick\u00e9 potreby<\/td><td align=\"right\">120.24 \u20ac<\/td><td>&nbsp;<\/td><td>04.12.2015<\/td><td>LYNNE SK, s.r.o.<\/td><td>Kvetinov\u00e1 14, BB<\/td><td>36642681<\/td><td>PhDr. \u013dubom\u00edr Tich\u00fd<\/td><td>riadite\u013e<\/td><\/tr><tr><td>66.<\/td><td>Kancel\u00e1rske stoli\u010dky<\/td><td align=\"right\">109.80 \u20ac<\/td><td>&nbsp;<\/td><td>07.12.2015<\/td><td>Mobelix SK, s.r.o.<\/td><td>Zvolensk\u00e1 cesta 30, BB<\/td><td>35903414<\/td><td>PhDr. \u013dubom\u00edr Tich\u00fd<\/td><td>riadite\u013e<\/td><\/tr><tr><td>67.<\/td><td>Prestre\u0161enie schodiska<\/td><td align=\"right\">1,656.00 \u20ac<\/td><td>&nbsp;<\/td><td>09.12.2015<\/td><td>Stakov s.r.o.<\/td><td>Jegorovova 37, BB<\/td><td>46853839<\/td><td>PhDr. \u013dubom\u00edr Tich\u00fd<\/td><td>riadite\u013e<\/td><\/tr><tr><td>68.<\/td><td>\u010cistiace prostriedky<\/td><td align=\"right\">99.00 \u20ac<\/td><td>&nbsp;<\/td><td>09.12.2015<\/td><td>Papera, s.r.o.<\/td><td>\u010cere\u0161\u0148ov\u00e1 17, BB<\/td><td>46082182<\/td><td>PhDr. \u013dubom\u00edr Tich\u00fd<\/td><td>riadite\u013e<\/td><\/tr><tr><td>69.<\/td><td>Kartot\u00e9ka<\/td><td align=\"right\">145.85 \u20ac<\/td><td>&nbsp;<\/td><td>09.12.2015<\/td><td>Kovotyp s.r.o.<\/td><td>\u013danov\u00e1 8, BA<\/td><td>35808705<\/td><td>PhDr. \u013dubom\u00edr Tich\u00fd<\/td><td>riadite\u013e<\/td><\/tr><tr><td>70.<\/td><td>Kniha<\/td><td align=\"right\">34.18 \u20ac<\/td><td>&nbsp;<\/td><td>14.12.2015<\/td><td>Panta Rhei s.r.o.<\/td><td>K\u00fape\u013en\u00e1 2, Ve\u013ek\u00fd Meder<\/td><td>31443923<\/td><td>PhDr. \u013dubom\u00edr Tich\u00fd<\/td><td>riadite\u013e<\/td><\/tr><tr><td>71.<\/td><td>Vyrub stromov<\/td><td align=\"right\">433.19 \u20ac<\/td><td>&nbsp;<\/td><td>14.12.2015<\/td><td>ZAaRES<\/td><td>\u0160vermova 45, BB<\/td><td>183075<\/td><td>PhDr. \u013dubom\u00edr Tich\u00fd<\/td><td>riadite\u013e<\/td><\/tr><tr><td>72.<\/td><td>Kosodrevina<\/td><td align=\"right\">1,359.36 \u20ac<\/td><td>&nbsp;<\/td><td>14.12.2015<\/td><td>ZAaRES<\/td><td>\u0160vermova 45, BB<\/td><td>183075<\/td><td>PhDr. \u013dubom\u00edr Tich\u00fd<\/td><td>riadite\u013e<\/td><\/tr><tr><td>73.<\/td><td>Simulator opitosti<\/td><td align=\"right\">260.00 \u20ac<\/td><td>&nbsp;<\/td><td>17.12.2015<\/td><td>Miduko s.r.o.<\/td><td>Kop\u010dianska 10, BA<\/td><td>45902194<\/td><td>PhDr. \u013dubom\u00edr Tich\u00fd<\/td><td>riadite\u013e<\/td><\/tr><tr><td>74.<\/td><td>Kancel\u00e1rske stoli\u010dky<\/td><td align=\"right\">129.80 \u20ac<\/td><td>&nbsp;<\/td><td>17.12.2015<\/td><td>Mobelix SK, s.r.o.<\/td><td>Zvolensk\u00e1 cesta 30, BB<\/td><td>35903414<\/td><td>PhDr. \u013dubom\u00edr Tich\u00fd<\/td><td>riadite\u013e<\/td><\/tr><tr><td>75.<\/td><td>\u0160kodlivost faj\u010denia<\/td><td align=\"right\">114.00 \u20ac<\/td><td>&nbsp;<\/td><td>17.12.2015<\/td><td>Kvant s.r.o.<\/td><td>Mlynsk\u00e1 dolina, BA<\/td><td>31398294<\/td><td>PhDr. \u013dubom\u00edr Tich\u00fd<\/td><td>riadite\u013e<\/td><\/tr><tr><td>76.<\/td><td>Expanzomat 2 ks<\/td><td align=\"right\">992.89 \u20ac<\/td><td>&nbsp;<\/td><td>18.12.2015<\/td><td>Stavomont\u00e1\u017ee s.r.o.<\/td><td>Majersk\u00e1 cesta 36, BB<\/td><td>31628222<\/td><td>PhDr. \u013dubom\u00edr Tich\u00fd<\/td><td>riadite\u013e<\/td><\/tr><tr><td>77.<\/td><td>Tonery<\/td><td align=\"right\">225.60 \u20ac<\/td><td>&nbsp;<\/td><td>22.12.2015<\/td><td>Ren\u00e9 Gab\u010do, R.G.COPY<\/td><td>Nosice II\/199, P\u00fachov<\/td><td>34749951<\/td><td>PhDr. \u013dubom\u00edr Tich\u00fd<\/td><td>riadite\u013e<\/td><\/tr><tr><td>78.<\/td><td>Po\u010d\u00edta\u010d<\/td><td align=\"right\">673.80 \u20ac<\/td><td>&nbsp;<\/td><td>22.12.2015<\/td><td>Zero BB, spol. s r. o.<\/td><td>Bakossova 56, BB<\/td><td>36638498<\/td><td>PhDr. \u013dubom\u00edr Tich\u00fd<\/td><td>riadite\u013e<\/td><\/tr>\n        <!-- END LINES -->\n      <\/tbody><\/table>\n\n\n\n<p><\/p>\n","protected":false},"excerpt":{"rendered":"<p>(z\u00e1kon 546\/2010) Objedn\u00e1vky v zmysle \u00a7 5b z\u00e1kona \u010d. 211\/2000 Z. z. v znen\u00ed neskor\u0161\u00edch zmien a doplnkov. &nbsp; 6. \u00dadaje o dod\u00e1vate\u013eovi 7. Osoba, ktor\u00e1 podp\u00edsala objedn\u00e1vku 1. \u010c. obj. 2. Popis obj. 3. Suma s DPH 4. \u010c. zmluvy 5. D\u00e1tum 6a. N\u00e1zov 6b. Adresa 6c. I\u010cO Meno a priezvisko Funkcia 1. Kancel\u00e1rske&#8230;<\/p>\n","protected":false},"author":1,"featured_media":0,"parent":121,"menu_order":1,"comment_status":"closed","ping_status":"closed","template":"","meta":{"footnotes":""},"class_list":["post-168","page","type-page","status-publish","hentry"],"_links":{"self":[{"href":"https:\/\/www.cpppap.svsbb.sk\/index.php?rest_route=\/wp\/v2\/pages\/168","targetHints":{"allow":["GET"]}}],"collection":[{"href":"https:\/\/www.cpppap.svsbb.sk\/index.php?rest_route=\/wp\/v2\/pages"}],"about":[{"href":"https:\/\/www.cpppap.svsbb.sk\/index.php?rest_route=\/wp\/v2\/types\/page"}],"author":[{"embeddable":true,"href":"https:\/\/www.cpppap.svsbb.sk\/index.php?rest_route=\/wp\/v2\/users\/1"}],"replies":[{"embeddable":true,"href":"https:\/\/www.cpppap.svsbb.sk\/index.php?rest_route=%2Fwp%2Fv2%2Fcomments&post=168"}],"version-history":[{"count":2,"href":"https:\/\/www.cpppap.svsbb.sk\/index.php?rest_route=\/wp\/v2\/pages\/168\/revisions"}],"predecessor-version":[{"id":298,"href":"https:\/\/www.cpppap.svsbb.sk\/index.php?rest_route=\/wp\/v2\/pages\/168\/revisions\/298"}],"up":[{"embeddable":true,"href":"https:\/\/www.cpppap.svsbb.sk\/index.php?rest_route=\/wp\/v2\/pages\/121"}],"wp:attachment":[{"href":"https:\/\/www.cpppap.svsbb.sk\/index.php?rest_route=%2Fwp%2Fv2%2Fmedia&parent=168"}],"curies":[{"name":"wp","href":"https:\/\/api.w.org\/{rel}","templated":true}]}}