{"id":176,"date":"2024-07-27T14:24:46","date_gmt":"2024-07-27T12:24:46","guid":{"rendered":"http:\/\/www.cpppap.svsbb.sk\/new\/?page_id=176"},"modified":"2024-07-27T16:21:45","modified_gmt":"2024-07-27T14:21:45","slug":"archiv-objednavky-3-2-2-2-6","status":"publish","type":"page","link":"https:\/\/www.cpppap.svsbb.sk\/?page_id=176","title":{"rendered":"Arch\u00edv: Objedn\u00e1vky &#8211; 2021"},"content":{"rendered":"\n<h2 class=\"wp-block-heading\">(z\u00e1kon 546\/2010)<\/h2>\n\n\n\n<p>Objedn\u00e1vky v zmysle \u00a7 5b z\u00e1kona \u010d. 211\/2000 Z. z. v znen\u00ed neskor\u0161\u00edch zmien a doplnkov.<\/p>\n\n\n\n<table id=\"zverejnovanie\" rules=\"cols\" border=\"1\">\n        <tbody><tr class=\"row1\">\n          <td colspan=\"5\">&nbsp;<\/td>\n          <td colspan=\"3\">6. \u00dadaje o dod\u00e1vate\u013eovi<\/td>\n          <td colspan=\"2\">7. Osoba, ktor\u00e1 podp\u00edsala objedn\u00e1vku <\/td>\n        <\/tr>\n        <tr class=\"row1\">\n          <td>1. \u010c. obj.<\/td>\n          <td width=\"200\">2. Popis obj.<\/td>\n          <td>3. Suma s DPH<\/td>\n          <td>4. \u010c. zmluvy<\/td>\n          <td>5. D\u00e1tum<\/td>\n          <td>6a. N\u00e1zov<\/td>\n          <td>6b. Adresa <\/td>\n          <td>6c. I\u010cO <\/td>\n          <td>Meno a priezvisko<\/td>\n          <td>Funkcia <\/td>\n        <\/tr>\n        <!-- BEGIN LINES -->\n<tr><td>1.<\/td><td>Jed\u00e1lne kup\u00f3ny<\/td><td align=\"right\">1&nbsp;380,00 \u20ac<\/td><td>&nbsp;<\/td><td>07.02.2021<\/td><td>Up Slovensko s.r.o.<\/td><td>Tom\u00e1\u0161ikova 23\/D, BA<\/td><td>31396674<\/td><td>PhDr. \u013dubom\u00edr Tich\u00fd<\/td><td>riadite\u013e<\/td><\/tr>\n<tr><td>2.<\/td><td>Kovov\u00fd reg\u00e1l<\/td><td align=\"right\">550,80 \u20ac<\/td><td>&nbsp;<\/td><td>08.01.2021<\/td><td>BERSICOMP s.r.o.<\/td><td>Barto\u0161ovce 200, Barto\u0161ovce<\/td><td>51478374<\/td><td>PhDr. \u013dubom\u00edr Tich\u00fd<\/td><td>riadite\u013e<\/td><\/tr>\n<tr><td>3.<\/td><td>R\u00e1m pre LED panel<\/td><td align=\"right\">161,82 \u20ac<\/td><td>&nbsp;<\/td><td>11.01.2021<\/td><td>BERGE LED<\/td><td>Pilsudskiego 11,Skawina<\/td><td>121177673<\/td><td>PhDr. \u013dubom\u00edr Tich\u00fd<\/td><td>riadite\u013e<\/td><\/tr>\n<tr><td>4.<\/td><td>Elektroin\u0161tala\u010d.pr\u00e1ce<\/td><td align=\"right\">114,90 \u20ac<\/td><td>&nbsp;<\/td><td>18.01.2021<\/td><td>Ing.Franti\u0161ek Dvo\u0159\u00e1k<\/td><td>Beskydsk\u00e1 5006\/1, B.B.<\/td><td>46932518<\/td><td>PhDr. \u013dubom\u00edr Tich\u00fd<\/td><td>riadite\u013e<\/td><\/tr>\n<tr><td>5.<\/td><td>Respir\u00e1tor,hyg.potr.<\/td><td align=\"right\">52,34 \u20ac<\/td><td>&nbsp;<\/td><td>21.01.2021<\/td><td>KANPEX<\/td><td>SNP 20, Smolenice<\/td><td>11891581<\/td><td>Mgr. Zuzana Vencelov\u00e1<\/td><td>z\u00e1stupca riadite\u013ea<\/td><\/tr>\n<tr><td>6.<\/td><td>Jed\u00e1lne kup\u00f3ny<\/td><td align=\"right\">960,00 \u20ac<\/td><td>&nbsp;<\/td><td>02.02.2021<\/td><td>Up Slovensko s.r.o.<\/td><td>Tom\u00e1\u0161ikova 23\/D, BA<\/td><td>31396674<\/td><td>PhDr. \u013dubom\u00edr Tich\u00fd<\/td><td>riadite\u013e<\/td><\/tr>\n<tr><td>7.<\/td><td>Knih.lepenka<\/td><td align=\"right\">29,11 \u20ac<\/td><td>&nbsp;<\/td><td>05.02.2021<\/td><td>KOHIPRES s.r.o.<\/td><td>Mokr\u00fd H\u00e1j 708, Mokr\u00fd H\u00e1j<\/td><td>36249670<\/td><td>PhDr. \u013dubom\u00edr Tich\u00fd<\/td><td>riadite\u013e<\/td><\/tr>\n<tr><td>8.<\/td><td>Plexiskl\u00e1<\/td><td align=\"right\">244,09 \u20ac<\/td><td>&nbsp;<\/td><td>08.02.2021<\/td><td>Megamix s.r.o.<\/td><td>\u0160tef\u00e1nikova 712\/40 Bardejov<\/td><td>53186567<\/td><td>PhDr. \u013dubom\u00edr Tich\u00fd<\/td><td>riadite\u013e<\/td><\/tr>\n<tr><td>9.<\/td><td>Reg\u00e1lov\u00e1 spojka<\/td><td align=\"right\">100,00 \u20ac<\/td><td>&nbsp;<\/td><td>17.02.2021<\/td><td>BERSICOMP s.r.o.<\/td><td>Barto\u0161ovce 200, Barto\u0161ovce<\/td><td>51478374<\/td><td>PhDr. \u013dubom\u00edr Tich\u00fd<\/td><td>riadite\u013e<\/td><\/tr>\n<tr><td>10.<\/td><td>Odkvapk\u00e1va\u010de<\/td><td align=\"right\">19,14 \u20ac<\/td><td>&nbsp;<\/td><td>22.02.2021<\/td><td>Vetro-plus, s.r.o.<\/td><td>Hviezdoslavova 33, \u017dilina<\/td><td>36410896<\/td><td>PhDr. \u013dubom\u00edr Tich\u00fd<\/td><td>riadite\u013e<\/td><\/tr>\n<tr><td>11.<\/td><td>Respir\u00e1tor,hyg.potr.<\/td><td align=\"right\">17,10 \u20ac<\/td><td>&nbsp;<\/td><td>01.03.2021<\/td><td>KANPEX<\/td><td>SNP 20, Smolenice<\/td><td>11891581<\/td><td>PhDr. \u013dubom\u00edr Tich\u00fd<\/td><td>riadite\u013e<\/td><\/tr>\n<tr><td>12.<\/td><td>Jed\u00e1lne kup\u00f3ny<\/td><td align=\"right\">1&nbsp;120,00 \u20ac<\/td><td>&nbsp;<\/td><td>01.03.2021<\/td><td>Up Slovensko s.r.o.<\/td><td>Tom\u00e1\u0161ikova 23\/D, BA<\/td><td>31396674<\/td><td>PhDr. \u013dubom\u00edr Tich\u00fd<\/td><td>riadite\u013e<\/td><\/tr>\n<tr><td>13.<\/td><td>Hygienick\u00e9 potreby<\/td><td align=\"right\">133,56 \u20ac<\/td><td>&nbsp;<\/td><td>02.03.2021<\/td><td>Europapier Slovensko s.r.o.<\/td><td>Pan\u00f3nska cesta 40, BA<\/td><td>31344381<\/td><td>PhDr. \u013dubom\u00edr Tich\u00fd<\/td><td>riadite\u013e<\/td><\/tr>\n<tr><td>14.<\/td><td>Rev\u00edzia plyn. kotolne<\/td><td align=\"right\">405,00 \u20ac<\/td><td>&nbsp;<\/td><td>15.03.2021<\/td><td>Gamo instal <\/td><td>Ban\u00edcka 70, Malachov<\/td><td>36627429<\/td><td>PhDr. \u013dubom\u00edr Tich\u00fd<\/td><td>riadite\u013e<\/td><\/tr>\n<tr><td>15.<\/td><td>Lopata, mopset<\/td><td align=\"right\">25,60 \u20ac<\/td><td>&nbsp;<\/td><td>17.03.2021<\/td><td>M.Dlabajov\u00e1-GARMIO<\/td><td>Partiz\u00e1nska 42, BB<\/td><td>34704655<\/td><td>PhDr. \u013dubom\u00edr Tich\u00fd<\/td><td>riadite\u013e<\/td><\/tr>\n<tr><td>16.<\/td><td>Jed\u00e1lne kup\u00f3ny<\/td><td align=\"right\">1&nbsp;200,00 \u20ac<\/td><td>&nbsp;<\/td><td>06.04.2021<\/td><td>Up Slovensko s.r.o.<\/td><td>Tom\u00e1\u0161ikova 23\/D, BA<\/td><td>31396674<\/td><td>PhDr. \u013dubom\u00edr Tich\u00fd<\/td><td>riadite\u013e<\/td><\/tr>\n<tr><td>17.<\/td><td>Plexiskl\u00e1<\/td><td align=\"right\">209,22 \u20ac<\/td><td>&nbsp;<\/td><td>21.04.2021<\/td><td>Megamix s.r.o.<\/td><td>\u0160tef\u00e1nikova 712\/40 Bardejov<\/td><td>53186567<\/td><td>PhDr. \u013dubom\u00edr Tich\u00fd<\/td><td>riadite\u013e<\/td><\/tr>\n<tr><td>18.<\/td><td>Rev\u00edzia kom\u00ednov<\/td><td align=\"right\">100,00 \u20ac<\/td><td>&nbsp;<\/td><td>27.04.2021<\/td><td>Mu\u017ei v \u010diernom s.r.o.<\/td><td>Javorn\u00edcka 27, BB<\/td><td>52112110<\/td><td>PhDr. \u013dubom\u00edr Tich\u00fd<\/td><td>riadite\u013e<\/td><\/tr>\n<tr><td>19.<\/td><td>Tekut\u00e9 temperov\u00e9 farby<\/td><td align=\"right\">29,19 \u20ac<\/td><td>&nbsp;<\/td><td>30.04.2021<\/td><td>VYVY s.r.o.<\/td><td>Kuku\u010d\u00ednova 985\/8, BA<\/td><td>52733700<\/td><td>PhDr. \u013dubom\u00edr Tich\u00fd<\/td><td>riadite\u013e<\/td><\/tr>\n<tr><td>20.<\/td><td>Jed\u00e1lne kup\u00f3ny<\/td><td align=\"right\">1&nbsp;200,00 \u20ac<\/td><td>&nbsp;<\/td><td>06.04.2021<\/td><td>Up Slovensko s.r.o.<\/td><td>Tom\u00e1\u0161ikova 23\/D, BA<\/td><td>31396674<\/td><td>PhDr. \u013dubom\u00edr Tich\u00fd<\/td><td>riadite\u013e<\/td><\/tr>\n<tr><td>21.<\/td><td>Kovanie na okn\u00e1<\/td><td align=\"right\">106,78 \u20ac<\/td><td>&nbsp;<\/td><td>03.05.2021<\/td><td>Rotospol P\u00e1nek-\u017di\u017eka<\/td><td>Cyrila a Metoda 12\/17, ZH<\/td><td>37397851<\/td><td>PhDr. \u013dubom\u00edr Tich\u00fd<\/td><td>riadite\u013e<\/td><\/tr>\n<tr><td>22.<\/td><td>ESET licencia<\/td><td align=\"right\">349,14 \u20ac<\/td><td>&nbsp;<\/td><td>04.05.2021<\/td><td>F.A.T.  s.r.o.<\/td><td>Ul. Mieru 2018\/18, BB<\/td><td>44647654<\/td><td>PhDr. \u013dubom\u00edr Tich\u00fd<\/td><td>riadite\u013e<\/td><\/tr>\n<tr><td>23.<\/td><td>Notebook Lenovo, disk NAS, SSD, webcam<\/td><td align=\"right\">817,80 \u20ac<\/td><td>&nbsp;<\/td><td>04.05.2021<\/td><td>ITLIFE s.r.o.<\/td><td>Kynce\u013eov\u00e1 4316\/10, Kynce\u013eov\u00e1<\/td><td>50527576<\/td><td>PhDr. \u013dubom\u00edr Tich\u00fd<\/td><td>riadite\u013e<\/td><\/tr>\n<tr><td>24.<\/td><td>Tonery<\/td><td align=\"right\">350,00 \u20ac<\/td><td>&nbsp;<\/td><td>04.05.2021<\/td><td>Senda s.r.o.<\/td><td>Kynce\u013eov\u00e1 4316\/10, Kynce\u013eov\u00e1<\/td><td>47946555<\/td><td>PhDr. \u013dubom\u00edr Tich\u00fd<\/td><td>riadite\u013e<\/td><\/tr>\n<tr><td>25.<\/td><td>\u010cistiace prostriedky<\/td><td align=\"right\">168,71 \u20ac<\/td><td>&nbsp;<\/td><td>07.05.2021<\/td><td>Papera s.r.o.<\/td><td>\u010cere\u0161\u0148ov\u00e1 17, BB<\/td><td>46082182<\/td><td>PhDr. \u013dubom\u00edr Tich\u00fd<\/td><td>riadite\u013e<\/td><\/tr>\n<tr><td>26.<\/td><td>Prevent\u00edvne psychologick\u00e9 poradenstvo<\/td><td align=\"right\">96,00 \u20ac<\/td><td>&nbsp;<\/td><td>26.05.2021<\/td><td>PhDr. Zacharovsk\u00fd<\/td><td>Bystrick\u00e1 cesta 1927\/76, RK<\/td><td>37573497<\/td><td>PhDr. \u013dubom\u00edr Tich\u00fd<\/td><td>riadite\u013e<\/td><\/tr>\n<tr><td>27.<\/td><td>Jed\u00e1lne kup\u00f3ny<\/td><td align=\"right\">928,40 \u20ac<\/td><td>&nbsp;<\/td><td>02.06.2021<\/td><td>Up Slovensko s.r.o.<\/td><td>Tom\u00e1\u0161ikova 23\/D, BA<\/td><td>31396674<\/td><td>PhDr. \u013dubom\u00edr Tich\u00fd<\/td><td>riadite\u013e<\/td><\/tr>\n<tr><td>28.<\/td><td>Hygienick\u00e9 potreby<\/td><td align=\"right\">138,04 \u20ac<\/td><td>&nbsp;<\/td><td>14.06.2021<\/td><td>Europapier Slovensko s.r.o.<\/td><td>Pan\u00f3nska cesta 40, BA<\/td><td>31344381<\/td><td>PhDr. \u013dubom\u00edr Tich\u00fd<\/td><td>riadite\u013e<\/td><\/tr>\n<tr><td>29.<\/td><td>Kancel\u00e1rske potreby<\/td><td align=\"right\">177,61 \u20ac<\/td><td>&nbsp;<\/td><td>22.06.2021<\/td><td>Office depot, s.r.o.<\/td><td>Prievozsk\u00e1 4\/B, BA<\/td><td>36192384<\/td><td>PhDr. \u013dubom\u00edr Tich\u00fd<\/td><td>riadite\u013e<\/td><\/tr>\n<tr><td>30.<\/td><td>Jed\u00e1lne kup\u00f3ny<\/td><td align=\"right\">364,40 \u20ac<\/td><td>&nbsp;<\/td><td>06.07.2021<\/td><td>Up Slovensko s.r.o.<\/td><td>Tom\u00e1\u0161ikova 23\/D, BA<\/td><td>31396674<\/td><td>Mgr. Zuzana Vencelov\u00e1<\/td><td>z\u00e1stupca riadite\u013ea<\/td><\/tr>\n<tr><td>31.<\/td><td>Knihy<\/td><td align=\"right\">18,42 \u20ac<\/td><td>&nbsp;<\/td><td>13.07.2021<\/td><td>Preskoly.sk s.r.o.<\/td><td>Sv\u00e4toplukova 30, BA<\/td><td>51692881<\/td><td>Mgr. Zuzana Vencelov\u00e1<\/td><td>z\u00e1stupca riadite\u013ea<\/td><\/tr>\n<tr><td>32.<\/td><td>Koberce<\/td><td align=\"right\">147,00 \u20ac<\/td><td>&nbsp;<\/td><td>02.08.2021<\/td><td>M+F35:J35.Dlabajov\u00e1-GARMIO<\/td><td>Partiz\u00e1nska 42, BB<\/td><td>34704655<\/td><td>PhDr. \u013dubom\u00edr Tich\u00fd<\/td><td>riadite\u013e<\/td><\/tr>\n<tr><td>33.<\/td><td>Jed\u00e1lne kup\u00f3ny<\/td><td align=\"right\">820,40 \u20ac<\/td><td>&nbsp;<\/td><td>03.08.2021<\/td><td>Up Slovensko s.r.o.<\/td><td>Tom\u00e1\u0161ikova 23\/D, BA<\/td><td>31396674<\/td><td>PhDr. \u013dubom\u00edr Tich\u00fd<\/td><td>riadite\u013e<\/td><\/tr>\n<tr><td>34.<\/td><td>Koberce<\/td><td align=\"right\">275,00 \u20ac<\/td><td>&nbsp;<\/td><td>30.08.2021<\/td><td>M.Dlabajov\u00e1-GARMIO<\/td><td>Partiz\u00e1nska 42, BB<\/td><td>34704655<\/td><td>PhDr. \u013dubom\u00edr Tich\u00fd<\/td><td>riadite\u013e<\/td><\/tr>\n<tr><td>35.<\/td><td>Jed\u00e1lne kup\u00f3ny<\/td><td align=\"right\">976,40 \u20ac<\/td><td>&nbsp;<\/td><td>03.09.2021<\/td><td>Up Slovensko s.r.o.<\/td><td>Tom\u00e1\u0161ikova 23\/D, BA<\/td><td>31396674<\/td><td>PhDr. \u013dubom\u00edr Tich\u00fd<\/td><td>riadite\u013e<\/td><\/tr>\n<tr><td>36.<\/td><td>Tla\u010d dokumentov<\/td><td align=\"right\">912,60 \u20ac<\/td><td>&nbsp;<\/td><td>09.09.2021<\/td><td>RSP Alfa s.r.o.<\/td><td>Kyjevsk\u00e9 n\u00e1mestie 2, BB<\/td><td>36644081<\/td><td>Mgr. Zuzana Vencelov\u00e1<\/td><td>z\u00e1stupca riadite\u013ea<\/td><\/tr>\n<tr><td>37.<\/td><td>\u010cistiace prostriedky<\/td><td align=\"right\">138,46 \u20ac<\/td><td>&nbsp;<\/td><td>09.09.2021<\/td><td>Papera s.r.o.<\/td><td>\u010cere\u0161\u0148ov\u00e1 17, BB<\/td><td>46082182<\/td><td>Mgr. Zuzana Vencelov\u00e1<\/td><td>z\u00e1stupca riadite\u013ea<\/td><\/tr>\n<tr><td>38.<\/td><td>Hygienick\u00e9 potreby<\/td><td align=\"right\">131,95 \u20ac<\/td><td>&nbsp;<\/td><td>09.09.2021<\/td><td>Europapier Slovensko s.r.o.<\/td><td>Pan\u00f3nska cesta 40, BA<\/td><td>31344381<\/td><td>Mgr. Zuzana Vencelov\u00e1<\/td><td>z\u00e1stupca riadite\u013ea<\/td><\/tr>\n<tr><td>39.<\/td><td>Rev\u00edzia el. n\u00e1radia<\/td><td align=\"right\">24,00 \u20ac<\/td><td>&nbsp;<\/td><td>14.09.2021<\/td><td>Ing. Adri\u00e1n Bab\u010dan<\/td><td>Pod Kalv\u00e1riou 1574\/2, BB<\/td><td>32019611<\/td><td>PhDr. \u013dubom\u00edr Tich\u00fd<\/td><td>riadite\u013e<\/td><\/tr>\n<tr><td>40.<\/td><td>Kancel\u00e1rske potreby<\/td><td align=\"right\">71,51 \u20ac<\/td><td>&nbsp;<\/td><td>16.09.2021<\/td><td>Papera s.r.o.<\/td><td>\u010cere\u0161\u0148ov\u00e1 17, BB<\/td><td>46082182<\/td><td>PhDr. \u013dubom\u00edr Tich\u00fd<\/td><td>riadite\u013e<\/td><\/tr>\n<tr><td>41.<\/td><td>Jed\u00e1lne kup\u00f3ny<\/td><td align=\"right\">992,40 \u20ac<\/td><td>&nbsp;<\/td><td>01.10.2021<\/td><td>Up Slovensko s.r.o.<\/td><td>Tom\u00e1\u0161ikova 23\/D, BA<\/td><td>31396674<\/td><td>PhDr. \u013dubom\u00edr Tich\u00fd<\/td><td>riadite\u013e<\/td><\/tr>\n<tr><td>42.<\/td><td>Testy psych.<\/td><td align=\"right\">9&nbsp;427,40 \u20ac<\/td><td>&nbsp;<\/td><td>14.10.2021<\/td><td>Psychoprof spol.s.r.o.<\/td><td>Sl\u00e1dkovi\u010dov\u00e1 7, Nov\u00e1 Z\u00e1mky<\/td><td>34132988<\/td><td>PhDr. \u013dubom\u00edr Tich\u00fd<\/td><td>riadite\u013e<\/td><\/tr>\n<tr><td>43.<\/td><td>Testy psych.<\/td><td align=\"right\">1&nbsp;222,32 \u20ac<\/td><td>&nbsp;<\/td><td>14.10.2021<\/td><td>Psychodiagnostika, a.s.<\/td><td>Mickiewiczova 2, Bratislava<\/td><td>31385770<\/td><td>PhDr. \u013dubom\u00edr Tich\u00fd<\/td><td>riadite\u013e<\/td><\/tr>\n<tr><td>44.<\/td><td>Jed\u00e1lne kup\u00f3ny<\/td><td align=\"right\">960,00 \u20ac<\/td><td>&nbsp;<\/td><td>03.11.2021<\/td><td>Up Slovensko s.r.o.<\/td><td>Tom\u00e1\u0161ikova 23\/D, BA<\/td><td>31396674<\/td><td>PhDr. \u013dubom\u00edr Tich\u00fd<\/td><td>riadite\u013e<\/td><\/tr>\n<tr><td>45.<\/td><td>Prevent\u00edvne psychologick\u00e9 poradenstvo<\/td><td align=\"right\">96,00 \u20ac<\/td><td>&nbsp;<\/td><td>04.11.2021<\/td><td>PhDr. Zacharovsk\u00fd<\/td><td>Bystrick\u00e1 cesta 1927\/76, RK<\/td><td>37573497<\/td><td>PhDr. \u013dubom\u00edr Tich\u00fd<\/td><td>riadite\u013e<\/td><\/tr>\n<tr><td>46.<\/td><td>Deratiz\u00e1cia budovy-osy<\/td><td align=\"right\"><\/td><td>&nbsp;<\/td><td>05.11.2021<\/td><td>Deratiz\u00e1cia Cibulov\u00e1, s.r.o.<\/td><td>Bakossova 14464\/3E, BB<\/td><td>51660199<\/td><td>PhDr. \u013dubom\u00edr Tich\u00fd<\/td><td>riadite\u013e<\/td><\/tr>\n<tr><td>47.<\/td><td>Deratiz\u00e1cia budovy<\/td><td align=\"right\">243,00 \u20ac<\/td><td>&nbsp;<\/td><td>08.11.2021<\/td><td>Deratiz\u00e1cia Cibulov\u00e1, s.r.o.<\/td><td>Bakossova 14464\/3E, BB<\/td><td>51660199<\/td><td>PhDr. \u013dubom\u00edr Tich\u00fd<\/td><td>riadite\u013e<\/td><\/tr>\n<tr><td>48.<\/td><td>Respir\u00e1tory, dezinfek.<\/td><td align=\"right\">124,60 \u20ac<\/td><td>&nbsp;<\/td><td>11.11.2021<\/td><td>Tripsy, s.r.o.<\/td><td>Slia\u010dska 1E, BA<\/td><td>52724077<\/td><td>PhDr. \u013dubom\u00edr Tich\u00fd<\/td><td>riadite\u013e<\/td><\/tr>\n<tr><td>49.<\/td><td>Reflektor so senzorom<\/td><td align=\"right\">34,27 \u20ac<\/td><td>&nbsp;<\/td><td>15.11.2021<\/td><td>Donoci, s.r.o.<\/td><td>Pra\u017esk\u00e1 2532\/4, Blansko<\/td><td>47539569<\/td><td>PhDr. \u013dubom\u00edr Tich\u00fd<\/td><td>riadite\u013e<\/td><\/tr>\n<tr><td>50.<\/td><td>Biofeedbackov\u00fd pr\u00edstroj<\/td><td align=\"right\">8&nbsp;275,00 \u20ac<\/td><td>&nbsp;<\/td><td>22.11.2021<\/td><td>Optimal Performance, s.r.o.<\/td><td>Garbiarska 3948, Lipt.Mikul\u00e1\u0161<\/td><td>44433115<\/td><td>PhDr. \u013dubom\u00edr Tich\u00fd<\/td><td>riadite\u013e<\/td><\/tr>\n<tr><td>51.<\/td><td>Rev\u00edzia kom\u00ednov<\/td><td align=\"right\">100,00 \u20ac<\/td><td>&nbsp;<\/td><td>22.11.2021<\/td><td>Mu\u017ei v \u010diernom s.r.o.<\/td><td>Javorn\u00edcka 27, BB<\/td><td>52112110<\/td><td>PhDr. \u013dubom\u00edr Tich\u00fd<\/td><td>riadite\u013e<\/td><\/tr>\n<tr><td>52.<\/td><td>Hygienick\u00e9 potreby<\/td><td align=\"right\">131,95 \u20ac<\/td><td>&nbsp;<\/td><td>25.11.2021<\/td><td>Europapier Slovensko s.r.o.<\/td><td>Pan\u00f3nska cesta 40, BA<\/td><td>31344381<\/td><td>PhDr. \u013dubom\u00edr Tich\u00fd<\/td><td>riadite\u013e<\/td><\/tr>\n<tr><td>53.<\/td><td>Tla\u010d dokumentov<\/td><td align=\"right\">277,14 \u20ac<\/td><td>&nbsp;<\/td><td>26.11.2021<\/td><td>RSP Alfa s.r.o.<\/td><td>Kyjevsk\u00e9 n\u00e1mestie 2, BB<\/td><td>36644081<\/td><td>PhDr. \u013dubom\u00edr Tich\u00fd<\/td><td>riadite\u013e<\/td><\/tr>\n<tr><td>54.<\/td><td>Servis mot. vozidla<\/td><td align=\"right\">286,75 \u20ac<\/td><td>&nbsp;<\/td><td>29.11.2021<\/td><td>Lion Car, s.r.o.<\/td><td>Partiz\u00e1nska cesta 275, BB<\/td><td>36053961<\/td><td>PhDr. \u013dubom\u00edr Tich\u00fd<\/td><td>riadite\u013e<\/td><\/tr>\n<tr><td>55.<\/td><td>Testy \u0161pec-pedagog.<\/td><td align=\"right\">558,90 \u20ac<\/td><td>&nbsp;<\/td><td>29.11.2021<\/td><td>Plus dialog, s.r.o.<\/td><td>Teheln\u00e1 26, BA<\/td><td>50262041<\/td><td>PhDr. \u013dubom\u00edr Tich\u00fd<\/td><td>riadite\u013e<\/td><\/tr>\n<tr><td>56.<\/td><td>Testy psych.<\/td><td align=\"right\">284,38 \u20ac<\/td><td>&nbsp;<\/td><td>29.11.2021<\/td><td>Hogrefe-Testcentrum<\/td><td>Antala Sta\u0161ka 78, Praha<\/td><td>26159392<\/td><td>PhDr. \u013dubom\u00edr Tich\u00fd<\/td><td>riadite\u013e<\/td><\/tr>\n<tr><td>57.<\/td><td>Testy \u0161pec-pedagog.<\/td><td align=\"right\">315,00 \u20ac<\/td><td>&nbsp;<\/td><td>29.11.2021<\/td><td>Psychoeduk\u00e1cia, s.r.o.<\/td><td>Jablo\u0148ov\u00e1 8, Dunajsk\u00e1 Lu\u017en\u00e1<\/td><td>50978471<\/td><td>PhDr. \u013dubom\u00edr Tich\u00fd<\/td><td>riadite\u013e<\/td><\/tr>\n<tr><td>58.<\/td><td>\u00daradn\u00e9 meranie spotreby paliva auta<\/td><td align=\"right\">336,00 \u20ac<\/td><td>&nbsp;<\/td><td>02.12.2021<\/td><td>Ing.Igor \u0160krob\u00e1nek-O.P.C.D.<\/td><td>Na Skot\u0148u 471\/54, Tep. n.V\u00e1hom<\/td><td>14255791<\/td><td>PhDr. \u013dubom\u00edr Tich\u00fd<\/td><td>riadite\u013e<\/td><\/tr>\n<tr><td>59.<\/td><td>Jed\u00e1lne kup\u00f3ny<\/td><td align=\"right\">892,00 \u20ac<\/td><td>&nbsp;<\/td><td>03.12.2021<\/td><td>Up Slovensko s.r.o.<\/td><td>Tom\u00e1\u0161ikova 23\/D, BA<\/td><td>31396674<\/td><td>PhDr. \u013dubom\u00edr Tich\u00fd<\/td><td>riadite\u013e<\/td><\/tr>\n<tr><td>60.<\/td><td>Antig\u00e9nov\u00e9 testy<\/td><td align=\"right\">279,00 \u20ac<\/td><td>&nbsp;<\/td><td>06.12.2021<\/td><td>Elan Group, s.r.o.<\/td><td>Jakovany 119, Jakovany<\/td><td>47821558<\/td><td>PhDr. \u013dubom\u00edr Tich\u00fd<\/td><td>riadite\u013e<\/td><\/tr>\n<tr><td>61.<\/td><td>Respir\u00e1tory<\/td><td align=\"right\">431,00 \u20ac<\/td><td>&nbsp;<\/td><td>08.12.2021<\/td><td>Tripsy, s.r.o.<\/td><td>Slia\u010dska 1E, BA<\/td><td>52724077<\/td><td>PhDr. \u013dubom\u00edr Tich\u00fd<\/td><td>riadite\u013e<\/td><\/tr>\n<tr><td>62.<\/td><td>Odvlh\u010denie muriva<\/td><td align=\"right\">2&nbsp;485,20 \u20ac<\/td><td>&nbsp;<\/td><td>08.12.2021<\/td><td>Axall, s.r.o.<\/td><td>Malodunajsk\u00e1 c.4635, Kom\u00e1rno<\/td><td>35919558<\/td><td>PhDr. \u013dubom\u00edr Tich\u00fd<\/td><td>riadite\u013e<\/td><\/tr>\n<tr><td>63.<\/td><td>PC, monitory<\/td><td align=\"right\">999,00 \u20ac<\/td><td>&nbsp;<\/td><td>08.12.2021<\/td><td>Senda s.r.o.<\/td><td>Kynce\u013eov\u00e1 4316\/10, Kynce\u013eov\u00e1<\/td><td>47946555<\/td><td>PhDr. \u013dubom\u00edr Tich\u00fd<\/td><td>riadite\u013e<\/td><\/tr>\n<tr><td>64.<\/td><td>Krovinrez<\/td><td align=\"right\">399,00 \u20ac<\/td><td>&nbsp;<\/td><td>16.12.2021<\/td><td>PREDOS &#8211; BB, s.r.o.<\/td><td>Podhr\u00e1dok 37, Predajn\u00e1<\/td><td>36625086<\/td><td>PhDr. \u013dubom\u00edr Tich\u00fd<\/td><td>riadite\u013e<\/td><\/tr>\n<tr><td>65.<\/td><td>Koberce<\/td><td align=\"right\">217,88 \u20ac<\/td><td>&nbsp;<\/td><td>16.12.2021<\/td><td>M.Dlabajov\u00e1-GARMIO<\/td><td>Partiz\u00e1nska 42, BB<\/td><td>34704655<\/td><td>PhDr. \u013dubom\u00edr Tich\u00fd<\/td><td>riadite\u013e<\/td><\/tr>\n<tr><td>66.<\/td><td>Jed\u00e1lne kup\u00f3ny<\/td><td align=\"right\">1&nbsp;060,00 \u20ac<\/td><td>&nbsp;<\/td><td>17.12.2021<\/td><td>Up Slovensko s.r.o.<\/td><td>Tom\u00e1\u0161ikova 23\/D, BA<\/td><td>31396674<\/td><td>PhDr. \u013dubom\u00edr Tich\u00fd<\/td><td>riadite\u013e<\/td><\/tr>\n\n        <!-- END LINES -->\n      <\/tbody><\/table>\n\n\n\n<p><\/p>\n","protected":false},"excerpt":{"rendered":"<p>(z\u00e1kon 546\/2010) Objedn\u00e1vky v zmysle \u00a7 5b z\u00e1kona \u010d. 211\/2000 Z. z. v znen\u00ed neskor\u0161\u00edch zmien a doplnkov. &nbsp; 6. \u00dadaje o dod\u00e1vate\u013eovi 7. Osoba, ktor\u00e1 podp\u00edsala objedn\u00e1vku 1. \u010c. obj. 2. Popis obj. 3. Suma s DPH 4. \u010c. zmluvy 5. D\u00e1tum 6a. N\u00e1zov 6b. Adresa 6c. I\u010cO Meno a priezvisko Funkcia 1. Jed\u00e1lne&#8230;<\/p>\n","protected":false},"author":1,"featured_media":0,"parent":121,"menu_order":1,"comment_status":"closed","ping_status":"closed","template":"","meta":{"footnotes":""},"class_list":["post-176","page","type-page","status-publish","hentry"],"_links":{"self":[{"href":"https:\/\/www.cpppap.svsbb.sk\/index.php?rest_route=\/wp\/v2\/pages\/176","targetHints":{"allow":["GET"]}}],"collection":[{"href":"https:\/\/www.cpppap.svsbb.sk\/index.php?rest_route=\/wp\/v2\/pages"}],"about":[{"href":"https:\/\/www.cpppap.svsbb.sk\/index.php?rest_route=\/wp\/v2\/types\/page"}],"author":[{"embeddable":true,"href":"https:\/\/www.cpppap.svsbb.sk\/index.php?rest_route=\/wp\/v2\/users\/1"}],"replies":[{"embeddable":true,"href":"https:\/\/www.cpppap.svsbb.sk\/index.php?rest_route=%2Fwp%2Fv2%2Fcomments&post=176"}],"version-history":[{"count":2,"href":"https:\/\/www.cpppap.svsbb.sk\/index.php?rest_route=\/wp\/v2\/pages\/176\/revisions"}],"predecessor-version":[{"id":304,"href":"https:\/\/www.cpppap.svsbb.sk\/index.php?rest_route=\/wp\/v2\/pages\/176\/revisions\/304"}],"up":[{"embeddable":true,"href":"https:\/\/www.cpppap.svsbb.sk\/index.php?rest_route=\/wp\/v2\/pages\/121"}],"wp:attachment":[{"href":"https:\/\/www.cpppap.svsbb.sk\/index.php?rest_route=%2Fwp%2Fv2%2Fmedia&parent=176"}],"curies":[{"name":"wp","href":"https:\/\/api.w.org\/{rel}","templated":true}]}}