{"id":186,"date":"2024-07-27T14:39:10","date_gmt":"2024-07-27T12:39:10","guid":{"rendered":"http:\/\/www.cpppap.svsbb.sk\/new\/?page_id=186"},"modified":"2026-01-22T18:03:36","modified_gmt":"2026-01-22T17:03:36","slug":"objednavky-2","status":"publish","type":"page","link":"https:\/\/www.cpppap.svsbb.sk\/?page_id=186","title":{"rendered":"Fakt\u00fary"},"content":{"rendered":"\n<h2 class=\"wp-block-heading\">(z\u00e1kon 546\/2010)<\/h2>\n\n\n\n<p>Fakt\u00fary za tovary, slu\u017eby a pr\u00e1ce v zmysle \u00a7 5b, z\u00e1kona 211\/2000 Z. z. v znen\u00ed neskor\u0161\u00edch zmien a doplnkov.<\/p>\n\n\n\n<table id=\"zverejnovanie\" rules=\"cols\" border=\"1\">\n        <tbody><tr class=\"row1\">\n          <td colspan=\"6\">&nbsp;<\/td>\n          <td colspan=\"3\">7. \u00dadaje o dod\u00e1vate\u013eovi<\/td>\n        <\/tr>\n        <tr class=\"row1\">\n          <td>1. \u010c\u00edslo FA<\/td>\n          <td width=\"250\">2. Popis FA<\/td>\n          <td>3. Suma s DPH<\/td>\n          <td>4. \u010c. zmluvy<\/td>\n          <td>5. \u010c\u00edslo obj.<\/td>\n          <td>6. D\u00e1tum doru\u010d. <\/td>\n          <td>7a. N\u00e1zov<\/td>\n          <td>7b. Adresa <\/td>\n          <td width=\"60\">7c. I\u010cO <\/td>\n        <\/tr>\n        <!-- BEGIN ROWS --> \n\n<tr><td><\/td><td><\/td><td align=\"right\"><\/td><td>\t&nbsp;\t<\/td><td><\/td><td><\/td><td><\/td><td><\/td><\/tr>\n\n\n          \n\t<!-- END ROWS -->\n        \n      <\/tbody><\/table>\n\n\n\n<h2 class=\"wp-block-heading\"><strong>Arch\u00edv<\/strong><\/h2>\n\n\n\n<div class=\"wp-block-columns is-layout-flex wp-container-core-columns-is-layout-9d6595d7 wp-block-columns-is-layout-flex\">\n<div class=\"wp-block-column is-layout-flow wp-block-column-is-layout-flow\">\n<ul class=\"wp-block-list\">\n<li><a href=\"https:\/\/www.cpppap.svsbb.sk\/?page_id=811\" data-type=\"page\" data-id=\"1010\">Fakt\u00fary &#8211; 2025<\/a><\/li>\n\n\n\n<li><a href=\"https:\/\/www.cpppap.svsbb.sk\/?page_id=1010\" data-type=\"page\" data-id=\"811\">Fakt\u00fary &#8211; 2024<\/a><\/li>\n\n\n\n<li><a href=\"http:\/\/www.cpppap.svsbb.sk\/?page_id=709\" data-type=\"page\" data-id=\"709\">Fakt\u00fary &#8211; 2023<\/a><\/li>\n\n\n\n<li><a href=\"http:\/\/www.cpppap.svsbb.sk\/new\/?page_id=198\" data-type=\"page\" data-id=\"198\" rel=\"nofollow\">Fakt\u00fary &#8211; 2022<\/a><\/li>\n\n\n\n<li><a href=\"http:\/\/www.cpppap.svsbb.sk\/new\/?page_id=197\" data-type=\"page\" data-id=\"197\" rel=\"nofollow\">Fakt\u00fary &#8211; 2021<\/a><\/li>\n\n\n\n<li><a href=\"http:\/\/www.cpppap.svsbb.sk\/new\/?page_id=196\" data-type=\"page\" data-id=\"196\" rel=\"nofollow\">Fakt\u00fary &#8211; 2020<\/a><\/li>\n\n\n\n<li><a href=\"http:\/\/www.cpppap.svsbb.sk\/new\/?page_id=195\" data-type=\"page\" data-id=\"195\" rel=\"nofollow\">Fakt\u00fary &#8211; 2019<\/a><\/li>\n\n\n\n<li><a href=\"http:\/\/www.cpppap.svsbb.sk\/new\/?page_id=194\" data-type=\"page\" data-id=\"194\" rel=\"nofollow\">Fakt\u00fary &#8211; 2018<\/a><\/li>\n<\/ul>\n<\/div>\n\n\n\n<div class=\"wp-block-column is-layout-flow wp-block-column-is-layout-flow\">\n<ul class=\"wp-block-list\">\n<li><a href=\"http:\/\/www.cpppap.svsbb.sk\/new\/?page_id=193\" data-type=\"page\" data-id=\"193\" rel=\"nofollow\">Fakt\u00fary &#8211; 2017<\/a><\/li>\n\n\n\n<li><a href=\"http:\/\/www.cpppap.svsbb.sk\/new\/?page_id=192\" data-type=\"page\" data-id=\"192\" rel=\"nofollow\">Fakt\u00fary &#8211; 2016<\/a><\/li>\n\n\n\n<li><a href=\"http:\/\/www.cpppap.svsbb.sk\/new\/?page_id=191\" data-type=\"page\" data-id=\"191\" rel=\"nofollow\">Fakt\u00fary &#8211; 2015<\/a><\/li>\n\n\n\n<li><a href=\"http:\/\/www.cpppap.svsbb.sk\/new\/?page_id=190\" data-type=\"page\" data-id=\"190\" rel=\"nofollow\">Fakt\u00fary &#8211; 2014<\/a><\/li>\n\n\n\n<li><a href=\"http:\/\/www.cpppap.svsbb.sk\/new\/?page_id=189\" data-type=\"page\" data-id=\"189\" rel=\"nofollow\">Fakt\u00fary &#8211; 2013<\/a><\/li>\n\n\n\n<li><a href=\"http:\/\/www.cpppap.svsbb.sk\/new\/?page_id=188\" data-type=\"page\" data-id=\"188\" rel=\"nofollow\">Fakt\u00fary &#8211; 2012<\/a><\/li>\n\n\n\n<li><a href=\"http:\/\/www.cpppap.svsbb.sk\/new\/?page_id=187\" data-type=\"page\" data-id=\"187\" rel=\"nofollow\">Fakt\u00fary &#8211; 2011<\/a><\/li>\n<\/ul>\n<\/div>\n<\/div>\n\n\n\n<p><\/p>\n","protected":false},"excerpt":{"rendered":"<p>(z\u00e1kon 546\/2010) Fakt\u00fary za tovary, slu\u017eby a pr\u00e1ce v zmysle \u00a7 5b, z\u00e1kona 211\/2000 Z. z. v znen\u00ed neskor\u0161\u00edch zmien a doplnkov. &nbsp; 7. \u00dadaje o dod\u00e1vate\u013eovi 1. \u010c\u00edslo FA 2. Popis FA 3. Suma s DPH 4. \u010c. zmluvy 5. \u010c\u00edslo obj. 6. D\u00e1tum doru\u010d. 7a. N\u00e1zov 7b. Adresa 7c. I\u010cO &nbsp; Arch\u00edv<\/p>\n","protected":false},"author":1,"featured_media":0,"parent":107,"menu_order":0,"comment_status":"closed","ping_status":"closed","template":"","meta":{"footnotes":""},"class_list":["post-186","page","type-page","status-publish","hentry"],"_links":{"self":[{"href":"https:\/\/www.cpppap.svsbb.sk\/index.php?rest_route=\/wp\/v2\/pages\/186","targetHints":{"allow":["GET"]}}],"collection":[{"href":"https:\/\/www.cpppap.svsbb.sk\/index.php?rest_route=\/wp\/v2\/pages"}],"about":[{"href":"https:\/\/www.cpppap.svsbb.sk\/index.php?rest_route=\/wp\/v2\/types\/page"}],"author":[{"embeddable":true,"href":"https:\/\/www.cpppap.svsbb.sk\/index.php?rest_route=\/wp\/v2\/users\/1"}],"replies":[{"embeddable":true,"href":"https:\/\/www.cpppap.svsbb.sk\/index.php?rest_route=%2Fwp%2Fv2%2Fcomments&post=186"}],"version-history":[{"count":21,"href":"https:\/\/www.cpppap.svsbb.sk\/index.php?rest_route=\/wp\/v2\/pages\/186\/revisions"}],"predecessor-version":[{"id":1028,"href":"https:\/\/www.cpppap.svsbb.sk\/index.php?rest_route=\/wp\/v2\/pages\/186\/revisions\/1028"}],"up":[{"embeddable":true,"href":"https:\/\/www.cpppap.svsbb.sk\/index.php?rest_route=\/wp\/v2\/pages\/107"}],"wp:attachment":[{"href":"https:\/\/www.cpppap.svsbb.sk\/index.php?rest_route=%2Fwp%2Fv2%2Fmedia&parent=186"}],"curies":[{"name":"wp","href":"https:\/\/api.w.org\/{rel}","templated":true}]}}