{"id":219,"date":"2024-07-27T14:42:37","date_gmt":"2024-07-27T12:42:37","guid":{"rendered":"http:\/\/www.cpppap.svsbb.sk\/new\/?page_id=219"},"modified":"2025-06-20T19:33:58","modified_gmt":"2025-06-20T17:33:58","slug":"objednavky-2-3-2","status":"publish","type":"page","link":"https:\/\/www.cpppap.svsbb.sk\/?page_id=219","title":{"rendered":"Vo\u013en\u00e9 pracovn\u00e9 miesta"},"content":{"rendered":"\n<p>N\u00e1zov:<br>Centrum poradenstva a prevencie<\/p>\n\n\n\n<p>Adresa:<br>Ml\u00e1de\u017en\u00edcka 34, Bansk\u00e1 Bystrica, 974 04<\/p>\n\n\n\n<p>Kontakt:<br>048\/4134751-2, podatelna@cppbb.sk<\/p>\n\n\n\n<p>Kateg\u00f3ria zamestnanca:<br>psychol\u00f3g<\/p>\n\n\n\n<p>Kvalifika\u010dn\u00e9 prepoklady:<br>v zmysle Vyhl\u00e1\u0161ky M\u0160VVa\u0160 SR 1\/2020 Z. z. o kvalifika\u010dn\u00fdch predpokladoch pedagogick\u00fdch zamestnancov a odborn\u00fdch zamestnancov, Pr\u00edloha 11<\/p>\n\n\n\n<p>Zoznam po\u017eadovan\u00fdch dokladov:<br>V\u0160 diplom (neoveren\u00e1 k\u00f3pia), \u0161trukt\u00farovan\u00fd \u017eivotopis, kontaktn\u00e9 \u00fadaje vr\u00e1tane e-mailovej adresy, s\u00fahlas so spracovan\u00edm osobn\u00fdch \u00fadajov<\/p>\n\n\n\n<p>In\u00e9 po\u017eiadavky:<br>pokro\u010dil\u00e9 ovl\u00e1danie \u0161tatistick\u00e9ho programu IBM SPSS STATISTICS je podmienkou, v\u00edtan\u00e1 je predch\u00e1dzaj\u00faca prax (vr\u00e1tane po\u010das univerzitn\u00e9ho \u0161t\u00fadia) v odbore, poz\u00edcia je vhodn\u00e1 aj pre absolventa<\/p>\n\n\n\n<p>Pozn\u00e1mka:<br>ide pracovn\u00fd pomer na dobu ur\u010dit\u00fa (zastupovanie MD\/RD), n\u00e1stup 19.09.2022, \u017eiadosti zasla\u0165 e-mailom do 12.9.2022 do 10:00 hod.<\/p>\n\n\n\n<p><\/p>\n","protected":false},"excerpt":{"rendered":"<p>N\u00e1zov:Centrum poradenstva a prevencie Adresa:Ml\u00e1de\u017en\u00edcka 34, Bansk\u00e1 Bystrica, 974 04 Kontakt:048\/4134751-2, podatelna@cppbb.sk Kateg\u00f3ria zamestnanca:psychol\u00f3g Kvalifika\u010dn\u00e9 prepoklady:v zmysle Vyhl\u00e1\u0161ky M\u0160VVa\u0160 SR 1\/2020 Z. z. o kvalifika\u010dn\u00fdch predpokladoch pedagogick\u00fdch zamestnancov a odborn\u00fdch zamestnancov, Pr\u00edloha 11 Zoznam po\u017eadovan\u00fdch dokladov:V\u0160 diplom (neoveren\u00e1 k\u00f3pia), \u0161trukt\u00farovan\u00fd \u017eivotopis, kontaktn\u00e9 \u00fadaje vr\u00e1tane e-mailovej adresy, s\u00fahlas so spracovan\u00edm osobn\u00fdch \u00fadajov In\u00e9 po\u017eiadavky:pokro\u010dil\u00e9 ovl\u00e1danie \u0161tatistick\u00e9ho&#8230;<\/p>\n","protected":false},"author":1,"featured_media":0,"parent":107,"menu_order":0,"comment_status":"closed","ping_status":"closed","template":"","meta":{"footnotes":""},"class_list":["post-219","page","type-page","status-publish","hentry"],"_links":{"self":[{"href":"https:\/\/www.cpppap.svsbb.sk\/index.php?rest_route=\/wp\/v2\/pages\/219","targetHints":{"allow":["GET"]}}],"collection":[{"href":"https:\/\/www.cpppap.svsbb.sk\/index.php?rest_route=\/wp\/v2\/pages"}],"about":[{"href":"https:\/\/www.cpppap.svsbb.sk\/index.php?rest_route=\/wp\/v2\/types\/page"}],"author":[{"embeddable":true,"href":"https:\/\/www.cpppap.svsbb.sk\/index.php?rest_route=\/wp\/v2\/users\/1"}],"replies":[{"embeddable":true,"href":"https:\/\/www.cpppap.svsbb.sk\/index.php?rest_route=%2Fwp%2Fv2%2Fcomments&post=219"}],"version-history":[{"count":3,"href":"https:\/\/www.cpppap.svsbb.sk\/index.php?rest_route=\/wp\/v2\/pages\/219\/revisions"}],"predecessor-version":[{"id":888,"href":"https:\/\/www.cpppap.svsbb.sk\/index.php?rest_route=\/wp\/v2\/pages\/219\/revisions\/888"}],"up":[{"embeddable":true,"href":"https:\/\/www.cpppap.svsbb.sk\/index.php?rest_route=\/wp\/v2\/pages\/107"}],"wp:attachment":[{"href":"https:\/\/www.cpppap.svsbb.sk\/index.php?rest_route=%2Fwp%2Fv2%2Fmedia&parent=219"}],"curies":[{"name":"wp","href":"https:\/\/api.w.org\/{rel}","templated":true}]}}