{"id":222,"date":"2024-07-27T14:44:19","date_gmt":"2024-07-27T12:44:19","guid":{"rendered":"http:\/\/www.cpppap.svsbb.sk\/new\/?page_id=222"},"modified":"2024-08-09T16:26:17","modified_gmt":"2024-08-09T14:26:17","slug":"objednavky-2-3","status":"publish","type":"page","link":"https:\/\/www.cpppap.svsbb.sk\/?page_id=222","title":{"rendered":"Spr\u00e1vy o z\u00e1kazk\u00e1ch s n\u00edzkou hodnotou"},"content":{"rendered":"\n<h2 class=\"wp-block-heading\">(\u00a7 102, z\u00e1kona \u010d. 25\/2006 Z.z. o VO)<\/h2>\n\n\n\n<table id=\"zverejnovanie\" rules=\"cols\" border=\"1\">\n        <tbody><tr class=\"row1\">\n          <td>\u010c\u00edslo<\/td>\n          <td>N\u00e1zov<\/td>\n          <td>Pridan\u00e9 d\u0148a<\/td>\n        <\/tr>\n        <tr>\n          <td>1.<\/td>\n          <td><a class=\"pdf_icon\" href=\"..\/download\/documents\/sprava_2011_2Q.pdf\" target=\"_blank\" rel=\"noopener\">spr\u00e1va za 2. \u0161tvr\u0165rok 2011<\/a><\/td>\n          <td>Pridan\u00e9 d\u0148a: 06.07.2011<\/td>\n        <\/tr>\n        <tr>\n          <td>2.<\/td>\n          <td><a class=\"pdf_icon\" href=\"..\/download\/documents\/sprava_2011_3Q.pdf\" target=\"_blank\" rel=\"noopener\">spr\u00e1va za 3. \u0161tvr\u0165rok 2011<\/a><\/td>\n          <td>Pridan\u00e9 d\u0148a: 03.10.2011<\/td>\n        <\/tr>\n        <tr>\n          <td>3.<\/td>\n          <td><a class=\"pdf_icon\" href=\"..\/download\/documents\/sprava_2011_4Q.pdf\" target=\"_blank\" rel=\"noopener\">spr\u00e1va za 4. \u0161tvr\u0165rok 2011<\/a><\/td>\n          <td>Pridan\u00e9 d\u0148a: 09.01.2012<\/td>\n        <\/tr>\n        <tr>\n          <td>4.<\/td>\n          <td><a class=\"pdf_icon\" href=\"..\/download\/documents\/sprava_2012_1Q.pdf\" target=\"_blank\" rel=\"noopener\">spr\u00e1va za 1. \u0161tvr\u0165rok 2012<\/a><\/td>\n          <td>Pridan\u00e9 d\u0148a: 18.04.2012<\/td>\n        <\/tr>\n        <tr>\n          <td>5.<\/td>\n          <td><a class=\"pdf_icon\" href=\"..\/download\/documents\/sprava_2012_2Q.pdf\" target=\"_blank\" rel=\"noopener\">spr\u00e1va za 2. \u0161tvr\u0165rok 2012<\/a><\/td>\n          <td>Pridan\u00e9 d\u0148a: 19.07.2012<\/td>\n        <\/tr>\n        <tr>\n          <td>6.<\/td>\n          <td><a class=\"pdf_icon\" href=\"..\/download\/documents\/sprava_2012_3Q.pdf\" target=\"_blank\" rel=\"noopener\">spr\u00e1va za 3. \u0161tvr\u0165rok 2012<\/a><\/td>\n          <td>Pridan\u00e9 d\u0148a: 05.10.2012<\/td>\n        <\/tr>\n        <tr>\n          <td>5.<\/td>\n          <td><a class=\"pdf_icon\" href=\"..\/download\/documents\/sprava_2012_4Q.pdf\" target=\"_blank\" rel=\"noopener\">spr\u00e1va za 4. \u0161tvr\u0165rok 2012<\/a><\/td>\n          <td>Pridan\u00e9 d\u0148a: 03.01.2013<\/td>\n        <\/tr>\n        <tr>\n          <td>6.<\/td>\n          <td><a class=\"pdf_icon\" href=\"..\/download\/documents\/sprava_2013_1Q.pdf\" target=\"_blank\" rel=\"noopener\">spr\u00e1va za 1. \u0161tvr\u0165rok 2013<\/a><\/td>\n          <td>Pridan\u00e9 d\u0148a: 08.04.2013<\/td>\n        <\/tr>\n        <tr>\n          <td>7.<\/td>\n          <td><a class=\"pdf_icon\" href=\"..\/download\/documents\/sprava_2013_2Q.pdf\" target=\"_blank\" rel=\"noopener\">spr\u00e1va za 2. \u0161tvr\u0165rok 2013<\/a><\/td>\n          <td>Pridan\u00e9 d\u0148a: 05.07.2013<\/td>\n        <\/tr>\n        <tr>\n          <td>8.<\/td>\n          <td><a class=\"pdf_icon\" href=\"..\/download\/documents\/sprava_2013_3Q.pdf\" target=\"_blank\" rel=\"noopener\">spr\u00e1va za 3. \u0161tvr\u0165rok 2013<\/a><\/td>\n          <td>Pridan\u00e9 d\u0148a: 06.10.2013<\/td>\n        <\/tr>\n        <tr>\n          <td>9.<\/td>\n          <td><a class=\"pdf_icon\" href=\"..\/download\/documents\/sprava_2013_4Q.pdf\" target=\"_blank\" rel=\"noopener\">spr\u00e1va za 4. \u0161tvr\u0165rok 2013<\/a><\/td>\n          <td>Pridan\u00e9 d\u0148a: 07.01.2014<\/td>\n        <\/tr>\n        <tr>\n          <td>10.<\/td>\n          <td><a class=\"pdf_icon\" href=\"..\/download\/documents\/sprava_2014_1Q.pdf\" target=\"_blank\" rel=\"noopener\">spr\u00e1va za 1. \u0161tvr\u0165rok 2014<\/a><\/td>\n          <td>Pridan\u00e9 d\u0148a: 01.04.2014<\/td>\n        <\/tr>\n        <tr>\n          <td>11.<\/td>\n          <td><a class=\"pdf_icon\" href=\"..\/download\/documents\/sprava_2014_2Q.pdf\" target=\"_blank\" rel=\"noopener\">spr\u00e1va za 2. \u0161tvr\u0165rok 2014<\/a><\/td>\n          <td>Pridan\u00e9 d\u0148a: 01.07.2014<\/td>\n        <\/tr>\n        <tr>\n          <td>12.<\/td>\n          <td><a class=\"pdf_icon\" href=\"..\/download\/documents\/sprava_2014_3Q.pdf\" target=\"_blank\" rel=\"noopener\">spr\u00e1va za 3. \u0161tvr\u0165rok 2014<\/a><\/td>\n          <td>Pridan\u00e9 d\u0148a: 01.10.2014<\/td>\n        <\/tr>\n        <tr>\n          <td>13.<\/td>\n          <td><a class=\"pdf_icon\" href=\"..\/download\/documents\/sprava_2014_4Q.pdf\" target=\"_blank\" rel=\"noopener\">spr\u00e1va za 4. \u0161tvr\u0165rok 2014<\/a><\/td>\n          <td>Pridan\u00e9 d\u0148a: 07.01.2015<\/td>\n        <\/tr>\n        <tr>\n          <td>14.<\/td>\n          <td><a class=\"pdf_icon\" href=\"..\/download\/documents\/sprava_2015_1Q.pdf\" target=\"_blank\" rel=\"noopener\">spr\u00e1va za 1. \u0161tvr\u0165rok 2015<\/a><\/td>\n          <td>Pridan\u00e9 d\u0148a: 01.04.2015<\/td>\n        <\/tr>\n        <tr>\n          <td>15.<\/td>\n          <td><a class=\"pdf_icon\" href=\"..\/download\/documents\/sprava_2015_2Q.pdf\" target=\"_blank\" rel=\"noopener\">spr\u00e1va za 2. \u0161tvr\u0165rok 2015<\/a><\/td>\n          <td>Pridan\u00e9 d\u0148a: 07.07.2015<\/td>\n        <\/tr>\n        <tr>\n          <td>16.<\/td>\n          <td><a class=\"pdf_icon\" href=\"..\/download\/documents\/sprava_2015_3Q.pdf\" target=\"_blank\" rel=\"noopener\">spr\u00e1va za 3. \u0161tvr\u0165rok 2015<\/a><\/td>\n          <td>Pridan\u00e9 d\u0148a: 09.10.2015<\/td>\n        <\/tr>\n        <tr>\n          <td>17.<\/td>\n          <td><a class=\"pdf_icon\" href=\"..\/download\/documents\/sprava_2015_4Q.pdf\" target=\"_blank\" rel=\"noopener\">spr\u00e1va za 4. \u0161tvr\u0165rok 2015<\/a><\/td>\n          <td>Pridan\u00e9 d\u0148a: 09.01.2016<\/td>\n        <\/tr>\n        <tr>\n          <td>18.<\/td>\n          <td><a class=\"pdf_icon\" href=\"..\/download\/documents\/sprava_2016_1Q.pdf\" target=\"_blank\" rel=\"noopener\">spr\u00e1va za 1. \u0161tvr\u0165rok 2016<\/a><\/td>\n          <td>Pridan\u00e9 d\u0148a: 17.04.2016<\/td>\n        <\/tr>\n        <!--\n        <tr>\n          <td>#.<\/td>\n          <td><a class=\"pdf_icon\" href=\"..\/download\/documents\/sprava_2016_#Q.pdf\" target=\"_blank\" rel=\"noopener\">spr\u00e1va za X. \u0161tvr\u0165rok 2016<\/a><\/td>\n          <td>Pridan\u00e9 d\u0148a: XX.XX.2016<\/td>\n        <\/tr>\n\t\t-->\n      <\/tbody><\/table>\n\n\n\n<p><\/p>\n","protected":false},"excerpt":{"rendered":"<p>(\u00a7 102, z\u00e1kona \u010d. 25\/2006 Z.z. o VO) \u010c\u00edslo N\u00e1zov Pridan\u00e9 d\u0148a 1. spr\u00e1va za 2. \u0161tvr\u0165rok 2011 Pridan\u00e9 d\u0148a: 06.07.2011 2. spr\u00e1va za 3. \u0161tvr\u0165rok 2011 Pridan\u00e9 d\u0148a: 03.10.2011 3. spr\u00e1va za 4. \u0161tvr\u0165rok 2011 Pridan\u00e9 d\u0148a: 09.01.2012 4. spr\u00e1va za 1. \u0161tvr\u0165rok 2012 Pridan\u00e9 d\u0148a: 18.04.2012 5. spr\u00e1va za 2. \u0161tvr\u0165rok 2012 Pridan\u00e9&#8230;<\/p>\n","protected":false},"author":1,"featured_media":0,"parent":107,"menu_order":0,"comment_status":"closed","ping_status":"closed","template":"","meta":{"footnotes":""},"class_list":["post-222","page","type-page","status-publish","hentry"],"_links":{"self":[{"href":"https:\/\/www.cpppap.svsbb.sk\/index.php?rest_route=\/wp\/v2\/pages\/222","targetHints":{"allow":["GET"]}}],"collection":[{"href":"https:\/\/www.cpppap.svsbb.sk\/index.php?rest_route=\/wp\/v2\/pages"}],"about":[{"href":"https:\/\/www.cpppap.svsbb.sk\/index.php?rest_route=\/wp\/v2\/types\/page"}],"author":[{"embeddable":true,"href":"https:\/\/www.cpppap.svsbb.sk\/index.php?rest_route=\/wp\/v2\/users\/1"}],"replies":[{"embeddable":true,"href":"https:\/\/www.cpppap.svsbb.sk\/index.php?rest_route=%2Fwp%2Fv2%2Fcomments&post=222"}],"version-history":[{"count":3,"href":"https:\/\/www.cpppap.svsbb.sk\/index.php?rest_route=\/wp\/v2\/pages\/222\/revisions"}],"predecessor-version":[{"id":606,"href":"https:\/\/www.cpppap.svsbb.sk\/index.php?rest_route=\/wp\/v2\/pages\/222\/revisions\/606"}],"up":[{"embeddable":true,"href":"https:\/\/www.cpppap.svsbb.sk\/index.php?rest_route=\/wp\/v2\/pages\/107"}],"wp:attachment":[{"href":"https:\/\/www.cpppap.svsbb.sk\/index.php?rest_route=%2Fwp%2Fv2%2Fmedia&parent=222"}],"curies":[{"name":"wp","href":"https:\/\/api.w.org\/{rel}","templated":true}]}}