{"id":237,"date":"2024-07-27T15:00:22","date_gmt":"2024-07-27T13:00:22","guid":{"rendered":"http:\/\/www.cpppap.svsbb.sk\/new\/?page_id=237"},"modified":"2025-11-29T18:34:35","modified_gmt":"2025-11-29T17:34:35","slug":"zverejnovanie-2","status":"publish","type":"page","link":"https:\/\/www.cpppap.svsbb.sk\/?page_id=237","title":{"rendered":"Z\u00e1kazky"},"content":{"rendered":"\n<h2 class=\"wp-block-heading\">Obsah<\/h2>\n\n\n\n<div class=\"wp-block-columns is-layout-flex wp-container-core-columns-is-layout-9d6595d7 wp-block-columns-is-layout-flex\">\n<div class=\"wp-block-column is-layout-flow wp-block-column-is-layout-flow\" style=\"flex-basis:66.66%\">\n<ol class=\"wp-block-list\">\n<li><a href=\"http:\/\/www.cpppap.svsbb.sk\/new\/?page_id=238\" data-type=\"page\" data-id=\"238\">Zad\u00e1vanie z\u00e1kaziek<\/a><\/li>\n\n\n\n<li><a href=\"#\">Oznamy a inform\u00e1cie<\/a><\/li>\n<\/ol>\n<\/div>\n<\/div>\n\n\n\n<p><strong>Verejn\u00fd obstar\u00e1vate\u013e:<\/strong> CPP Bansk\u00e1 Bystrica<br><strong>S\u00eddlo:<\/strong> Ml\u00e1de\u017en\u00edcka 34, Bansk\u00e1 Bystrica<br><strong>\u0160tatut\u00e1rny z\u00e1stupca:<\/strong> PhDr. \u013dubom\u00edr Tich\u00fd, riadite\u013e<\/p>\n\n\n\n<p>CPP je verejn\u00fdm obstar\u00e1vate\u013eom pod\u013ea \u00a7 6 ods. 1 p\u00edsm. d) z\u00e1kona \u010d. 25\/2006 o verejnom obstar\u00e1van\u00ed a o zmene a doplnen\u00ed niektor\u00fdch z\u00e1konov v znen\u00ed neskor\u0161\u00edch predpisov a pri zad\u00e1van\u00ed z\u00e1kaziek postupuje v zmysle jednotliv\u00fdch ustanoven\u00ed tohto Z\u00e1kona.<br>Verejn\u00fdm obstar\u00e1van\u00edm s\u00fa postupy pod\u013ea tohto Z\u00e1kona, ktor\u00fdm sa zad\u00e1vaj\u00fa z\u00e1kazky na dodanie tovaru, z\u00e1kazky na uskuto\u010dnenie stavebn\u00fdch pr\u00e1c, z\u00e1kazky na poskytnutie slu\u017eieb a s\u00fa\u0165a\u017e n\u00e1vrhov.<\/p>\n","protected":false},"excerpt":{"rendered":"<p>Obsah Verejn\u00fd obstar\u00e1vate\u013e: CPP Bansk\u00e1 BystricaS\u00eddlo: Ml\u00e1de\u017en\u00edcka 34, Bansk\u00e1 Bystrica\u0160tatut\u00e1rny z\u00e1stupca: PhDr. \u013dubom\u00edr Tich\u00fd, riadite\u013e CPP je verejn\u00fdm obstar\u00e1vate\u013eom pod\u013ea \u00a7 6 ods. 1 p\u00edsm. d) z\u00e1kona \u010d. 25\/2006 o verejnom obstar\u00e1van\u00ed a o zmene a doplnen\u00ed niektor\u00fdch z\u00e1konov v znen\u00ed neskor\u0161\u00edch predpisov a pri zad\u00e1van\u00ed z\u00e1kaziek postupuje v zmysle jednotliv\u00fdch ustanoven\u00ed tohto Z\u00e1kona.Verejn\u00fdm obstar\u00e1van\u00edm&#8230;<\/p>\n","protected":false},"author":1,"featured_media":0,"parent":231,"menu_order":0,"comment_status":"closed","ping_status":"closed","template":"","meta":{"footnotes":""},"class_list":["post-237","page","type-page","status-publish","hentry"],"_links":{"self":[{"href":"https:\/\/www.cpppap.svsbb.sk\/index.php?rest_route=\/wp\/v2\/pages\/237","targetHints":{"allow":["GET"]}}],"collection":[{"href":"https:\/\/www.cpppap.svsbb.sk\/index.php?rest_route=\/wp\/v2\/pages"}],"about":[{"href":"https:\/\/www.cpppap.svsbb.sk\/index.php?rest_route=\/wp\/v2\/types\/page"}],"author":[{"embeddable":true,"href":"https:\/\/www.cpppap.svsbb.sk\/index.php?rest_route=\/wp\/v2\/users\/1"}],"replies":[{"embeddable":true,"href":"https:\/\/www.cpppap.svsbb.sk\/index.php?rest_route=%2Fwp%2Fv2%2Fcomments&post=237"}],"version-history":[{"count":3,"href":"https:\/\/www.cpppap.svsbb.sk\/index.php?rest_route=\/wp\/v2\/pages\/237\/revisions"}],"predecessor-version":[{"id":940,"href":"https:\/\/www.cpppap.svsbb.sk\/index.php?rest_route=\/wp\/v2\/pages\/237\/revisions\/940"}],"up":[{"embeddable":true,"href":"https:\/\/www.cpppap.svsbb.sk\/index.php?rest_route=\/wp\/v2\/pages\/231"}],"wp:attachment":[{"href":"https:\/\/www.cpppap.svsbb.sk\/index.php?rest_route=%2Fwp%2Fv2%2Fmedia&parent=237"}],"curies":[{"name":"wp","href":"https:\/\/api.w.org\/{rel}","templated":true}]}}