{"id":239,"date":"2024-07-27T14:58:13","date_gmt":"2024-07-27T12:58:13","guid":{"rendered":"http:\/\/www.cpppap.svsbb.sk\/new\/?page_id=239"},"modified":"2024-07-27T15:03:53","modified_gmt":"2024-07-27T13:03:53","slug":"zverejnovanie-2-5","status":"publish","type":"page","link":"https:\/\/www.cpppap.svsbb.sk\/?page_id=239","title":{"rendered":"S\u00fahrnn\u00e9 spr\u00e1vy o\u00a0z\u00e1kazk\u00e1ch"},"content":{"rendered":"\n<p><strong>(\u00a7 9 ods. 9, \u010d. 25\/2006 Z. z.)<\/strong><\/p>\n\n\n\n<p><strong><u>Prv\u00e1 z\u00e1kazka<\/u><\/strong><\/p>\n\n\n\n<ol style=\"list-style-type:lower-alpha\" class=\"wp-block-list\">\n<li>Predmet z\u00e1kazky: Oprava po\u0161kodenej kanaliz\u00e1cie &#8211; hav\u00e1ria<\/li>\n\n\n\n<li>\u00daspe\u0161n\u00fd uch\u00e1dza\u010d: Peter Snopko SNOSTAV, Horn\u00e9 Pr\u0161any 126, 974 05<\/li>\n\n\n\n<li>Hodnota predmetu z\u00e1kazky vr\u00e1tane DPH: 1.990,12 \u20ac<\/li>\n\n\n\n<li>Objedn\u00e1vka zo d\u0148a 12.6.2012<\/li>\n\n\n\n<li>Garant: PhDr. \u013dubom\u00edr Tich\u00fd, riadite\u013e CPPPaP<\/li>\n<\/ol>\n\n\n\n<hr class=\"wp-block-separator has-alpha-channel-opacity\"\/>\n\n\n\n<p><strong><u>Druh\u00e1 z\u00e1kazka<\/u><\/strong><\/p>\n\n\n\n<ol style=\"list-style-type:lower-alpha\" class=\"wp-block-list\">\n<li>Predmet z\u00e1kazky: Vchodov\u00e9 dvere zadn\u00e9 na dvor<\/li>\n\n\n\n<li>\u00daspe\u0161n\u00fd uch\u00e1dza\u010d: MZ trade, s.r.o., Priemyseln\u00e1 1, 965 01\u00a0 Ladomersk\u00e1 Vieska<\/li>\n\n\n\n<li>Hodnota predmetu z\u00e1kazky vr\u00e1tane DPH: 1.843,91 \u20ac<\/li>\n\n\n\n<li>Zmluva zo d\u0148a 15.11.2012<\/li>\n\n\n\n<li>Garant: PhDr. \u013dubom\u00edr Tich\u00fd, riadite\u013e CPPPaP<\/li>\n<\/ol>\n\n\n\n<hr class=\"wp-block-separator has-alpha-channel-opacity\"\/>\n\n\n\n<p><strong><u>Tretia z\u00e1kazka<\/u><\/strong><\/p>\n\n\n\n<ol style=\"list-style-type:lower-alpha\" class=\"wp-block-list\">\n<li>Predmet z\u00e1kazky: Dod\u00e1vka a\u00a0mont\u00e1\u017e hlin\u00edkov\u00fdch dver\u00ed<\/li>\n\n\n\n<li>\u00daspe\u0161n\u00fd uch\u00e1dza\u010d: MZ trade, s.r.o., Priemyseln\u00e1 1, 965 01\u00a0 Ladomersk\u00e1 Vieska<\/li>\n\n\n\n<li>Hodnota predmetu z\u00e1kazky vr\u00e1tane DPH: 1.300,54 \u20ac<\/li>\n\n\n\n<li>Zmluva zo d\u0148a 21.1.2013<\/li>\n\n\n\n<li>Garant: PhDr. \u013dubom\u00edr Tich\u00fd, riadite\u013e CPPPaP<\/li>\n<\/ol>\n\n\n\n<hr class=\"wp-block-separator has-alpha-channel-opacity\"\/>\n\n\n\n<p><strong><u>\u0160tvrt\u00e1 z\u00e1kazka<\/u><\/strong><\/p>\n\n\n\n<ol style=\"list-style-type:lower-alpha\" class=\"wp-block-list\">\n<li>Predmet z\u00e1kazky: N\u00e1kup po\u010d\u00edta\u010dov HP ProDesk (4ks)<\/li>\n\n\n\n<li>\u00daspe\u0161n\u00fd uch\u00e1dza\u010d: ZERO BB, spol. s\u00a0r.o., Bakossova 56, 974 01 Bansk\u00e1 Bystrica<\/li>\n\n\n\n<li>Hodnota predmetu z\u00e1kazky vr\u00e1tane DPH: 1.992,- \u20ac<\/li>\n\n\n\n<li>Objedn\u00e1vka zo d\u0148a 10.12.2014<\/li>\n\n\n\n<li>Garant: PhDr. \u013dubom\u00edr Tich\u00fd, riadite\u013e CPPPaP<\/li>\n<\/ol>\n\n\n\n<hr class=\"wp-block-separator has-alpha-channel-opacity\"\/>\n\n\n\n<p><strong><u>Piata z\u00e1kazka<\/u><\/strong><\/p>\n\n\n\n<ol style=\"list-style-type:lower-alpha\" class=\"wp-block-list\">\n<li>Predmet z\u00e1kazky: Dvere hlin\u00edkov\u00e9 interi\u00e9rov\u00e9 + plastov\u00e9 okn\u00e1 2ks<\/li>\n\n\n\n<li>\u00daspe\u0161n\u00fd uch\u00e1dza\u010d: Ben-mont s.r.o., Sl\u00e1dkovi\u010dova 6\/37, 965 01\u00a0 \u017diar nad Hronom<\/li>\n\n\n\n<li>Hodnota predmetu z\u00e1kazky vr\u00e1tane DPH: 1.432,80 \u20ac<\/li>\n\n\n\n<li>Zmluva zo d\u0148a 19.11.2014<\/li>\n\n\n\n<li>Garant: PhDr. \u013dubom\u00edr Tich\u00fd, riadite\u013e CPPPaP<\/li>\n<\/ol>\n\n\n\n<hr class=\"wp-block-separator has-alpha-channel-opacity\"\/>\n\n\n\n<p><strong><u>\u0160iesta z\u00e1kazka<\/u><\/strong><\/p>\n\n\n\n<ol style=\"list-style-type:lower-alpha\" class=\"wp-block-list\">\n<li>Predmet z\u00e1kazky: Oprava WC \u2013 odstr\u00e1nenie havarijn\u00e9ho stavu\u00a0<\/li>\n\n\n\n<li>\u00daspe\u0161n\u00fd uch\u00e1dza\u010d: BB-TERMONTA s.r.o., Nov\u00fd svet 4771\/26, 974 01<\/li>\n\n\n\n<li>Bystrica<\/li>\n\n\n\n<li>Hodnota predmetu z\u00e1kazky vr\u00e1tane DPH: 13.966,43 \u20ac<\/li>\n\n\n\n<li>Zmluva zo d\u0148a 9.12.2014<\/li>\n\n\n\n<li>Garant: PhDr. \u013dubom\u00edr Tich\u00fd, riadite\u013e CPPPaP<\/li>\n<\/ol>\n\n\n\n<hr class=\"wp-block-separator has-alpha-channel-opacity\"\/>\n\n\n\n<p><strong><u>Siedma z\u00e1kazka<\/u><\/strong><\/p>\n\n\n\n<ol style=\"list-style-type:lower-alpha\" class=\"wp-block-list\">\n<li>Predmet z\u00e1kazky: Dod\u00e1vka a mont\u00e1\u017e elektroin\u0161tal\u00e1cie, vybudovanie isti\u010dovej skrine pre z\u00e1suvkov\u00e9 obvody v\u00a0budove CPPPaP<\/li>\n\n\n\n<li>\u00daspe\u0161n\u00fd uch\u00e1dza\u010d: J\u00e1n Chomi\u010d, Magursk\u00e1 55, 974 01\u00a0 Bansk\u00e1 Bystrica<\/li>\n\n\n\n<li>Hodnota predmetu z\u00e1kazky vr\u00e1tane DPH: 1.439,26 \u20ac<\/li>\n\n\n\n<li>Objedn\u00e1vka zo d\u0148a 27.2.2015<\/li>\n\n\n\n<li>Garant: PhDr. \u013dubom\u00edr Tich\u00fd, riadite\u013e CPPPaP<\/li>\n<\/ol>\n","protected":false},"excerpt":{"rendered":"<p>(\u00a7 9 ods. 9, \u010d. 25\/2006 Z. z.) Prv\u00e1 z\u00e1kazka Druh\u00e1 z\u00e1kazka Tretia z\u00e1kazka \u0160tvrt\u00e1 z\u00e1kazka Piata z\u00e1kazka \u0160iesta z\u00e1kazka Siedma z\u00e1kazka<\/p>\n","protected":false},"author":1,"featured_media":0,"parent":237,"menu_order":0,"comment_status":"closed","ping_status":"closed","template":"","meta":{"footnotes":""},"class_list":["post-239","page","type-page","status-publish","hentry"],"_links":{"self":[{"href":"https:\/\/www.cpppap.svsbb.sk\/index.php?rest_route=\/wp\/v2\/pages\/239","targetHints":{"allow":["GET"]}}],"collection":[{"href":"https:\/\/www.cpppap.svsbb.sk\/index.php?rest_route=\/wp\/v2\/pages"}],"about":[{"href":"https:\/\/www.cpppap.svsbb.sk\/index.php?rest_route=\/wp\/v2\/types\/page"}],"author":[{"embeddable":true,"href":"https:\/\/www.cpppap.svsbb.sk\/index.php?rest_route=\/wp\/v2\/users\/1"}],"replies":[{"embeddable":true,"href":"https:\/\/www.cpppap.svsbb.sk\/index.php?rest_route=%2Fwp%2Fv2%2Fcomments&post=239"}],"version-history":[{"count":2,"href":"https:\/\/www.cpppap.svsbb.sk\/index.php?rest_route=\/wp\/v2\/pages\/239\/revisions"}],"predecessor-version":[{"id":250,"href":"https:\/\/www.cpppap.svsbb.sk\/index.php?rest_route=\/wp\/v2\/pages\/239\/revisions\/250"}],"up":[{"embeddable":true,"href":"https:\/\/www.cpppap.svsbb.sk\/index.php?rest_route=\/wp\/v2\/pages\/237"}],"wp:attachment":[{"href":"https:\/\/www.cpppap.svsbb.sk\/index.php?rest_route=%2Fwp%2Fv2%2Fmedia&parent=239"}],"curies":[{"name":"wp","href":"https:\/\/api.w.org\/{rel}","templated":true}]}}