{"id":26,"date":"2024-07-24T14:21:23","date_gmt":"2024-07-24T12:21:23","guid":{"rendered":"http:\/\/www.cpppap.svsbb.sk\/new\/?page_id=26"},"modified":"2024-09-15T20:16:54","modified_gmt":"2024-09-15T18:16:54","slug":"ochrana-osobnych-udajov","status":"publish","type":"page","link":"https:\/\/www.cpppap.svsbb.sk\/?page_id=26","title":{"rendered":"Ochrana osobn\u00fdch \u00fadajov"},"content":{"rendered":"\n<p>Nako\u013eko samotn\u00fd z\u00e1kon o ochrane osobn\u00fdch \u00fadajov je nov\u00fd z\u00e1kon. Na externom odkaze <a href=\"https:\/\/www.osobnyudaj.sk\/informovanie\/00164321\" target=\"_blank\" rel=\"noreferrer noopener\">www.osobnyudaj.sk\/informovanie\/00164321<\/a> budeme pravidelne upravova\u0165 povinn\u00e9 informovania a to tak, aby boli neust\u00e1le v s\u00falade s najnov\u0161\u00edmi usmerneniami \u00daradu na ochranu osobn\u00fdch \u00fadajov.<\/p>\n\n\n\n<p style=\"font-size:16px\"><strong>Inform\u00e1cie o s\u00faboroch cookies (kol\u00e1\u010diky) ktor\u00e9 s\u00fa pou\u017e\u00edvan\u00e9 na na\u0161ich str\u00e1nkach<\/strong><\/p>\n\n\n\n<figure class=\"wp-block-table alignleft is-style-stripes has-small-font-size\"><table class=\"has-fixed-layout\"><thead><tr><th>Meno kol\u00e1\u010dika<\/th><th>Z\u00e1kladn\u00fd \u010das expir\u00e1cie<\/th><th>Popis kol\u00e1\u010dika<\/th><th>Kde sa kol\u00e1\u010dik pou\u017e\u00edva<\/th><\/tr><\/thead><tbody><tr><td>TawkConnectionTime<\/td><td>rel\u00e1cia<\/td><td>Spravuje pripojenie n\u00e1v\u0161tevn\u00edkov po\u010das rozhovoru s pou\u017eit\u00edm n\u00e1\u0161ho chatu.<\/td><td>Tawk.to<\/td><\/tr><tr><td>twk_idm_key<\/td><td>rel\u00e1cia<\/td><td>Spravuje pripojenie n\u00e1v\u0161tevn\u00edkov po\u010das rozhovoru s pou\u017eit\u00edm n\u00e1\u0161ho chatu.<\/td><td>Tawk.to<\/td><\/tr><tr><td>wp_lang<\/td><td>rel\u00e1cia<\/td><td>Jazyk pre wordpress.<\/td><td>WordPress<\/td><\/tr><tr><td>wp-settings-time-1<\/td><td>1 rok<\/td><td>WordPress pou\u017e\u00edva tento s\u00fabor cookie na prisp\u00f4sobenie v\u00e1\u0161ho zobrazenia administra\u010dn\u00e9ho rozhrania a pr\u00edpadne aj hlavn\u00e9ho rozhrania str\u00e1nky. Tento s\u00fabor cookie je nastaven\u00fd z d\u00f4vodu integr\u00e1cie slu\u017eby Twitter a mo\u017enost\u00ed zdie\u013eania pre soci\u00e1lne m\u00e9di\u00e1.<\/td><td>WordPress<\/td><\/tr><tr><td>wp-settings-1<\/td><td>1 rok<\/td><td>WordPress pou\u017e\u00edva tento s\u00fabor cookie na prisp\u00f4sobenie v\u00e1\u0161ho zobrazenia administra\u010dn\u00e9ho rozhrania a pr\u00edpadne aj hlavn\u00e9ho rozhrania str\u00e1nky. Tento s\u00fabor cookie je nastaven\u00fd z d\u00f4vodu integr\u00e1cie slu\u017eby Twitter a mo\u017enost\u00ed zdie\u013eania pre soci\u00e1lne m\u00e9di\u00e1.<\/td><td>WordPress<\/td><\/tr><tr><td>wordpress_test_cookie<\/td><td>rel\u00e1cia<\/td><td>Kontrola, \u010di s\u00fa v prehliada\u010di povolen\u00e9 s\u00fabory cookie, aby sme pou\u017e\u00edvate\u013eovi poskytli vhodn\u00fa pou\u017e\u00edvate\u013esk\u00fa sk\u00fasenos\u0165.<\/td><td>WordPress<\/td><\/tr><tr><td>wordpress_logged_in_{ID}<\/td><td>rel\u00e1cia<\/td><td>Ozna\u010duje, kedy ste prihl\u00e1sen\u00ed a kto ste pri v\u00e4\u010d\u0161ine pou\u017e\u00edvania rozhrania.<\/td><td>WordPress<\/td><\/tr><tr><td>2x wordpress_fe{ID}<\/td><td>rel\u00e1cia<\/td><td>Ozna\u010duje, kedy ste prihl\u00e1sen\u00ed a kto ste pri v\u00e4\u010d\u0161ine pou\u017e\u00edvania rozhrania.<\/td><td>WordPress<\/td><\/tr><tr><td>sc_is_visitor_unique<\/td><td>2 roky<\/td><td>Uklad\u00e1 po\u010det n\u00e1v\u0161tev na str\u00e1nky.<\/td><td>Statcounter<\/td><\/tr><tr><td>cookieconsent_status<\/td><td>1 rok<\/td><td>Technick\u00e9 a nevyhnutne potrebn\u00e9 cookies, ktor\u00e9 obsahuj\u00fa hodnotu, \u010di bola akceptovan\u00e1 in\u0161tal\u00e1cia cookies.<\/td><td>GoogleAnalytics<\/td><\/tr><\/tbody><\/table><\/figure>\n","protected":false},"excerpt":{"rendered":"<p>Nako\u013eko samotn\u00fd z\u00e1kon o ochrane osobn\u00fdch \u00fadajov je nov\u00fd z\u00e1kon. Na externom odkaze www.osobnyudaj.sk\/informovanie\/00164321 budeme pravidelne upravova\u0165 povinn\u00e9 informovania a to tak, aby boli neust\u00e1le v s\u00falade s najnov\u0161\u00edmi usmerneniami \u00daradu na ochranu osobn\u00fdch \u00fadajov. Inform\u00e1cie o s\u00faboroch cookies (kol\u00e1\u010diky) ktor\u00e9 s\u00fa pou\u017e\u00edvan\u00e9 na na\u0161ich str\u00e1nkach Meno kol\u00e1\u010dika Z\u00e1kladn\u00fd \u010das expir\u00e1cie Popis kol\u00e1\u010dika Kde sa&#8230;<\/p>\n","protected":false},"author":1,"featured_media":0,"parent":0,"menu_order":0,"comment_status":"closed","ping_status":"closed","template":"","meta":{"footnotes":""},"class_list":["post-26","page","type-page","status-publish","hentry"],"_links":{"self":[{"href":"https:\/\/www.cpppap.svsbb.sk\/index.php?rest_route=\/wp\/v2\/pages\/26","targetHints":{"allow":["GET"]}}],"collection":[{"href":"https:\/\/www.cpppap.svsbb.sk\/index.php?rest_route=\/wp\/v2\/pages"}],"about":[{"href":"https:\/\/www.cpppap.svsbb.sk\/index.php?rest_route=\/wp\/v2\/types\/page"}],"author":[{"embeddable":true,"href":"https:\/\/www.cpppap.svsbb.sk\/index.php?rest_route=\/wp\/v2\/users\/1"}],"replies":[{"embeddable":true,"href":"https:\/\/www.cpppap.svsbb.sk\/index.php?rest_route=%2Fwp%2Fv2%2Fcomments&post=26"}],"version-history":[{"count":4,"href":"https:\/\/www.cpppap.svsbb.sk\/index.php?rest_route=\/wp\/v2\/pages\/26\/revisions"}],"predecessor-version":[{"id":681,"href":"https:\/\/www.cpppap.svsbb.sk\/index.php?rest_route=\/wp\/v2\/pages\/26\/revisions\/681"}],"wp:attachment":[{"href":"https:\/\/www.cpppap.svsbb.sk\/index.php?rest_route=%2Fwp%2Fv2%2Fmedia&parent=26"}],"curies":[{"name":"wp","href":"https:\/\/api.w.org\/{rel}","templated":true}]}}