{"id":262,"date":"2024-07-27T15:08:05","date_gmt":"2024-07-27T13:08:05","guid":{"rendered":"http:\/\/www.cpppap.svsbb.sk\/new\/?page_id=262"},"modified":"2025-12-02T14:22:22","modified_gmt":"2025-12-02T13:22:22","slug":"metodicke-materialy","status":"publish","type":"page","link":"https:\/\/www.cpppap.svsbb.sk\/?page_id=262","title":{"rendered":"Metodick\u00e9 materi\u00e1ly"},"content":{"rendered":"\n<p>Tu n\u00e1jdete r\u00f4zne metodick\u00e9 materi\u00e1ly, ktor\u00e9 s\u00fa pre V\u00e1s pripraven\u00e9 na stiahnutie vo form\u00e1te <strong>PDF<\/strong>, pre prezeranie pomocou <strong>Adobe Acrobat Reader<\/strong>.<br>Ak ho nem\u00e1te, m\u00f4\u017eete si ho stiahnu\u0165 na tejto linke: <a href=\"http:\/\/get.adobe.com\/sk\/reader\/\" target=\"_blank\" rel=\"noreferrer noopener\">Prevzatie aplik\u00e1cie Adobe Reader<\/a>.<\/p>\n\n\n\n<table id=\"zverejnovanie\" width=\"100%\">\n        <tbody><tr class=\"row1\">\n          <td>N\u00e1zov<\/td>\n          <td>Typ<\/td>\n          <td>Ve\u013ekos\u0165<\/td>\n        <\/tr>\n        <tr>\n          <td><a href=\"http:\/\/www.cpppap.svsbb.sk\/download\/metmat\/5_sposobov_ako_dosiahnut_spolupracu_dietata.pdf\" target=\"_blank\">5 sp\u00f4sobov, ako dosiahnu\u0165 spolupr\u00e1cu die\u0165a\u0165a<\/a><\/td>\n          <td>PDF<\/td>\n          <td>82 KB<\/td>\n        <\/tr>\n        <tr>\n          <td><a href=\"http:\/\/www.cpppap.svsbb.sk\/download\/metmat\/ako_na_temperamentne_dieta.pdf\" target=\"_blank\">Ako na \u201etemperamentn\u00e9\u201c die\u0165a<\/a><\/td>\n          <td>PDF<\/td><td>178 KB<\/td>\n        <\/tr>\n        <tr>\n          <td><a href=\"http:\/\/www.cpppap.svsbb.sk\/download\/metmat\/gambleri.pdf\" target=\"_blank\">Ako si neprehra\u0165 \u017eivot<\/a><\/td>\n          <td>PDF<\/td><td>207 KB<\/td>\n        <\/tr>\n        <tr>\n          <td><a href=\"http:\/\/www.cpppap.svsbb.sk\/download\/metmat\/akosauci.pdf\" target=\"_blank\">Ako si poradi\u0165 s u\u010den\u00edm<\/a><\/td>\n          <td>PDF<\/td><td>214 KB<\/td>\n        <\/tr>\n        <tr>\n          <td><a href=\"http:\/\/www.cpppap.svsbb.sk\/download\/metmat\/autizmus1.pdf\" target=\"_blank\">Autizmus<\/a><\/td>\n          <td>PDF<\/td><td>900 KB<\/td>\n        <\/tr>\n        <tr>\n          <td><a href=\"http:\/\/www.cpppap.svsbb.sk\/download\/metmat\/ciele_nevhodneho_spravania.zip\" target=\"_blank\">Ciele nevhodn\u00e9ho spr\u00e1vania<\/a><\/td>\n          <td>ZIP<\/td><td>27 KB<\/td>\n        <\/tr>\n        <tr>\n          <td><a href=\"http:\/\/www.cpppap.svsbb.sk\/download\/metmat\/co_urobi_sdietatom_pochvala_ocenenie.pdf\" target=\"_blank\">\u010co urob\u00ed s die\u0165a\u0165om pochvala a ocenenie?<\/a><\/td>\n          <td>PDF<\/td><td>80 KB<\/td>\n        <\/tr>\n        <tr>\n          <td><a href=\"http:\/\/www.cpppap.svsbb.sk\/download\/metmat\/nadanie_web.pdf\" target=\"_blank\">Je moje die\u0165a nadan\u00e9? &#8211; <i>metodick\u00fd materi\u00e1l pre rodi\u010dov <\/i><\/a><\/td>\n          <td>PDF<\/td><td>73 KB<\/td>\n        <\/tr>\n        <tr>\n          <td><a href=\"http:\/\/www.cpppap.svsbb.sk\/download\/metmat\/letak__online_a_deti.pdf\" target=\"_blank\">Let\u00e1k: Online prostredie a deti<\/a><\/td>\n          <td>PDF<\/td><td>647 KB<\/td>\n        <\/tr>  \n        <tr>\n          <td><a href=\"http:\/\/www.cpppap.svsbb.sk\/download\/metmat\/nepocuje.pdf\" target=\"_blank\">Listy pre rodi\u010dov sluchovo postihnut\u00fdch det\u00ed &#8211; <i>Materi\u00e1l pre rodi\u010dov<\/i><\/a><\/td>\n          <td>PDF<\/td><td>2 MB<\/td>\n        <\/tr>\n        <tr>\n          <td><a href=\"http:\/\/www.cpppap.svsbb.sk\/download\/metmat\/lavaci_uci.pdf\" target=\"_blank\">\u013davoruk\u00e9 die\u0165a v \u0161kole<\/a><\/td>\n          <td>PDF<\/td><td>153 KB<\/td>\n        <\/tr>\n        <tr>\n          <td><a href=\"http:\/\/www.cpppap.svsbb.sk\/download\/metmat\/potrava.pdf\" target=\"_blank\">Poruchy pr\u00edjmu potravy<\/a><\/td>\n          <td>PDF<\/td><td>142 KB<\/td>\n        <\/tr>\n        <tr>\n          <td><a href=\"http:\/\/www.cpppap.svsbb.sk\/download\/metmat\/psv_vs_sady.zip\" target=\"_blank\">Pracovn\u00e9 listy pre deti pred\u0161kolsk\u00e9ho veku<\/a><!--<br \/>\n<a href=\"http:\/\/www.cpppap.svsbb.sk\/download\/metmat\/sada_a.pdf\" target=\"_blank\">Pracovn\u00e9 listy pre deti pred\u0161kolsk\u00e9ho veku<\/a><br \/>\n<a href=\"http:\/\/www.cpppap.svsbb.sk\/download\/metmat\/sada_b.pdf\" target=\"_blank\">Pracovn\u00e9 listy pre deti pred\u0161kolsk\u00e9ho veku<\/a><br \/>\n<a href=\"http:\/\/www.cpppap.svsbb.sk\/download\/metmat\/sada_c.pdf\" target=\"_blank\">Pracovn\u00e9 listy pre deti pred\u0161kolsk\u00e9ho veku<\/a><br \/>\n<a href=\"http:\/\/www.cpppap.svsbb.sk\/download\/metmat\/sada_d.pdf\" target=\"_blank\">Pracovn\u00e9 listy pre deti pred\u0161kolsk\u00e9ho veku<\/a><br \/>\n<a href=\"http:\/\/www.cpppap.svsbb.sk\/download\/metmat\/sada_e.pdf\" target=\"_blank\">Pracovn\u00e9 listy pre deti pred\u0161kolsk\u00e9ho veku<\/a>--><\/td>\n          <td>ZIP<\/td><td>612 KB<\/td>\n        <\/tr>\n        <tr>\n          <td><a href=\"http:\/\/www.cpppap.svsbb.sk\/download\/metmat\/prevencia_samovrazd_prezentacia.ppt\" target=\"_blank\">Prevencia samovr\u00e1\u017ed a suicid\u00e1lneho spr\u00e1vania<\/a><\/td>\n          <td>PDF<\/td><td>118 KB<\/td>\n\t    <\/tr>\n        <tr>\n          <td><a href=\"http:\/\/www.cpppap.svsbb.sk\/download\/metmat\/sociometria\/sociometria_2019feb_all.zip\" target=\"_blank\">Sociometria &#8211; programy<\/a><\/td>\n          <td>ZIP<\/td><td>42 MB<\/td>\n        <\/tr>\t\t\n        <tr>\n          <td><a href=\"http:\/\/www.cpppap.svsbb.sk\/download\/metmat\/rozvijaj.pdf\" target=\"_blank\">S\u00fabor rozv\u00edjaj\u00facich cvi\u010den\u00ed pre deti<\/a><\/td>\n          <td>PDF<\/td><td>152 KB<\/td>\n        <\/tr>\n        <tr>\n          <td><a href=\"http:\/\/www.cpppap.svsbb.sk\/download\/metmat\/sikanovanie.pdf\" target=\"_blank\">\u0160ikanovanie<\/a><\/td>\n          <td>PDF<\/td><td>955 KB<\/td>\n        <\/tr>\n        <tr>\n          <td><a href=\"http:\/\/www.cpppap.svsbb.sk\/download\/metmat\/skolska_sposobilost3.pdf\" target=\"_blank\">\u0160kolsk\u00e1 sp\u00f4sobilos\u0165<\/a><\/td>\n          <td>PDF<\/td><td>433 KB<\/td>\n        <\/tr>\n        <tr>\n          <td><a href=\"http:\/\/www.cpppap.svsbb.sk\/download\/metmat\/tipy_na_podporenie_samostatnosti_sebadovery_dietata.pdf\" target=\"_blank\">Tipy na podporenie samostatnosti a sebad\u00f4very die\u0165a\u0165a<\/a><\/td>\n          <td>PDF<\/td><td>74 KB<\/td>\n        <\/tr>\n        <tr>\n          <td><a href=\"http:\/\/www.cpppap.svsbb.sk\/download\/metmat\/vplyv_rozvodu_na_psychicke_prezivanie_dietata.pdf\" target=\"_blank\">Vplyv rozvodu na psychick\u00e9 pre\u017e\u00edvanie die\u0165a\u0165a a&nbsp;jeho prejavy v&nbsp;\u0161kolskom prostred\u00ed<\/a><\/td>\n          <td>PDF<\/td><td>163 KB<\/td>\n        <\/tr>\n        <tr>\n          <td><a href=\"http:\/\/www.cpppap.svsbb.sk\/download\/metmat\/ADHD_ADD_vychova.pdf\" target=\"_blank\">V\u00fdchovn\u00e9 p\u00f4sobenie u det\u00ed s ADHD\/ADD a pr\u00ed\u010diny jeho zlyh\u00e1vania<\/a><\/td>\n          <td>PDF<\/td><td>98 KB<\/td>\n        <\/tr>\n        <tr>\n          <td><a href=\"http:\/\/www.cpppap.svsbb.sk\/download\/metmat\/zaskolactvo.pdf\" target=\"_blank\">Z\u00e1\u0161kol\u00e1ctvo<\/a><\/td>\n          <td>PDF<\/td><td>32 KB<\/td>\n        <\/tr>\n        <tr>\n          <td colspan=\"2\">&nbsp;<\/td>\n        <\/tr>\n        <tr>\n          <td><a href=\"http:\/\/www.cpppap.svsbb.sk\/download\/plagaty\/A5_First_aid_techniques.pdf\">\u0422\u0435\u0445\u043d\u0456\u043a\u0438 \u043d\u0430\u0434\u0430\u043d\u043d\u044f \u043f\u0435\u0440\u0448\u043e\u0456 \u0434\u043e\u043f\u043e\u043c\u043e\u0433\u0438<\/a><\/td>\n          <td>PDF<\/td><td>1 MB<\/td>\n        <\/tr>\n        <tr>\n          <td><a href=\"http:\/\/www.cpppap.svsbb.sk\/download\/plagaty\/plagatpomoci_nove.pdf\">Plag\u00e1t pomoci<\/a><\/td>\n          <td>PDF<\/td><td>9 MB<\/td>\n        <\/tr>\n        <tr>\n          <td><a href=\"http:\/\/www.cpppap.svsbb.sk\/download\/plagaty\/A3_plagat_UKRAJINA_klp.pdf\">Plag\u00e1t UKRAJINA<\/a><\/td>\n          <td>PDF<\/td><td>126 KB<\/td>\n        <\/tr>\n      <\/tbody><\/table>\n","protected":false},"excerpt":{"rendered":"<p>Tu n\u00e1jdete r\u00f4zne metodick\u00e9 materi\u00e1ly, ktor\u00e9 s\u00fa pre V\u00e1s pripraven\u00e9 na stiahnutie vo form\u00e1te PDF, pre prezeranie pomocou Adobe Acrobat Reader.Ak ho nem\u00e1te, m\u00f4\u017eete si ho stiahnu\u0165 na tejto linke: Prevzatie aplik\u00e1cie Adobe Reader. N\u00e1zov Typ Ve\u013ekos\u0165 5 sp\u00f4sobov, ako dosiahnu\u0165 spolupr\u00e1cu die\u0165a\u0165a PDF 82 KB Ako na \u201etemperamentn\u00e9\u201c die\u0165a PDF 178 KB Ako si&#8230;<\/p>\n","protected":false},"author":1,"featured_media":0,"parent":0,"menu_order":0,"comment_status":"closed","ping_status":"closed","template":"","meta":{"footnotes":""},"class_list":["post-262","page","type-page","status-publish","hentry"],"_links":{"self":[{"href":"https:\/\/www.cpppap.svsbb.sk\/index.php?rest_route=\/wp\/v2\/pages\/262","targetHints":{"allow":["GET"]}}],"collection":[{"href":"https:\/\/www.cpppap.svsbb.sk\/index.php?rest_route=\/wp\/v2\/pages"}],"about":[{"href":"https:\/\/www.cpppap.svsbb.sk\/index.php?rest_route=\/wp\/v2\/types\/page"}],"author":[{"embeddable":true,"href":"https:\/\/www.cpppap.svsbb.sk\/index.php?rest_route=\/wp\/v2\/users\/1"}],"replies":[{"embeddable":true,"href":"https:\/\/www.cpppap.svsbb.sk\/index.php?rest_route=%2Fwp%2Fv2%2Fcomments&post=262"}],"version-history":[{"count":42,"href":"https:\/\/www.cpppap.svsbb.sk\/index.php?rest_route=\/wp\/v2\/pages\/262\/revisions"}],"predecessor-version":[{"id":1002,"href":"https:\/\/www.cpppap.svsbb.sk\/index.php?rest_route=\/wp\/v2\/pages\/262\/revisions\/1002"}],"wp:attachment":[{"href":"https:\/\/www.cpppap.svsbb.sk\/index.php?rest_route=%2Fwp%2Fv2%2Fmedia&parent=262"}],"curies":[{"name":"wp","href":"https:\/\/api.w.org\/{rel}","templated":true}]}}