{"id":416,"date":"2024-07-28T15:09:03","date_gmt":"2024-07-28T13:09:03","guid":{"rendered":"http:\/\/www.cpppap.svsbb.sk\/new\/?page_id=416"},"modified":"2025-11-29T18:09:34","modified_gmt":"2025-11-29T17:09:34","slug":"sprava-o-cinnosti-vyhlaska-9-2006","status":"publish","type":"page","link":"https:\/\/www.cpppap.svsbb.sk\/?page_id=416","title":{"rendered":"Spr\u00e1va o \u010dinnosti (vyhl\u00e1\u0161ka 9\/2006)"},"content":{"rendered":"\n<table id=\"zverejnovanie\" width=\"100%\">\n        <tbody><tr class=\"row1\">\n          <td>\u010c\u00edslo<\/td>\n          <td>N\u00e1zov<\/td>\n          <td>Typ<\/td>\n          <td>Ve\u013ekos\u0165<\/td>\n          <td>Pridan\u00e9 d\u0148a<\/td>\n        <\/tr>\n        <tr>\n          <td>1.<\/td>\n          <td><a href=\"..\/download\/documents\/SPR_CPPPaP_BB_2009_2010.pdf\" target=\"_blank\" rel=\"noopener\">Spr\u00e1va o \u010dinnosti CPPPaP Bansk\u00e1 Bystrica za \u0161kolsk\u00fd rok 2009-2010<\/a><\/td>\n          <td>PDF<\/td>\n          <td>299 KB<\/td>\n          <td>07. 03. 2011<\/td>\n        <\/tr>\n        <tr>\n          <td>2.<\/td>\n          <td><a href=\"..\/download\/documents\/SPR_CPPPaP_BB_2010_2011_full.pdf\" target=\"_blank\" rel=\"noopener\">Spr\u00e1va o \u010dinnosti CPPPaP Bansk\u00e1 Bystrica za \u0161kolsk\u00fd rok 2010-2011<\/a><\/td>\n          <td>PDF<\/td>\n          <td>7.79 MB<\/td>\n          <td>09. 11. 2011<\/td>\n        <\/tr>\n        <tr>\n          <td>3.<\/td>\n          <td><a href=\"..\/download\/documents\/SPR_CPPPaP_BB_2011_2012.pdf\" target=\"_blank\" rel=\"noopener\">Spr\u00e1va o \u010dinnosti CPPPaP Bansk\u00e1 Bystrica za \u0161kolsk\u00fd rok 2011-2012<\/a><\/td>\n          <td>PDF<\/td>\n          <td>360 KB<\/td>\n          <td>14. 10. 2012<\/td>\n        <\/tr>\n        <tr>\n          <td>4.<\/td>\n          <td><a href=\"..\/download\/documents\/SPR_CPPPaP_BB_2012_2013_full.pdf\" target=\"_blank\" rel=\"noopener\">Spr\u00e1va o \u010dinnosti CPPPaP Bansk\u00e1 Bystrica za \u0161kolsk\u00fd rok 2012-2013<\/a><\/td>\n          <td>PDF<\/td>\n          <td>374 KB<\/td>\n          <td>31. 10. 2013<\/td>\n        <\/tr>\n        <tr>\n          <td>5.<\/td>\n          <td><a href=\"..\/download\/documents\/SPR_CPPPaP_BB_2013_2014_full.pdf\" target=\"_blank\" rel=\"noopener\">Spr\u00e1va o \u010dinnosti CPPPaP Bansk\u00e1 Bystrica za \u0161kolsk\u00fd rok 2013-2014<\/a><\/td>\n          <td>PDF<\/td>\n          <td>405 KB<\/td>\n          <td>18. 11. 2014<\/td>\n        <\/tr>\n        <tr>\n          <td>6.<\/td>\n          <td><a href=\"..\/download\/documents\/SPR_CPPPaP_BB_2014_2015_full.pdf\" target=\"_blank\" rel=\"noopener\">Spr\u00e1va o \u010dinnosti CPPPaP Bansk\u00e1 Bystrica za \u0161kolsk\u00fd rok 2014-2015<\/a><\/td>\n          <td>PDF<\/td>\n          <td>356 KB<\/td>\n          <td>11. 11. 2015<\/td>\n        <\/tr>\n        <tr>\n          <td>7.<\/td>\n          <td><a href=\"..\/download\/documents\/SPR_CPPPaP_BB_2015_2016_full.pdf\" target=\"_blank\" rel=\"noopener\">Spr\u00e1va o \u010dinnosti CPPPaP Bansk\u00e1 Bystrica za \u0161kolsk\u00fd rok 2015-2016<\/a><\/td>\n          <td>PDF<\/td>\n          <td>337 KB<\/td>\n          <td>06. 12. 2016<\/td>\n        <\/tr>\n        <tr>\n          <td>8.<\/td>\n          <td><a href=\"..\/download\/documents\/SPR_CPPPaP_BB_2016_2017_schval.pdf\" target=\"_blank\" rel=\"noopener\">Spr\u00e1va o \u010dinnosti CPPPaP Bansk\u00e1 Bystrica za \u0161kolsk\u00fd rok 2016-2017<\/a><\/td>\n          <td>PDF<\/td>\n          <td>8 MB<\/td>\n          <td>08. 11. 2017<\/td>\n        <\/tr>\n        <tr>\n          <td>9.<\/td>\n          <td><a href=\"..\/download\/documents\/SPR_CPPPaP_BB_2017_2018_full.pdf\" target=\"_blank\" rel=\"noopener\">Spr\u00e1va o \u010dinnosti CPPPaP Bansk\u00e1 Bystrica za \u0161kolsk\u00fd rok 2017-2018<\/a><\/td>\n          <td>PDF<\/td>\n          <td>8 MB<\/td>\n          <td>22. 11. 2018<\/td>\n        <\/tr>\n        <tr>\n          <td>10.<\/td>\n          <td><a href=\"..\/download\/documents\/SPR_CPPPaP_BB_2018_2019_full.pdf\" target=\"_blank\" rel=\"noopener\">Spr\u00e1va o \u010dinnosti CPPPaP Bansk\u00e1 Bystrica za \u0161kolsk\u00fd rok 2018-2019<\/a><\/td>\n          <td>PDF<\/td>\n          <td>8 MB<\/td>\n          <td>14. 11. 2019<\/td>\n        <\/tr>\n        <tr>\n          <td>11.<\/td>\n          <td><a href=\"..\/download\/documents\/SPR_CPPPaP_BB_2019_2020_full.pdf\" target=\"_blank\" rel=\"noopener\">Spr\u00e1va o \u010dinnosti CPPPaP Bansk\u00e1 Bystrica za \u0161kolsk\u00fd rok 2019-2020<\/a><\/td>\n          <td>PDF<\/td>\n          <td>8 MB<\/td>\n          <td>14. 11. 2020<\/td>\n        <\/tr>\n        <tr>\n          <td>12.<\/td>\n          <td><a href=\"..\/download\/documents\/SPR_CPPPaP_BB_2020_2021_full.pdf\" target=\"_blank\" rel=\"noopener\">Spr\u00e1va o \u010dinnosti CPPPaP Bansk\u00e1 Bystrica za \u0161kolsk\u00fd rok 2020-2021<\/a><\/td>\n          <td>PDF<\/td>\n          <td>1 MB<\/td>\n          <td>8. 11. 2021<\/td>\n        <\/tr>\n        <tr>\n          <td>13.<\/td>\n          <td><a href=\"..\/download\/documents\/Schvalenie_spravy_o_cinnosti2021.pdf\" target=\"_blank\" rel=\"noopener\">Schv\u00e1lenie spr\u00e1vy o \u010dinnosti, 2021<\/a><\/td>\n          <td>PDF<\/td>\n          <td>260 KB<\/td>\n          <td>8. 11. 2021<\/td>\n        <\/tr>\n        <tr>\n          <td>14.<\/td>\n          <td><a href=\"..\/download\/documents\/Sprava_o_cinnosti_CPPPaP_BB_2021_2022_web.pdf\" target=\"_blank\" rel=\"noopener\">Spr\u00e1va o \u010dinnosti CPPPaP Bansk\u00e1 Bystrica za \u0161kolsk\u00fd rok 2021-2022<\/a><\/td>\n          <td>PDF<\/td>\n          <td>1 MB<\/td>\n          <td>29. 11. 2022<\/td>\n        <\/tr>\n        <tr>\n          <td>15.<\/td>\n          <td><a href=\"..\/download\/documents\/Sprava o cinnosti_CPP_BB_2022_2023.pdf\" target=\"_blank\" rel=\"noopener\">Spr\u00e1va o \u010dinnosti CPPPaP Bansk\u00e1 Bystrica za \u0161kolsk\u00fd rok 2022-2023<\/a><\/td>\n          <td>PDF<\/td>\n          <td>1 MB<\/td>\n          <td>30. 11. 2023<\/td>\n        <\/tr>\n        <tr>\n          <td>15.<\/td>\n          <td><a href=\"..\/download\/documents\/Sprava o cinnosti CPPBB 2023 2024.pdf\" target=\"_blank\" rel=\"noopener\">Spr\u00e1va o \u010dinnosti CPP Bansk\u00e1 Bystrica za \u0161kolsk\u00fd rok 2023-2024<\/a><\/td>\n          <td>PDF<\/td>\n          <td>1 MB<\/td>\n          <td>02. 12. 2024<\/td>\n        <\/tr>\n      <\/tbody><\/table>\n","protected":false},"excerpt":{"rendered":"<p>\u010c\u00edslo N\u00e1zov Typ Ve\u013ekos\u0165 Pridan\u00e9 d\u0148a 1. Spr\u00e1va o \u010dinnosti CPPPaP Bansk\u00e1 Bystrica za \u0161kolsk\u00fd rok 2009-2010 PDF 299 KB 07. 03. 2011 2. Spr\u00e1va o \u010dinnosti CPPPaP Bansk\u00e1 Bystrica za \u0161kolsk\u00fd rok 2010-2011 PDF 7.79 MB 09. 11. 2011 3. Spr\u00e1va o \u010dinnosti CPPPaP Bansk\u00e1 Bystrica za \u0161kolsk\u00fd rok 2011-2012 PDF 360 KB 14&#8230;.<\/p>\n","protected":false},"author":1,"featured_media":0,"parent":0,"menu_order":0,"comment_status":"closed","ping_status":"closed","template":"","meta":{"footnotes":""},"class_list":["post-416","page","type-page","status-publish","hentry"],"_links":{"self":[{"href":"https:\/\/www.cpppap.svsbb.sk\/index.php?rest_route=\/wp\/v2\/pages\/416","targetHints":{"allow":["GET"]}}],"collection":[{"href":"https:\/\/www.cpppap.svsbb.sk\/index.php?rest_route=\/wp\/v2\/pages"}],"about":[{"href":"https:\/\/www.cpppap.svsbb.sk\/index.php?rest_route=\/wp\/v2\/types\/page"}],"author":[{"embeddable":true,"href":"https:\/\/www.cpppap.svsbb.sk\/index.php?rest_route=\/wp\/v2\/users\/1"}],"replies":[{"embeddable":true,"href":"https:\/\/www.cpppap.svsbb.sk\/index.php?rest_route=%2Fwp%2Fv2%2Fcomments&post=416"}],"version-history":[{"count":6,"href":"https:\/\/www.cpppap.svsbb.sk\/index.php?rest_route=\/wp\/v2\/pages\/416\/revisions"}],"predecessor-version":[{"id":925,"href":"https:\/\/www.cpppap.svsbb.sk\/index.php?rest_route=\/wp\/v2\/pages\/416\/revisions\/925"}],"wp:attachment":[{"href":"https:\/\/www.cpppap.svsbb.sk\/index.php?rest_route=%2Fwp%2Fv2%2Fmedia&parent=416"}],"curies":[{"name":"wp","href":"https:\/\/api.w.org\/{rel}","templated":true}]}}