{"id":486,"date":"2024-07-28T16:36:05","date_gmt":"2024-07-28T14:36:05","guid":{"rendered":"http:\/\/www.cpppap.svsbb.sk\/new\/?page_id=486"},"modified":"2025-11-29T18:28:50","modified_gmt":"2025-11-29T17:28:50","slug":"dotazniky-pre-vychovneho-poradcu-a-koordinatora-prevencie","status":"publish","type":"page","link":"https:\/\/www.cpppap.svsbb.sk\/?page_id=486","title":{"rendered":"Dotazn\u00edky pre v\u00fdchovn\u00e9ho poradcu a koordin\u00e1tora prevencie"},"content":{"rendered":"\n<table id=\"zverejnovanie\" width=\"100%\">\n        <tbody><tr class=\"row1\">\n          <td>\u010c\u00edslo<\/td>\n          <td>N\u00e1zov<\/td>\n          <td>Typ<\/td>\n          <td>Ve\u013ekos\u0165<\/td>\n        <\/tr>\n         <tr>\n          <td>1.<\/td>\n          <td><a href=\"http:\/\/www.cpppap.svsbb.sk\/download\/documents\/Evidencny_list_koordinatora_ZS.doc\" target=\"_blank\">Eviden\u010dn\u00fd list koordin\u00e1tora prevencie pre z\u00e1kladn\u00e9 \u0161koly<\/a><\/td>\n          <td>DOC<\/td>\n          <td>37 kb<\/td>\n        <\/tr>\n        <tr>\n          <td>2.<\/td>\n          <td><a href=\"http:\/\/www.cpppap.svsbb.sk\/download\/documents\/Evidencny_list_koordinatora_SS.doc\" target=\"_blank\">Eviden\u010dn\u00fd list koordin\u00e1tora prevencie pre stredn\u00e9 \u0161koly<\/a><\/td>\n          <td>DOC<\/td>\n          <td>37 kb<\/td>\n        <\/tr>\n        <tr>\n          <td>3.<\/td>\n          <td><a href=\"http:\/\/www.cpppap.svsbb.sk\/download\/documents\/Evidencny_list_VychovnyPoradca_ZS.doc\" target=\"_blank\">Eviden\u010dn\u00fd list v\u00fdchovn\u00e9ho poradcu pre z\u00e1kladn\u00e9 \u0161koly<\/a><\/td>\n          <td>DOC<\/td>\n          <td>41 kb<\/td>\n        <\/tr>\n        <tr>\n          <td>4.<\/td>\n          <td><a href=\"http:\/\/www.cpppap.svsbb.sk\/download\/documents\/Evidencny_list_VychovnyPoradca_SS.doc\" target=\"_blank\">Eviden\u010dn\u00fd list v\u00fdchovn\u00e9ho poradcu pre stredn\u00e9 \u0161koly<\/a><\/td>\n          <td>DOC<\/td>\n          <td>37 kb<\/td>\n        <\/tr>\n        <tr>\n          <td>5.<\/td>\n          <td><a href=\"http:\/\/www.cpppap.svsbb.sk\/download\/documents\/dotaznik_depistazny.doc\" target=\"_blank\">Depist\u00e1\u017eny dotazn\u00edk<\/a><\/td>\n          <td>DOC<\/td>\n          <td>56 kb<\/td>\n        <\/tr>\n        <tr>\n          <td>6.<\/td>\n          <td><a href=\"http:\/\/www.cpppap.svsbb.sk\/download\/documents\/dotaznik_pre_rediagnostiku.doc\" target=\"_blank\">Dotazn\u00edk \u017eiaka z\u00e1kladnej \u0161koly pre potreby psychologickej \/\u0161peci\u00e1lnopedagogickej\/ rediagnostiky <\/a><\/td>\n          <td>DOC<\/td>\n          <td>34 kb<\/td>\n        <\/tr>\n      <\/tbody><\/table>\n","protected":false},"excerpt":{"rendered":"<p>\u010c\u00edslo N\u00e1zov Typ Ve\u013ekos\u0165 1. Eviden\u010dn\u00fd list koordin\u00e1tora prevencie pre z\u00e1kladn\u00e9 \u0161koly DOC 37 kb 2. Eviden\u010dn\u00fd list koordin\u00e1tora prevencie pre stredn\u00e9 \u0161koly DOC 37 kb 3. Eviden\u010dn\u00fd list v\u00fdchovn\u00e9ho poradcu pre z\u00e1kladn\u00e9 \u0161koly DOC 41 kb 4. Eviden\u010dn\u00fd list v\u00fdchovn\u00e9ho poradcu pre stredn\u00e9 \u0161koly DOC 37 kb 5. Depist\u00e1\u017eny dotazn\u00edk DOC 56 kb 6&#8230;.<\/p>\n","protected":false},"author":1,"featured_media":0,"parent":0,"menu_order":0,"comment_status":"closed","ping_status":"closed","template":"","meta":{"footnotes":""},"class_list":["post-486","page","type-page","status-publish","hentry"],"_links":{"self":[{"href":"https:\/\/www.cpppap.svsbb.sk\/index.php?rest_route=\/wp\/v2\/pages\/486","targetHints":{"allow":["GET"]}}],"collection":[{"href":"https:\/\/www.cpppap.svsbb.sk\/index.php?rest_route=\/wp\/v2\/pages"}],"about":[{"href":"https:\/\/www.cpppap.svsbb.sk\/index.php?rest_route=\/wp\/v2\/types\/page"}],"author":[{"embeddable":true,"href":"https:\/\/www.cpppap.svsbb.sk\/index.php?rest_route=\/wp\/v2\/users\/1"}],"replies":[{"embeddable":true,"href":"https:\/\/www.cpppap.svsbb.sk\/index.php?rest_route=%2Fwp%2Fv2%2Fcomments&post=486"}],"version-history":[{"count":4,"href":"https:\/\/www.cpppap.svsbb.sk\/index.php?rest_route=\/wp\/v2\/pages\/486\/revisions"}],"predecessor-version":[{"id":933,"href":"https:\/\/www.cpppap.svsbb.sk\/index.php?rest_route=\/wp\/v2\/pages\/486\/revisions\/933"}],"wp:attachment":[{"href":"https:\/\/www.cpppap.svsbb.sk\/index.php?rest_route=%2Fwp%2Fv2%2Fmedia&parent=486"}],"curies":[{"name":"wp","href":"https:\/\/api.w.org\/{rel}","templated":true}]}}