{"id":531,"date":"2024-08-09T15:13:01","date_gmt":"2024-08-09T13:13:01","guid":{"rendered":"http:\/\/www.cpppap.svsbb.sk\/new\/?page_id=531"},"modified":"2026-02-05T13:05:59","modified_gmt":"2026-02-05T12:05:59","slug":"poziadavka-o-psychologicke-vysetrenie-dietata","status":"publish","type":"page","link":"https:\/\/www.cpppap.svsbb.sk\/?page_id=531","title":{"rendered":"Po\u017eiadavka o psychologick\u00e9 vy\u0161etrenie die\u0165a\u0165a"},"content":{"rendered":"\n<h4 class=\"wp-block-heading\"><strong>E-mailom:<\/strong><\/h4>\n\n\n\n<p><a href=\"http:\/\/www.cpppap.svsbb.sk\/?page_id=974\" data-type=\"link\" data-id=\"http:\/\/www.cpppap.svsbb.sk\/?page_id=974\">Prihl\u00e1\u0161ka na vy\u0161etrenie &#8211; (do 3r., deti M\u0160, \u017eiaci Z\u0160)<\/a><br><a href=\"http:\/\/www.cpppap.svsbb.sk\/?page_id=976\" data-type=\"link\" data-id=\"http:\/\/www.cpppap.svsbb.sk\/?page_id=976\">Prihl\u00e1\u0161ka na vy\u0161etrenie &#8211; (\u017eiaci S\u0160, \u0161tudenti V\u0160)<\/a><\/p>\n\n\n\n<h4 class=\"wp-block-heading\"><strong>Stiahnite si:<\/strong><\/h4>\n\n\n\n<div class=\"wp-block-group\"><div class=\"wp-block-group__inner-container is-layout-constrained wp-block-group-is-layout-constrained\">\n<div class=\"wp-block-file\"><a id=\"wp-block-file--media-efdb34b3-f413-4a73-91d5-dee8828f8c96\" href=\"https:\/\/www.cpppap.svsbb.sk\/new\/wp-content\/uploads\/formular_ziadost-o-vysetrenie.docx\">formul\u00e1r &#8211; \u017eiados\u0165 o vy\u0161etrenie<\/a><a href=\"https:\/\/www.cpppap.svsbb.sk\/new\/wp-content\/uploads\/formular_ziadost-o-vysetrenie.docx\" class=\"wp-block-file__button wp-element-button\" download aria-describedby=\"wp-block-file--media-efdb34b3-f413-4a73-91d5-dee8828f8c96\">Stiahnu\u0165<\/a><\/div>\n\n\n\n<p><\/p>\n<\/div><\/div>\n\n\n\n<p><\/p>\n","protected":false},"excerpt":{"rendered":"<p>E-mailom: Prihl\u00e1\u0161ka na vy\u0161etrenie &#8211; (do 3r., deti M\u0160, \u017eiaci Z\u0160)Prihl\u00e1\u0161ka na vy\u0161etrenie &#8211; (\u017eiaci S\u0160, \u0161tudenti V\u0160) Stiahnite si:<\/p>\n","protected":false},"author":1,"featured_media":0,"parent":0,"menu_order":0,"comment_status":"closed","ping_status":"closed","template":"","meta":{"footnotes":""},"class_list":["post-531","page","type-page","status-publish","hentry"],"_links":{"self":[{"href":"https:\/\/www.cpppap.svsbb.sk\/index.php?rest_route=\/wp\/v2\/pages\/531","targetHints":{"allow":["GET"]}}],"collection":[{"href":"https:\/\/www.cpppap.svsbb.sk\/index.php?rest_route=\/wp\/v2\/pages"}],"about":[{"href":"https:\/\/www.cpppap.svsbb.sk\/index.php?rest_route=\/wp\/v2\/types\/page"}],"author":[{"embeddable":true,"href":"https:\/\/www.cpppap.svsbb.sk\/index.php?rest_route=\/wp\/v2\/users\/1"}],"replies":[{"embeddable":true,"href":"https:\/\/www.cpppap.svsbb.sk\/index.php?rest_route=%2Fwp%2Fv2%2Fcomments&post=531"}],"version-history":[{"count":10,"href":"https:\/\/www.cpppap.svsbb.sk\/index.php?rest_route=\/wp\/v2\/pages\/531\/revisions"}],"predecessor-version":[{"id":1037,"href":"https:\/\/www.cpppap.svsbb.sk\/index.php?rest_route=\/wp\/v2\/pages\/531\/revisions\/1037"}],"wp:attachment":[{"href":"https:\/\/www.cpppap.svsbb.sk\/index.php?rest_route=%2Fwp%2Fv2%2Fmedia&parent=531"}],"curies":[{"name":"wp","href":"https:\/\/api.w.org\/{rel}","templated":true}]}}