{"id":563,"date":"2024-08-09T15:40:11","date_gmt":"2024-08-09T13:40:11","guid":{"rendered":"http:\/\/www.cpppap.svsbb.sk\/new\/?page_id=563"},"modified":"2025-09-11T13:19:11","modified_gmt":"2025-09-11T11:19:11","slug":"poziadavka-o-psychologicke-vysetrenie-dietata-suhlasy-s-vysetrenim","status":"publish","type":"page","link":"https:\/\/www.cpppap.svsbb.sk\/?page_id=563","title":{"rendered":"Po\u017eiadavka o psychologick\u00e9 vy\u0161etrenie die\u0165a\u0165a &#8211; S\u00fahlasy s vy\u0161etren\u00edm"},"content":{"rendered":"\n<h2 class=\"wp-block-heading\">Predmetn\u00e9 tla\u010divo je nevyhnutn\u00e9 tla\u010di\u0165 <strong>obojstranne<\/strong>.<\/h2>\n\n\n\n<p>Informovan\u00fd s\u00fahlas s vy\u0161etren\u00edm a starostlivos\u0165ou:<br>&#8211; <a href=\"http:\/\/www.cpppap.svsbb.sk\/new\/wp-content\/uploads\/Suhlas-so-spracuvanim-osobnych-udajov_malolete-osoby.docx\">tla\u010divo do 18 rokov veku (malolet\u00e9 osoby)<\/a>, form\u00e1t DOCX (1MB)<br>&#8211; <a href=\"http:\/\/www.cpppap.svsbb.sk\/new\/wp-content\/uploads\/Suhlas-so-spracuvanim-osobnych-udajov_plnolete-osoby.docx\">tla\u010divo nad 18 rokov veku (pre plnolet\u00fdch)<\/a>, form\u00e1t DOCX (1MB)<\/p>\n\n\n\n<p>Informovan\u00fd s\u00fahlas s \u00fa\u010das\u0165ou na skupinovej aktivite v oblasti prevencie:<br>&#8211; <a href=\"http:\/\/www.cpppap.svsbb.sk\/new\/wp-content\/uploads\/suhlas_skupiny_do_18r.docx\">tla\u010divo do 18 rokov veku (malolet\u00e9 osoby)<\/a>, form\u00e1t DOCX (29kB)<br>&#8211; <a href=\"http:\/\/www.cpppap.svsbb.sk\/new\/wp-content\/uploads\/suhlas_skupiny_nad_18r.docx\">tla\u010divo nad 18 rokov veku (pre plnolet\u00fdch)<\/a>, form\u00e1t DOCX (28kB)<\/p>\n\n\n\n<p><\/p>\n\n\n\n<p><\/p>\n","protected":false},"excerpt":{"rendered":"<p>Predmetn\u00e9 tla\u010divo je nevyhnutn\u00e9 tla\u010di\u0165 obojstranne. Informovan\u00fd s\u00fahlas s vy\u0161etren\u00edm a starostlivos\u0165ou:&#8211; tla\u010divo do 18 rokov veku (malolet\u00e9 osoby), form\u00e1t DOCX (1MB)&#8211; tla\u010divo nad 18 rokov veku (pre plnolet\u00fdch), form\u00e1t DOCX (1MB) Informovan\u00fd s\u00fahlas s \u00fa\u010das\u0165ou na skupinovej aktivite v oblasti prevencie:&#8211; tla\u010divo do 18 rokov veku (malolet\u00e9 osoby), form\u00e1t DOCX (29kB)&#8211; tla\u010divo nad 18&#8230;<\/p>\n","protected":false},"author":1,"featured_media":0,"parent":0,"menu_order":0,"comment_status":"closed","ping_status":"closed","template":"","meta":{"footnotes":""},"class_list":["post-563","page","type-page","status-publish","hentry"],"_links":{"self":[{"href":"https:\/\/www.cpppap.svsbb.sk\/index.php?rest_route=\/wp\/v2\/pages\/563","targetHints":{"allow":["GET"]}}],"collection":[{"href":"https:\/\/www.cpppap.svsbb.sk\/index.php?rest_route=\/wp\/v2\/pages"}],"about":[{"href":"https:\/\/www.cpppap.svsbb.sk\/index.php?rest_route=\/wp\/v2\/types\/page"}],"author":[{"embeddable":true,"href":"https:\/\/www.cpppap.svsbb.sk\/index.php?rest_route=\/wp\/v2\/users\/1"}],"replies":[{"embeddable":true,"href":"https:\/\/www.cpppap.svsbb.sk\/index.php?rest_route=%2Fwp%2Fv2%2Fcomments&post=563"}],"version-history":[{"count":11,"href":"https:\/\/www.cpppap.svsbb.sk\/index.php?rest_route=\/wp\/v2\/pages\/563\/revisions"}],"predecessor-version":[{"id":900,"href":"https:\/\/www.cpppap.svsbb.sk\/index.php?rest_route=\/wp\/v2\/pages\/563\/revisions\/900"}],"wp:attachment":[{"href":"https:\/\/www.cpppap.svsbb.sk\/index.php?rest_route=%2Fwp%2Fv2%2Fmedia&parent=563"}],"curies":[{"name":"wp","href":"https:\/\/api.w.org\/{rel}","templated":true}]}}