{"id":583,"date":"2024-08-09T16:12:56","date_gmt":"2024-08-09T14:12:56","guid":{"rendered":"http:\/\/www.cpppap.svsbb.sk\/new\/?page_id=583"},"modified":"2024-08-09T16:13:38","modified_gmt":"2024-08-09T14:13:38","slug":"programy-vzdelavania-%c2%a7-69-zakona-c-138-2019-z-z","status":"publish","type":"page","link":"https:\/\/www.cpppap.svsbb.sk\/?page_id=583","title":{"rendered":"Programy vzdel\u00e1vania (\u00a7 69, z\u00e1kona \u010d. 138\/2019 Z. z.)"},"content":{"rendered":"\n<p>V zmysle ods. 1 p\u00edsm. b) a d) z\u00e1kona \u010d. 138\/2019 Z. z. na tomto mieste zverej\u0148ujeme n\u00e1zvy programov vzdel\u00e1vania, ktor\u00e9 poskytujeme a taktie\u017e hodnotenie uskuto\u010dnen\u00e9ho vzdel\u00e1vania.<\/p>\n\n\n\n<hr class=\"wp-block-separator has-alpha-channel-opacity\"\/>\n\n\n\n<details class=\"wp-block-details is-layout-flow wp-block-details-is-layout-flow\"><summary>Prevencia du\u0161evn\u00e9ho zdravia na z\u00e1kladnej a strednej \u0161kole<\/summary>\n<p><strong>Druh vzdel\u00e1vania:<\/strong> <em>aktualiza\u010dn\u00e9<\/em><\/p>\n\n\n\n<p><strong>Hodnotenie vzdel\u00e1vania: <\/strong><\/p>\n<\/details>\n\n\n\n<hr class=\"wp-block-separator has-alpha-channel-opacity is-style-dots\"\/>\n\n\n\n<div class=\"wp-block-group is-nowrap is-layout-flex wp-container-core-group-is-layout-ad2f72ca wp-block-group-is-layout-flex\">\n<details class=\"wp-block-details is-layout-flow wp-block-details-is-layout-flow\"><summary>Relaxa\u010dn\u00e9 techniky a ich vyu\u017eitie v pr\u00e1ci odborn\u00e9ho zamestnanca<\/summary>\n<p><strong>Druh vzdel\u00e1vania:<\/strong> <em>aktualiza\u010dn\u00e9<\/em><\/p>\n\n\n\n<p><strong>Hodnotenie vzdel\u00e1vania: <\/strong><\/p>\n<\/details>\n<\/div>\n\n\n\n<hr class=\"wp-block-separator has-alpha-channel-opacity is-style-dots\"\/>\n\n\n\n<div class=\"wp-block-group is-nowrap is-layout-flex wp-container-core-group-is-layout-ad2f72ca wp-block-group-is-layout-flex\">\n<details class=\"wp-block-details is-layout-flow wp-block-details-is-layout-flow\"><summary>Z\u00e1sady a minim\u00e1lne \u0161tandardy pr\u00e1ce s klientom v online prostred\u00ed<\/summary>\n<p><strong>Druh vzdel\u00e1vania:<\/strong> <em>aktualiza\u010dn\u00e9<\/em><\/p>\n\n\n\n<p><strong>Hodnotenie vzdel\u00e1vania: <\/strong><\/p>\n<\/details>\n<\/div>\n","protected":false},"excerpt":{"rendered":"<p>V zmysle ods. 1 p\u00edsm. b) a d) z\u00e1kona \u010d. 138\/2019 Z. z. na tomto mieste zverej\u0148ujeme n\u00e1zvy programov vzdel\u00e1vania, ktor\u00e9 poskytujeme a taktie\u017e hodnotenie uskuto\u010dnen\u00e9ho vzdel\u00e1vania.<\/p>\n","protected":false},"author":1,"featured_media":0,"parent":0,"menu_order":0,"comment_status":"closed","ping_status":"closed","template":"","meta":{"footnotes":""},"class_list":["post-583","page","type-page","status-publish","hentry"],"_links":{"self":[{"href":"https:\/\/www.cpppap.svsbb.sk\/index.php?rest_route=\/wp\/v2\/pages\/583","targetHints":{"allow":["GET"]}}],"collection":[{"href":"https:\/\/www.cpppap.svsbb.sk\/index.php?rest_route=\/wp\/v2\/pages"}],"about":[{"href":"https:\/\/www.cpppap.svsbb.sk\/index.php?rest_route=\/wp\/v2\/types\/page"}],"author":[{"embeddable":true,"href":"https:\/\/www.cpppap.svsbb.sk\/index.php?rest_route=\/wp\/v2\/users\/1"}],"replies":[{"embeddable":true,"href":"https:\/\/www.cpppap.svsbb.sk\/index.php?rest_route=%2Fwp%2Fv2%2Fcomments&post=583"}],"version-history":[{"count":2,"href":"https:\/\/www.cpppap.svsbb.sk\/index.php?rest_route=\/wp\/v2\/pages\/583\/revisions"}],"predecessor-version":[{"id":587,"href":"https:\/\/www.cpppap.svsbb.sk\/index.php?rest_route=\/wp\/v2\/pages\/583\/revisions\/587"}],"wp:attachment":[{"href":"https:\/\/www.cpppap.svsbb.sk\/index.php?rest_route=%2Fwp%2Fv2%2Fmedia&parent=583"}],"curies":[{"name":"wp","href":"https:\/\/api.w.org\/{rel}","templated":true}]}}