{"id":588,"date":"2024-08-09T16:16:25","date_gmt":"2024-08-09T14:16:25","guid":{"rendered":"http:\/\/www.cpppap.svsbb.sk\/new\/?page_id=588"},"modified":"2026-02-13T14:11:37","modified_gmt":"2026-02-13T13:11:37","slug":"ziadost-o-preventivny-intervencny-program-aktivitu","status":"publish","type":"page","link":"https:\/\/www.cpppap.svsbb.sk\/?page_id=588","title":{"rendered":"\u017diados\u0165 o prevent\u00edvny \/ interven\u010dn\u00fd program, aktivitu"},"content":{"rendered":"\n<h4 class=\"wp-block-heading\"><strong>Stiahnite si:<\/strong><\/h4>\n\n\n\n<div class=\"wp-block-columns is-layout-flex wp-container-core-columns-is-layout-9d6595d7 wp-block-columns-is-layout-flex\">\n<div class=\"wp-block-column is-layout-flow wp-block-column-is-layout-flow\" style=\"flex-basis:66.66%\">\n<div class=\"wp-block-file\"><a id=\"wp-block-file--media-e62cd26e-a4bd-4c53-b31f-5cd56390920c\" href=\"https:\/\/www.cpppap.svsbb.sk\/new\/wp-content\/uploads\/Ziadost_o_program_aktivitu_s-rizikovym-spravanim-1.docx\">\u017diados\u0165 o prevent\u00edvny\/interven\u010dn\u00fd program, aktivitu<\/a><a href=\"https:\/\/www.cpppap.svsbb.sk\/new\/wp-content\/uploads\/Ziadost_o_program_aktivitu_s-rizikovym-spravanim-1.docx\" class=\"wp-block-file__button wp-element-button\" download aria-describedby=\"wp-block-file--media-e62cd26e-a4bd-4c53-b31f-5cd56390920c\">Stiahnu\u0165<\/a><\/div>\n<\/div>\n\n\n\n<div class=\"wp-block-column is-layout-flow wp-block-column-is-layout-flow\" style=\"flex-basis:33.33%\">\n<p>(DOC, 13 KB)<\/p>\n<\/div>\n<\/div>\n\n\n\n<p><\/p>\n","protected":false},"excerpt":{"rendered":"<p>Stiahnite si: (DOC, 13 KB)<\/p>\n","protected":false},"author":1,"featured_media":0,"parent":0,"menu_order":0,"comment_status":"closed","ping_status":"closed","template":"","meta":{"footnotes":""},"class_list":["post-588","page","type-page","status-publish","hentry"],"_links":{"self":[{"href":"https:\/\/www.cpppap.svsbb.sk\/index.php?rest_route=\/wp\/v2\/pages\/588","targetHints":{"allow":["GET"]}}],"collection":[{"href":"https:\/\/www.cpppap.svsbb.sk\/index.php?rest_route=\/wp\/v2\/pages"}],"about":[{"href":"https:\/\/www.cpppap.svsbb.sk\/index.php?rest_route=\/wp\/v2\/types\/page"}],"author":[{"embeddable":true,"href":"https:\/\/www.cpppap.svsbb.sk\/index.php?rest_route=\/wp\/v2\/users\/1"}],"replies":[{"embeddable":true,"href":"https:\/\/www.cpppap.svsbb.sk\/index.php?rest_route=%2Fwp%2Fv2%2Fcomments&post=588"}],"version-history":[{"count":5,"href":"https:\/\/www.cpppap.svsbb.sk\/index.php?rest_route=\/wp\/v2\/pages\/588\/revisions"}],"predecessor-version":[{"id":1055,"href":"https:\/\/www.cpppap.svsbb.sk\/index.php?rest_route=\/wp\/v2\/pages\/588\/revisions\/1055"}],"wp:attachment":[{"href":"https:\/\/www.cpppap.svsbb.sk\/index.php?rest_route=%2Fwp%2Fv2%2Fmedia&parent=588"}],"curies":[{"name":"wp","href":"https:\/\/api.w.org\/{rel}","templated":true}]}}