{"id":597,"date":"2024-08-09T16:21:25","date_gmt":"2024-08-09T14:21:25","guid":{"rendered":"http:\/\/www.cpppap.svsbb.sk\/new\/?page_id=597"},"modified":"2025-11-29T18:32:53","modified_gmt":"2025-11-29T17:32:53","slug":"informacia-pre-uchadzacov-o-zamestnanie","status":"publish","type":"page","link":"https:\/\/www.cpppap.svsbb.sk\/?page_id=597","title":{"rendered":"Inform\u00e1cia pre uch\u00e1dza\u010dov o zamestnanie"},"content":{"rendered":"\n<p>Pred zaslan\u00edm svojej \u017eiadosti a profesijn\u00e9ho \u017eivotopisu postupujte pod\u013ea in\u0161trukci\u00ed v dokumente.<\/p>\n\n\n\n<div class=\"wp-block-columns is-layout-flex wp-container-core-columns-is-layout-9d6595d7 wp-block-columns-is-layout-flex\">\n<div class=\"wp-block-column is-layout-flow wp-block-column-is-layout-flow\" style=\"flex-basis:66.66%\">\n<div class=\"wp-block-file\"><a id=\"wp-block-file--media-0032d334-cc7f-4a87-9754-2c5e576801b6\" href=\"http:\/\/www.cpppap.svsbb.sk\/new\/wp-content\/uploads\/suhlas_UoZ_zivotopisy.docx\">Inform\u00e1cia pre uch\u00e1dza\u010dov o zamestnanie<\/a><a href=\"http:\/\/www.cpppap.svsbb.sk\/new\/wp-content\/uploads\/suhlas_UoZ_zivotopisy.docx\" class=\"wp-block-file__button wp-element-button\" download aria-describedby=\"wp-block-file--media-0032d334-cc7f-4a87-9754-2c5e576801b6\">Stiahnu\u0165<\/a><\/div>\n<\/div>\n\n\n\n<div class=\"wp-block-column is-layout-flow wp-block-column-is-layout-flow\" style=\"flex-basis:33.33%\">\n<p>(DOC, 15 KB)<\/p>\n<\/div>\n<\/div>\n\n\n\n<p><\/p>\n","protected":false},"excerpt":{"rendered":"<p>Pred zaslan\u00edm svojej \u017eiadosti a profesijn\u00e9ho \u017eivotopisu postupujte pod\u013ea in\u0161trukci\u00ed v dokumente. (DOC, 15 KB)<\/p>\n","protected":false},"author":1,"featured_media":0,"parent":0,"menu_order":0,"comment_status":"closed","ping_status":"closed","template":"","meta":{"footnotes":""},"class_list":["post-597","page","type-page","status-publish","hentry"],"_links":{"self":[{"href":"https:\/\/www.cpppap.svsbb.sk\/index.php?rest_route=\/wp\/v2\/pages\/597","targetHints":{"allow":["GET"]}}],"collection":[{"href":"https:\/\/www.cpppap.svsbb.sk\/index.php?rest_route=\/wp\/v2\/pages"}],"about":[{"href":"https:\/\/www.cpppap.svsbb.sk\/index.php?rest_route=\/wp\/v2\/types\/page"}],"author":[{"embeddable":true,"href":"https:\/\/www.cpppap.svsbb.sk\/index.php?rest_route=\/wp\/v2\/users\/1"}],"replies":[{"embeddable":true,"href":"https:\/\/www.cpppap.svsbb.sk\/index.php?rest_route=%2Fwp%2Fv2%2Fcomments&post=597"}],"version-history":[{"count":3,"href":"https:\/\/www.cpppap.svsbb.sk\/index.php?rest_route=\/wp\/v2\/pages\/597\/revisions"}],"predecessor-version":[{"id":938,"href":"https:\/\/www.cpppap.svsbb.sk\/index.php?rest_route=\/wp\/v2\/pages\/597\/revisions\/938"}],"wp:attachment":[{"href":"https:\/\/www.cpppap.svsbb.sk\/index.php?rest_route=%2Fwp%2Fv2%2Fmedia&parent=597"}],"curies":[{"name":"wp","href":"https:\/\/api.w.org\/{rel}","templated":true}]}}