{"id":602,"date":"2024-08-09T16:25:04","date_gmt":"2024-08-09T14:25:04","guid":{"rendered":"http:\/\/www.cpppap.svsbb.sk\/new\/?page_id=602"},"modified":"2025-11-30T13:18:21","modified_gmt":"2025-11-30T12:18:21","slug":"mapa-stranky","status":"publish","type":"page","link":"https:\/\/www.cpppap.svsbb.sk\/?page_id=602","title":{"rendered":"Mapa str\u00e1nky"},"content":{"rendered":"<form role=\"search\" method=\"get\" action=\"https:\/\/www.cpppap.svsbb.sk\/\" class=\"wp-block-search__button-outside wp-block-search__text-button wp-block-search\"    ><label class=\"wp-block-search__label\" for=\"wp-block-search__input-1\" >Zadajte h\u013eadan\u00fd v\u00fdraz<\/label><div class=\"wp-block-search__inside-wrapper\" ><input class=\"wp-block-search__input\" id=\"wp-block-search__input-1\" placeholder=\"\" value=\"\" type=\"search\" name=\"s\" required \/><button aria-label=\"H\u013eada\u0165\" class=\"wp-block-search__button wp-element-button\" type=\"submit\" >H\u013eada\u0165<\/button><\/div><\/form>\n\n\n<hr class=\"wp-block-separator has-alpha-channel-opacity is-style-dots\"\/>\n\n\n<ul class=\"wp-block-page-list\"><li class=\"wp-block-pages-list__item\"><a class=\"wp-block-pages-list__item__link\" href=\"https:\/\/www.cpppap.svsbb.sk\/?page_id=659\">Aktuality<\/a><\/li><li class=\"wp-block-pages-list__item\"><a class=\"wp-block-pages-list__item__link\" href=\"https:\/\/www.cpppap.svsbb.sk\/?page_id=1069\">Anamnestick\u00fd dotazn\u00edk<\/a><\/li><li class=\"wp-block-pages-list__item\"><a class=\"wp-block-pages-list__item__link\" href=\"https:\/\/www.cpppap.svsbb.sk\/?page_id=479\">Asistent u\u010dite\u013ea<\/a><\/li><li class=\"wp-block-pages-list__item\"><a class=\"wp-block-pages-list__item__link\" href=\"https:\/\/www.cpppap.svsbb.sk\/?page_id=486\">Dotazn\u00edky pre v\u00fdchovn\u00e9ho poradcu a koordin\u00e1tora prevencie<\/a><\/li><li class=\"wp-block-pages-list__item menu-item-home\"><a class=\"wp-block-pages-list__item__link\" href=\"https:\/\/www.cpppap.svsbb.sk\/\">Hlavn\u00e1 str\u00e1nka<\/a><\/li><li class=\"wp-block-pages-list__item\"><a class=\"wp-block-pages-list__item__link\" href=\"https:\/\/www.cpppap.svsbb.sk\/?page_id=597\">Inform\u00e1cia pre uch\u00e1dza\u010dov o zamestnanie<\/a><\/li><li class=\"wp-block-pages-list__item\"><a class=\"wp-block-pages-list__item__link\" href=\"https:\/\/www.cpppap.svsbb.sk\/?page_id=100\">Kontakt<\/a><\/li><li class=\"wp-block-pages-list__item\"><a class=\"wp-block-pages-list__item__link\" href=\"https:\/\/www.cpppap.svsbb.sk\/?page_id=971\">Kontaktn\u00fd formul\u00e1r n\u00e1m bol zaslan\u00fd<\/a><\/li><li class=\"wp-block-pages-list__item\"><a class=\"wp-block-pages-list__item__link\" href=\"https:\/\/www.cpppap.svsbb.sk\/?page_id=602\">Mapa str\u00e1nky<\/a><\/li><li class=\"wp-block-pages-list__item\"><a class=\"wp-block-pages-list__item__link\" href=\"https:\/\/www.cpppap.svsbb.sk\/?page_id=262\">Metodick\u00e9 materi\u00e1ly<\/a><\/li><li class=\"wp-block-pages-list__item\"><a class=\"wp-block-pages-list__item__link\" href=\"https:\/\/www.cpppap.svsbb.sk\/?page_id=26\">Ochrana osobn\u00fdch \u00fadajov<\/a><\/li><li class=\"wp-block-pages-list__item\"><a class=\"wp-block-pages-list__item__link\" href=\"https:\/\/www.cpppap.svsbb.sk\/?page_id=404\">Organiza\u010dn\u00e1 \u0161trukt\u00fara a organiza\u010dn\u00fd poriadok<\/a><\/li><li class=\"wp-block-pages-list__item\"><a class=\"wp-block-pages-list__item__link\" href=\"https:\/\/www.cpppap.svsbb.sk\/?page_id=833\">Pl\u00e1n \u010dinnosti<\/a><\/li><li class=\"wp-block-pages-list__item\"><a class=\"wp-block-pages-list__item__link\" href=\"https:\/\/www.cpppap.svsbb.sk\/?page_id=652\">Podcasty<\/a><\/li><li class=\"wp-block-pages-list__item\"><a class=\"wp-block-pages-list__item__link\" href=\"https:\/\/www.cpppap.svsbb.sk\/?page_id=531\">Po\u017eiadavka o psychologick\u00e9 vy\u0161etrenie die\u0165a\u0165a<\/a><\/li><li class=\"wp-block-pages-list__item\"><a class=\"wp-block-pages-list__item__link\" href=\"https:\/\/www.cpppap.svsbb.sk\/?page_id=563\">Po\u017eiadavka o psychologick\u00e9 vy\u0161etrenie die\u0165a\u0165a &#8211; S\u00fahlasy s vy\u0161etren\u00edm<\/a><\/li><li class=\"wp-block-pages-list__item\"><a class=\"wp-block-pages-list__item__link\" href=\"https:\/\/www.cpppap.svsbb.sk\/?page_id=974\">Po\u017eiadavka o\u00a0vykonanie odbornej \u010dinnosti &#8211; deti do 15 rokov, \u017eiaci M\u0160 a Z\u0160<\/a><\/li><li class=\"wp-block-pages-list__item\"><a class=\"wp-block-pages-list__item__link\" href=\"https:\/\/www.cpppap.svsbb.sk\/?page_id=976\">Po\u017eiadavka o\u00a0vykonanie odbornej \u010dinnosti \u2013 \u017eiaci S\u0160 a\u00a0\u0161tudenti V\u0160<\/a><\/li><li class=\"wp-block-pages-list__item has-child\"><a class=\"wp-block-pages-list__item__link\" href=\"https:\/\/www.cpppap.svsbb.sk\/?page_id=231\">Profil verejn\u00e9ho obstar\u00e1vate\u013ea<\/a><ul class=\"wp-block-navigation__submenu-container\"><li class=\"wp-block-pages-list__item \"><a class=\"wp-block-pages-list__item__link\" href=\"https:\/\/www.cpppap.svsbb.sk\/?page_id=235\">Nadlimitn\u00e9 z\u00e1kazky<\/a><\/li><li class=\"wp-block-pages-list__item \"><a class=\"wp-block-pages-list__item__link\" href=\"https:\/\/www.cpppap.svsbb.sk\/?page_id=240\">Oznamy a inform\u00e1cie<\/a><\/li><li class=\"wp-block-pages-list__item \"><a class=\"wp-block-pages-list__item__link\" href=\"https:\/\/www.cpppap.svsbb.sk\/?page_id=236\">Podlimitn\u00e9 z\u00e1kazky<\/a><\/li><li class=\"wp-block-pages-list__item has-child \"><a class=\"wp-block-pages-list__item__link\" href=\"https:\/\/www.cpppap.svsbb.sk\/?page_id=237\">Z\u00e1kazky<\/a><ul class=\"wp-block-navigation__submenu-container\"><li class=\"wp-block-pages-list__item \"><a class=\"wp-block-pages-list__item__link\" href=\"https:\/\/www.cpppap.svsbb.sk\/?page_id=239\">S\u00fahrnn\u00e9 spr\u00e1vy o\u00a0z\u00e1kazk\u00e1ch<\/a><\/li><li class=\"wp-block-pages-list__item \"><a class=\"wp-block-pages-list__item__link\" href=\"https:\/\/www.cpppap.svsbb.sk\/?page_id=238\">Zad\u00e1vanie z\u00e1kaziek v s\u00falade s \u00a7 9 odst. 9 z\u00e1kona o VO<\/a><\/li><\/ul><\/li><\/ul><\/li><li class=\"wp-block-pages-list__item\"><a class=\"wp-block-pages-list__item__link\" href=\"https:\/\/www.cpppap.svsbb.sk\/?page_id=583\">Programy vzdel\u00e1vania (\u00a7 69, z\u00e1kona \u010d. 138\/2019 Z. z.)<\/a><\/li><li class=\"wp-block-pages-list__item\"><a class=\"wp-block-pages-list__item__link\" href=\"https:\/\/www.cpppap.svsbb.sk\/?page_id=475\">Rozdelenie \u0161k\u00f4l v \u0161kolskom roku 2025\/2026<\/a><\/li><li class=\"wp-block-pages-list__item\"><a class=\"wp-block-pages-list__item__link\" href=\"https:\/\/www.cpppap.svsbb.sk\/?page_id=861\">Slobodn\u00fd pr\u00edstup k inform\u00e1ci\u00e1m<\/a><\/li><li class=\"wp-block-pages-list__item\"><a class=\"wp-block-pages-list__item__link\" href=\"https:\/\/www.cpppap.svsbb.sk\/?page_id=416\">Spr\u00e1va o \u010dinnosti (vyhl\u00e1\u0161ka 9\/2006)<\/a><\/li><li class=\"wp-block-pages-list__item\"><a class=\"wp-block-pages-list__item__link\" href=\"https:\/\/www.cpppap.svsbb.sk\/?page_id=697\">Vojna na Ukrajine<\/a><\/li><li class=\"wp-block-pages-list__item\"><a class=\"wp-block-pages-list__item__link\" href=\"https:\/\/www.cpppap.svsbb.sk\/?page_id=593\">\u017diaci s v\u00fdvinovou poruchou u\u010denia<\/a><\/li><li class=\"wp-block-pages-list__item\"><a class=\"wp-block-pages-list__item__link\" href=\"https:\/\/www.cpppap.svsbb.sk\/?page_id=588\">\u017diados\u0165 o prevent\u00edvny \/ interven\u010dn\u00fd program, aktivitu<\/a><\/li><li class=\"wp-block-pages-list__item has-child\"><a class=\"wp-block-pages-list__item__link\" href=\"https:\/\/www.cpppap.svsbb.sk\/?page_id=107\">Zverej\u0148ovanie<\/a><ul class=\"wp-block-navigation__submenu-container\"><li class=\"wp-block-pages-list__item has-child \"><a class=\"wp-block-pages-list__item__link\" href=\"https:\/\/www.cpppap.svsbb.sk\/?page_id=186\">Fakt\u00fary<\/a><ul class=\"wp-block-navigation__submenu-container\"><li class=\"wp-block-pages-list__item \"><a class=\"wp-block-pages-list__item__link\" href=\"https:\/\/www.cpppap.svsbb.sk\/?page_id=187\">Arch\u00edv: Fakt\u00fary &#8211; 2011<\/a><\/li><li class=\"wp-block-pages-list__item \"><a class=\"wp-block-pages-list__item__link\" href=\"https:\/\/www.cpppap.svsbb.sk\/?page_id=709\">Arch\u00edv: Fakt\u00fary &#8211; 2023<\/a><\/li><li class=\"wp-block-pages-list__item \"><a class=\"wp-block-pages-list__item__link\" href=\"https:\/\/www.cpppap.svsbb.sk\/?page_id=1010\">Arch\u00edv: Fakt\u00fary &#8211; 2024<\/a><\/li><li class=\"wp-block-pages-list__item \"><a class=\"wp-block-pages-list__item__link\" href=\"https:\/\/www.cpppap.svsbb.sk\/?page_id=811\">Arch\u00edv: Fakt\u00fary &#8211; 2025<\/a><\/li><li class=\"wp-block-pages-list__item \"><a class=\"wp-block-pages-list__item__link\" href=\"https:\/\/www.cpppap.svsbb.sk\/?page_id=188\">Arch\u00edv: Fakt\u00fary &#8211; 2012<\/a><\/li><li class=\"wp-block-pages-list__item \"><a class=\"wp-block-pages-list__item__link\" href=\"https:\/\/www.cpppap.svsbb.sk\/?page_id=189\">Arch\u00edv: Fakt\u00fary &#8211; 2013<\/a><\/li><li class=\"wp-block-pages-list__item \"><a class=\"wp-block-pages-list__item__link\" href=\"https:\/\/www.cpppap.svsbb.sk\/?page_id=190\">Arch\u00edv: Fakt\u00fary &#8211; 2014<\/a><\/li><li class=\"wp-block-pages-list__item \"><a class=\"wp-block-pages-list__item__link\" href=\"https:\/\/www.cpppap.svsbb.sk\/?page_id=191\">Arch\u00edv: Fakt\u00fary &#8211; 2015<\/a><\/li><li class=\"wp-block-pages-list__item \"><a class=\"wp-block-pages-list__item__link\" href=\"https:\/\/www.cpppap.svsbb.sk\/?page_id=192\">Arch\u00edv: Fakt\u00fary &#8211; 2016<\/a><\/li><li class=\"wp-block-pages-list__item \"><a class=\"wp-block-pages-list__item__link\" href=\"https:\/\/www.cpppap.svsbb.sk\/?page_id=193\">Arch\u00edv: Fakt\u00fary &#8211; 2017<\/a><\/li><li class=\"wp-block-pages-list__item \"><a class=\"wp-block-pages-list__item__link\" href=\"https:\/\/www.cpppap.svsbb.sk\/?page_id=194\">Arch\u00edv: Fakt\u00fary &#8211; 2018<\/a><\/li><li class=\"wp-block-pages-list__item \"><a class=\"wp-block-pages-list__item__link\" href=\"https:\/\/www.cpppap.svsbb.sk\/?page_id=195\">Arch\u00edv: Fakt\u00fary &#8211; 2019<\/a><\/li><li class=\"wp-block-pages-list__item \"><a class=\"wp-block-pages-list__item__link\" href=\"https:\/\/www.cpppap.svsbb.sk\/?page_id=196\">Arch\u00edv: Fakt\u00fary &#8211; 2020<\/a><\/li><li class=\"wp-block-pages-list__item \"><a class=\"wp-block-pages-list__item__link\" href=\"https:\/\/www.cpppap.svsbb.sk\/?page_id=197\">Arch\u00edv: Fakt\u00fary &#8211; 2021<\/a><\/li><li class=\"wp-block-pages-list__item \"><a class=\"wp-block-pages-list__item__link\" href=\"https:\/\/www.cpppap.svsbb.sk\/?page_id=198\">Arch\u00edv: Fakt\u00fary &#8211; 2022<\/a><\/li><\/ul><\/li><li class=\"wp-block-pages-list__item has-child \"><a class=\"wp-block-pages-list__item__link\" href=\"https:\/\/www.cpppap.svsbb.sk\/?page_id=121\">Objedn\u00e1vky<\/a><ul class=\"wp-block-navigation__submenu-container\"><li class=\"wp-block-pages-list__item \"><a class=\"wp-block-pages-list__item__link\" href=\"https:\/\/www.cpppap.svsbb.sk\/?page_id=110\">Arch\u00edv: Objedn\u00e1vky &#8211; 2011<\/a><\/li><li class=\"wp-block-pages-list__item \"><a class=\"wp-block-pages-list__item__link\" href=\"https:\/\/www.cpppap.svsbb.sk\/?page_id=739\">Arch\u00edv: Objedn\u00e1vky \u2013 2023<\/a><\/li><li class=\"wp-block-pages-list__item \"><a class=\"wp-block-pages-list__item__link\" href=\"https:\/\/www.cpppap.svsbb.sk\/?page_id=815\">Arch\u00edv: Objedn\u00e1vky \u2013 2024<\/a><\/li><li class=\"wp-block-pages-list__item \"><a class=\"wp-block-pages-list__item__link\" href=\"https:\/\/www.cpppap.svsbb.sk\/?page_id=1020\">Arch\u00edv: Objedn\u00e1vky \u2013 2025<\/a><\/li><li class=\"wp-block-pages-list__item \"><a class=\"wp-block-pages-list__item__link\" href=\"https:\/\/www.cpppap.svsbb.sk\/?page_id=117\">Arch\u00edv: Objedn\u00e1vky &#8211; 2012<\/a><\/li><li class=\"wp-block-pages-list__item \"><a class=\"wp-block-pages-list__item__link\" href=\"https:\/\/www.cpppap.svsbb.sk\/?page_id=161\">Arch\u00edv: Objedn\u00e1vky &#8211; 2013<\/a><\/li><li class=\"wp-block-pages-list__item \"><a class=\"wp-block-pages-list__item__link\" href=\"https:\/\/www.cpppap.svsbb.sk\/?page_id=166\">Arch\u00edv: Objedn\u00e1vky &#8211; 2014<\/a><\/li><li class=\"wp-block-pages-list__item \"><a class=\"wp-block-pages-list__item__link\" href=\"https:\/\/www.cpppap.svsbb.sk\/?page_id=168\">Arch\u00edv: Objedn\u00e1vky &#8211; 2015<\/a><\/li><li class=\"wp-block-pages-list__item \"><a class=\"wp-block-pages-list__item__link\" href=\"https:\/\/www.cpppap.svsbb.sk\/?page_id=170\">Arch\u00edv: Objedn\u00e1vky &#8211; 2016<\/a><\/li><li class=\"wp-block-pages-list__item \"><a class=\"wp-block-pages-list__item__link\" href=\"https:\/\/www.cpppap.svsbb.sk\/?page_id=172\">Arch\u00edv: Objedn\u00e1vky &#8211; 2017<\/a><\/li><li class=\"wp-block-pages-list__item \"><a class=\"wp-block-pages-list__item__link\" href=\"https:\/\/www.cpppap.svsbb.sk\/?page_id=173\">Arch\u00edv: Objedn\u00e1vky &#8211; 2018<\/a><\/li><li class=\"wp-block-pages-list__item \"><a class=\"wp-block-pages-list__item__link\" href=\"https:\/\/www.cpppap.svsbb.sk\/?page_id=174\">Arch\u00edv: Objedn\u00e1vky &#8211; 2019<\/a><\/li><li class=\"wp-block-pages-list__item \"><a class=\"wp-block-pages-list__item__link\" href=\"https:\/\/www.cpppap.svsbb.sk\/?page_id=175\">Arch\u00edv: Objedn\u00e1vky &#8211; 2020<\/a><\/li><li class=\"wp-block-pages-list__item \"><a class=\"wp-block-pages-list__item__link\" href=\"https:\/\/www.cpppap.svsbb.sk\/?page_id=176\">Arch\u00edv: Objedn\u00e1vky &#8211; 2021<\/a><\/li><li class=\"wp-block-pages-list__item \"><a class=\"wp-block-pages-list__item__link\" href=\"https:\/\/www.cpppap.svsbb.sk\/?page_id=177\">Arch\u00edv: Objedn\u00e1vky &#8211; 2022<\/a><\/li><\/ul><\/li><li class=\"wp-block-pages-list__item \"><a class=\"wp-block-pages-list__item__link\" href=\"https:\/\/www.cpppap.svsbb.sk\/?page_id=222\">Spr\u00e1vy o z\u00e1kazk\u00e1ch s n\u00edzkou hodnotou<\/a><\/li><li class=\"wp-block-pages-list__item \"><a class=\"wp-block-pages-list__item__link\" href=\"https:\/\/www.cpppap.svsbb.sk\/?page_id=219\">Vo\u013en\u00e9 pracovn\u00e9 miesta<\/a><\/li><li class=\"wp-block-pages-list__item \"><a class=\"wp-block-pages-list__item__link\" href=\"https:\/\/www.cpppap.svsbb.sk\/?page_id=218\">Zmluvy<\/a><\/li><\/ul><\/li><\/ul>","protected":false},"excerpt":{"rendered":"","protected":false},"author":1,"featured_media":0,"parent":0,"menu_order":0,"comment_status":"closed","ping_status":"closed","template":"","meta":{"footnotes":""},"class_list":["post-602","page","type-page","status-publish","hentry"],"_links":{"self":[{"href":"https:\/\/www.cpppap.svsbb.sk\/index.php?rest_route=\/wp\/v2\/pages\/602","targetHints":{"allow":["GET"]}}],"collection":[{"href":"https:\/\/www.cpppap.svsbb.sk\/index.php?rest_route=\/wp\/v2\/pages"}],"about":[{"href":"https:\/\/www.cpppap.svsbb.sk\/index.php?rest_route=\/wp\/v2\/types\/page"}],"author":[{"embeddable":true,"href":"https:\/\/www.cpppap.svsbb.sk\/index.php?rest_route=\/wp\/v2\/users\/1"}],"replies":[{"embeddable":true,"href":"https:\/\/www.cpppap.svsbb.sk\/index.php?rest_route=%2Fwp%2Fv2%2Fcomments&post=602"}],"version-history":[{"count":4,"href":"https:\/\/www.cpppap.svsbb.sk\/index.php?rest_route=\/wp\/v2\/pages\/602\/revisions"}],"predecessor-version":[{"id":983,"href":"https:\/\/www.cpppap.svsbb.sk\/index.php?rest_route=\/wp\/v2\/pages\/602\/revisions\/983"}],"wp:attachment":[{"href":"https:\/\/www.cpppap.svsbb.sk\/index.php?rest_route=%2Fwp%2Fv2%2Fmedia&parent=602"}],"curies":[{"name":"wp","href":"https:\/\/api.w.org\/{rel}","templated":true}]}}