{"id":659,"date":"2024-08-09T20:22:26","date_gmt":"2024-08-09T18:22:26","guid":{"rendered":"http:\/\/www.cpppap.svsbb.sk\/new\/?page_id=659"},"modified":"2025-11-29T18:33:33","modified_gmt":"2025-11-29T17:33:33","slug":"aktuality","status":"publish","type":"page","link":"https:\/\/www.cpppap.svsbb.sk\/?page_id=659","title":{"rendered":"Aktuality"},"content":{"rendered":"\n<h3 class=\"wp-block-heading\" id=\"zmena_mena\">V\u00e1\u017een\u00ed klienti, v\u00e1\u017een\u00ed spolupracovn\u00edci a&nbsp;v\u00e1\u017een\u00e1 \u0161irok\u00e1 verejnos\u0165,<\/h3>\n\n\n\n<p>dovo\u013eujeme si V\u00e1s informova\u0165, \u017ee d\u0148om 1. janu\u00e1ra 2023 sa men\u00ed n\u00e1zov n\u00e1\u0161ho zariadenia na &#8222;Centrum poradenstva a&nbsp;prevencie (skratka CPP)&#8220;. Ide o&nbsp;v\u00fdsledok transform\u00e1cie syst\u00e9mu poradenstva a prevencie na Slovensku, ktor\u00e9ho s\u00fa\u010das\u0165ou je aj zl\u00fa\u010denie s&nbsp;doteraj\u0161\u00edmi \u0161t\u00e1tnymi centrami \u0161peci\u00e1lno-pedagogick\u00e9ho poradenstva pri \u0161peci\u00e1lnej z\u00e1kladnej \u0161kole na \u010eumbierskej ulici \u010d.15 a&nbsp;pri \u0161peci\u00e1lnej materskej \u0161kole na ulici J. Koll\u00e1ra \u010d. 55. S\u00eddlo kme\u0148ov\u00e9ho pracoviska je ako doteraz na Ml\u00e1de\u017en\u00edckej 34, Bansk\u00e1 Bystrica. Z\u00e1rove\u0148 vznik\u00e1 do\u010dasne (na jeden mesiac \u2013 janu\u00e1r 2023) Elokovan\u00e9 pracovisko CPP Bansk\u00e1 Bystrica na ulici J. Koll\u00e1ra 55, Bansk\u00e1 Bystrica. CPP Bansk\u00e1 Bystrica od 1.1.2023 poskytuje odborn\u00fa starostlivos\u0165 v\u0161etk\u00fdm de\u0165om vr\u00e1tane det\u00ed\/\u017eiakov so zdravotn\u00fdm znev\u00fdhodnen\u00edm a&nbsp;det\u00ed\/\u017eiakov so zdravotn\u00fdm postihnut\u00edm od narodenia a\u017e po ukon\u010denie pr\u00edpravy na povolanie.<\/p>\n\n\n\n<p>D\u00f4sledkom toho d\u0148om 1. janu\u00e1ra 2023 prech\u00e1dzaj\u00fa <strong>spisov\u00e9 zlo\u017eky v\u0161etk\u00fdch klientov<\/strong> do agendy a spr\u00e1vy Centra poradenstva a prevencie, Ml\u00e1de\u017en\u00edcka 34, 974 04 Bansk\u00e1 Bystrica.<\/p>\n\n\n\n<p>V pr\u00edpade Va\u0161ich ot\u00e1zok s\u00favisiacich so sprac\u00favan\u00edm osobn\u00fdch \u00fadajov n\u00e1s m\u00f4\u017eete kontaktova\u0165.<\/p>\n\n\n\n<p>Kore\u0161ponden\u010dn\u00e1 adresa od 1.1.2023:<\/p>\n\n\n\n<p>Centrum poradenstva a&nbsp;prevencie<br>Ml\u00e1de\u017en\u00edcka 34<br>974 04 Bansk\u00e1 Bystrica<\/p>\n\n\n\n<p><strong>Kontakty a&nbsp;sp\u00f4sob objedn\u00e1vania n\u00e1jdete na str\u00e1nke centra.<\/strong><\/p>\n\n\n\n<ul class=\"wp-block-list\">\n<li>N\u00e1\u0161 link do 31.12.2022: http:\/\/www.cpppap.svsbb.sk<\/li>\n\n\n\n<li>N\u00e1\u0161 link od 01.01.2023: <a href=\"http:\/\/cppbb.sk\" target=\"_blank\" rel=\"noreferrer noopener\">http:\/\/cppbb.sk<\/a><\/li>\n<\/ul>\n\n\n\n<p>Z\u00e1kon \u010d. 245\/2008 Z. z. od 1.1.2023<\/p>\n\n\n\n<p><strong>Syst\u00e9m poradenstva a prevencie<\/strong><\/p>\n\n\n\n<p>\u00a7 130<\/p>\n\n\n\n<p>(1) V syst\u00e9me poradenstva a prevencie sa vykon\u00e1va odborn\u00e1 \u010dinnos\u0165, ktorou je poradensk\u00e1 \u010dinnos\u0165, psychologick\u00e1 \u010dinnos\u0165, pedagogick\u00e1 \u010dinnos\u0165, \u0161peci\u00e1lno-pedagogick\u00e1 \u010dinnos\u0165, logopedick\u00e1 \u010dinnos\u0165, lie\u010debno-pedagogick\u00e1 \u010dinnos\u0165 a soci\u00e1lno-pedagogick\u00e1 \u010dinnos\u0165 zameran\u00e1 na optimaliz\u00e1ciu v\u00fdchovn\u00e9ho, vzdel\u00e1vacieho, psychick\u00e9ho, soci\u00e1lneho a kari\u00e9rov\u00e9ho v\u00fdvinu det\u00ed od narodenia a\u017e po ukon\u010denie pr\u00edpravy na povolanie.<\/p>\n\n\n\n<p>(2) Poradensk\u00e1 \u010dinnos\u0165 sa poskytuje aj z\u00e1konn\u00fdm z\u00e1stupcom det\u00ed alebo \u017eiakov, z\u00e1stupcom zariadenia, pedagogick\u00fdm zamestnancom alebo odborn\u00fdm zamestnancom.<\/p>\n\n\n\n<p>\u00a7 131<\/p>\n\n\n\n<p>(3) Centrum poradenstva a prevencie poskytuje \u010dinnosti podpornej \u00farovne tretieho stup\u0148a a \u0161tvrt\u00e9ho stup\u0148a de\u0165om a \u017eiakom najm\u00e4 v oblasti ich osobnostn\u00e9ho, vzdel\u00e1vacieho a kari\u00e9rov\u00e9ho rozvoja.<\/p>\n\n\n\n<p>(4) \u010cinnosti podpornej \u00farovne tretieho stup\u0148a vykon\u00e1va odborn\u00fd zamestnanec centra poradenstva a prevencie. \u010cinnosti podpornej \u00farovne tretieho stup\u0148a zah\u0155\u0148aj\u00fa<\/p>\n\n\n\n<ol style=\"list-style-type:lower-alpha\" class=\"wp-block-list\">\n<li>z\u00e1kladn\u00fa diagnostiku, \u010diastkov\u00fa diagnostiku alebo komplexn\u00fa diagnostiku,<\/li>\n\n\n\n<li>poradenstvo,<\/li>\n\n\n\n<li> prevenciu,<\/li>\n\n\n\n<li>intervenciu,<\/li>\n\n\n\n<li>kr\u00edzov\u00fa intervenciu,<\/li>\n\n\n\n<li>terapiu,<\/li>\n\n\n\n<li>rehabilit\u00e1ciu a reeduk\u00e1ciu,<\/li>\n\n\n\n<li>metodick\u00fa \u010dinnos\u0165 a superv\u00edznu \u010dinnos\u0165 pre \u0161kolsk\u00fd podporn\u00fd t\u00edm, pedagogick\u00fdch zamestnancov, odborn\u00fdch zamestnancov a z\u00e1konn\u00fdch z\u00e1stupcov alebo z\u00e1stupcov zariadenia.<\/li>\n<\/ol>\n\n\n\n<p>(5) \u010cinnosti podpornej \u00farovne \u0161tvrt\u00e9ho stup\u0148a vykon\u00e1va odborn\u00fd zamestnanec centra poradenstva a prevencie, nadv\u00e4zuj\u00fa na \u010dinnosti podpornej \u00farovne tretieho stup\u0148a a dop\u013a\u0148aj\u00fa komplexn\u00fa multidisciplin\u00e1rnu starostlivos\u0165 v r\u00e1mci centra poradenstva a prevencie. \u010cinnosti podpornej \u00farovne \u0161tvrt\u00e9ho stup\u0148a zah\u0155\u0148aj\u00fa<\/p>\n\n\n\n<ol style=\"list-style-type:lower-alpha\" class=\"wp-block-list\">\n<li>\u0161pecializovan\u00e9 odborn\u00e9 \u010dinnosti,<\/li>\n\n\n\n<li>poradenstvo,<\/li>\n\n\n\n<li>prevenciu,<\/li>\n\n\n\n<li>\u0161pecializovan\u00fa diagnostiku, komplexn\u00fa diagnostiku a diferenci\u00e1lnu diagnostiku,<\/li>\n\n\n\n<li>terapiu,<\/li>\n\n\n\n<li>rehabilit\u00e1ciu a reeduk\u00e1ciu,<\/li>\n\n\n\n<li>zabezpe\u010dovanie kompenza\u010dn\u00fdch, reeduka\u010dn\u00fdch a \u0161peci\u00e1lnych eduka\u010dn\u00fdch pom\u00f4cok,<\/li>\n\n\n\n<li>metodick\u00fa \u010dinnos\u0165 a superv\u00edznu \u010dinnos\u0165 pre \u0161kolsk\u00fd podporn\u00fd t\u00edm, pedagogick\u00fdch zamestnancov, odborn\u00fdch zamestnancov a z\u00e1konn\u00fdch z\u00e1stupcov alebo z\u00e1stupcov zariadenia.<\/li>\n<\/ol>\n\n\n\n<h3 class=\"wp-block-heading\">Plag\u00e1ty<\/h3>\n\n\n\n<div data-wp-interactive=\"core\/file\" class=\"wp-block-file\"><object data-wp-bind--hidden=\"!state.hasPdfPreview\" hidden class=\"wp-block-file__embed\" data=\"http:\/\/www.cpppap.svsbb.sk\/new\/wp-content\/uploads\/A5_First_aid_techniques.pdf\" type=\"application\/pdf\" style=\"width:100%;height:600px\" aria-label=\"Vlo\u017ei\u0165 \u0422\u0435\u0445\u043d\u0456\u043a\u0438 \u043d\u0430\u0434\u0430\u043d\u043d\u044f \u043f\u0435\u0440\u0448\u043e\u0456 \u0434\u043e\u043f\u043e\u043c\u043e\u0433\u0438 (1 MB).\"><\/object><a id=\"wp-block-file--media-919c0847-304e-4d96-8b74-de3a9d8dbae2\" href=\"http:\/\/www.cpppap.svsbb.sk\/new\/wp-content\/uploads\/A5_First_aid_techniques.pdf\">\u0422\u0435\u0445\u043d\u0456\u043a\u0438 \u043d\u0430\u0434\u0430\u043d\u043d\u044f \u043f\u0435\u0440\u0448\u043e\u0456 \u0434\u043e\u043f\u043e\u043c\u043e\u0433\u0438 (1 MB)<\/a><a href=\"http:\/\/www.cpppap.svsbb.sk\/new\/wp-content\/uploads\/A5_First_aid_techniques.pdf\" class=\"wp-block-file__button wp-element-button\" download aria-describedby=\"wp-block-file--media-919c0847-304e-4d96-8b74-de3a9d8dbae2\">Stiahnu\u0165<\/a><\/div>\n\n\n\n<div data-wp-interactive=\"core\/file\" class=\"wp-block-file\"><object data-wp-bind--hidden=\"!state.hasPdfPreview\" hidden class=\"wp-block-file__embed\" data=\"http:\/\/www.cpppap.svsbb.sk\/new\/wp-content\/uploads\/plagatpomoci_nove.pdf\" type=\"application\/pdf\" style=\"width:100%;height:600px\" aria-label=\"Vlo\u017ei\u0165 Plag\u00e1t pomoci (9 MB).\"><\/object><a id=\"wp-block-file--media-9d4b6db8-aa7a-4a8a-bdf4-367b4463a3fb\" href=\"http:\/\/www.cpppap.svsbb.sk\/new\/wp-content\/uploads\/plagatpomoci_nove.pdf\">Plag\u00e1t pomoci (9 MB)<\/a><a href=\"http:\/\/www.cpppap.svsbb.sk\/new\/wp-content\/uploads\/plagatpomoci_nove.pdf\" class=\"wp-block-file__button wp-element-button\" download aria-describedby=\"wp-block-file--media-9d4b6db8-aa7a-4a8a-bdf4-367b4463a3fb\">Stiahnu\u0165<\/a><\/div>\n\n\n\n<div data-wp-interactive=\"core\/file\" class=\"wp-block-file\"><object data-wp-bind--hidden=\"!state.hasPdfPreview\" hidden class=\"wp-block-file__embed\" data=\"http:\/\/www.cpppap.svsbb.sk\/new\/wp-content\/uploads\/A3_plagat_UKRAJINA_klp.pdf\" type=\"application\/pdf\" style=\"width:100%;height:600px\" aria-label=\"Vlo\u017ei\u0165 Plag\u00e1t UKRAJINA (126 KB).\"><\/object><a id=\"wp-block-file--media-c8462235-dfc9-41c0-a00a-3aa27ca049a4\" href=\"http:\/\/www.cpppap.svsbb.sk\/new\/wp-content\/uploads\/A3_plagat_UKRAJINA_klp.pdf\">Plag\u00e1t UKRAJINA (126 KB)<\/a><a href=\"http:\/\/www.cpppap.svsbb.sk\/new\/wp-content\/uploads\/A3_plagat_UKRAJINA_klp.pdf\" class=\"wp-block-file__button wp-element-button\" download aria-describedby=\"wp-block-file--media-c8462235-dfc9-41c0-a00a-3aa27ca049a4\">Stiahnu\u0165<\/a><\/div>\n\n\n\n<h3 class=\"wp-block-heading\">1. Projekt \u2013 N\u00e1rodn\u00fd projekt<\/h3>\n\n\n\n<h4 class=\"wp-block-heading\"><strong>Modern\u00e9 vzdel\u00e1vanie pre vedomostn\u00fa spolo\u010dnos\u0165 \/ Projekt je spolufinancovan\u00fd zo zdrojov E\u00da<\/strong><\/h4>\n\n\n\n<p>CPPPaP od apr\u00edla 2013 je Projektov\u00fdm centrom v r\u00e1mci n\u00e1rodn\u00e9ho projektu ITMS 26 130 230 025 s n\u00e1zvom: <strong>Komplexn\u00fd poradensk\u00fd syst\u00e9m prevencie a ovplyv\u0148ovania soci\u00e1lno-patologick\u00fdch javov v \u0161kolskom prostred\u00ed.<\/strong> Tento projekt je spolufinancovan\u00fd zo zdrojov E\u00da.<\/p>\n\n\n<div class=\"wp-block-image\">\n<figure class=\"alignleft size-large is-resized\"><img decoding=\"async\" src=\"http:\/\/www.cpppap.svsbb.sk\/gallery\/i\/ak_opv.jpg\" alt=\"\" style=\"width:109px;height:auto\"\/><\/figure>\n<\/div>\n\n<div class=\"wp-block-image\">\n<figure class=\"alignleft size-large is-resized\"><img decoding=\"async\" src=\"http:\/\/www.cpppap.svsbb.sk\/gallery\/i\/ak_kps.jpg\" alt=\"\" style=\"width:106px;height:auto\"\/><\/figure>\n<\/div>\n\n<div class=\"wp-block-image\">\n<figure class=\"alignleft size-large is-resized\"><img decoding=\"async\" src=\"http:\/\/www.cpppap.svsbb.sk\/gallery\/i\/ak_vudpap.jpg\" alt=\"\" style=\"width:97px;height:auto\"\/><\/figure>\n<\/div>\n\n<div class=\"wp-block-image\">\n<figure class=\"alignleft size-large is-resized\"><img decoding=\"async\" src=\"http:\/\/www.cpppap.svsbb.sk\/gallery\/i\/ak_eu.jpg\" alt=\"\" style=\"width:105px;height:auto\"\/><\/figure>\n<\/div>\n\n\n<div class=\"wp-block-columns is-layout-flex wp-container-core-columns-is-layout-9d6595d7 wp-block-columns-is-layout-flex\">\n<div class=\"wp-block-column is-layout-flow wp-block-column-is-layout-flow\"><\/div>\n<\/div>\n\n\n\n<p><\/p>\n","protected":false},"excerpt":{"rendered":"<p>V\u00e1\u017een\u00ed klienti, v\u00e1\u017een\u00ed spolupracovn\u00edci a&nbsp;v\u00e1\u017een\u00e1 \u0161irok\u00e1 verejnos\u0165, dovo\u013eujeme si V\u00e1s informova\u0165, \u017ee d\u0148om 1. janu\u00e1ra 2023 sa men\u00ed n\u00e1zov n\u00e1\u0161ho zariadenia na &#8222;Centrum poradenstva a&nbsp;prevencie (skratka CPP)&#8220;. Ide o&nbsp;v\u00fdsledok transform\u00e1cie syst\u00e9mu poradenstva a prevencie na Slovensku, ktor\u00e9ho s\u00fa\u010das\u0165ou je aj zl\u00fa\u010denie s&nbsp;doteraj\u0161\u00edmi \u0161t\u00e1tnymi centrami \u0161peci\u00e1lno-pedagogick\u00e9ho poradenstva pri \u0161peci\u00e1lnej z\u00e1kladnej \u0161kole na \u010eumbierskej ulici \u010d.15 a&nbsp;pri&#8230;<\/p>\n","protected":false},"author":1,"featured_media":0,"parent":0,"menu_order":0,"comment_status":"closed","ping_status":"closed","template":"","meta":{"footnotes":""},"class_list":["post-659","page","type-page","status-publish","hentry"],"_links":{"self":[{"href":"https:\/\/www.cpppap.svsbb.sk\/index.php?rest_route=\/wp\/v2\/pages\/659","targetHints":{"allow":["GET"]}}],"collection":[{"href":"https:\/\/www.cpppap.svsbb.sk\/index.php?rest_route=\/wp\/v2\/pages"}],"about":[{"href":"https:\/\/www.cpppap.svsbb.sk\/index.php?rest_route=\/wp\/v2\/types\/page"}],"author":[{"embeddable":true,"href":"https:\/\/www.cpppap.svsbb.sk\/index.php?rest_route=\/wp\/v2\/users\/1"}],"replies":[{"embeddable":true,"href":"https:\/\/www.cpppap.svsbb.sk\/index.php?rest_route=%2Fwp%2Fv2%2Fcomments&post=659"}],"version-history":[{"count":13,"href":"https:\/\/www.cpppap.svsbb.sk\/index.php?rest_route=\/wp\/v2\/pages\/659\/revisions"}],"predecessor-version":[{"id":939,"href":"https:\/\/www.cpppap.svsbb.sk\/index.php?rest_route=\/wp\/v2\/pages\/659\/revisions\/939"}],"wp:attachment":[{"href":"https:\/\/www.cpppap.svsbb.sk\/index.php?rest_route=%2Fwp%2Fv2%2Fmedia&parent=659"}],"curies":[{"name":"wp","href":"https:\/\/api.w.org\/{rel}","templated":true}]}}