{"id":697,"date":"2024-09-15T20:52:00","date_gmt":"2024-09-15T18:52:00","guid":{"rendered":"http:\/\/www.cpppap.svsbb.sk\/new\/?page_id=697"},"modified":"2024-09-15T20:52:01","modified_gmt":"2024-09-15T18:52:01","slug":"vojna-na-ukrajine","status":"publish","type":"page","link":"https:\/\/www.cpppap.svsbb.sk\/?page_id=697","title":{"rendered":"Vojna na Ukrajine"},"content":{"rendered":"\n<p>V\u00e1\u017een\u00ed klienti,<\/p>\n\n\n\n<p>Linka pre pomoc \u013eu\u010fom zasiahnut\u00fdch konfliktom na Ukrajine a v\u0161etk\u00fdm \u017eiakom a \u0161tudentom Z\u0160, S\u0160 a V\u0160, pedag\u00f3gom a rodi\u010dom, odborn\u00fdm zamestnancom \u0161k\u00f4l:<\/p>\n\n\n\n<p>00421 911 269 300<br>Denne v \u010dase od 8:00 do 19:00 hod.<\/p>\n\n\n\n<h4 class=\"wp-block-heading\">U\u017eito\u010dn\u00e9 linky:<\/h4>\n\n\n\n<ul class=\"wp-block-list\">\n<li><a href=\"http:\/\/www.minedu.sk\/29993-sk\/situacia-na-ukrajine\/\" target=\"_blank\" rel=\"noreferrer noopener\">Situ\u00e1cia na Ukrajine<\/a><\/li>\n\n\n\n<li><a href=\"http:\/\/vudpap.sk\/ako-hovorit-o-vojne-na-ukrajine-pred-detmi\/\" target=\"_blank\" rel=\"noreferrer noopener\">Ako hovori\u0165 o vojne na Ukrajine pred de\u0165mi?<\/a><\/li>\n\n\n\n<li><a href=\"http:\/\/vudpap.sk\/vyskumny-ustav-detskej-psychologie-a-patopsychologie-zverejnuje-novu-podstranku-ku-krizovej-intervencii-a-aktualnej-situacii\/\" target=\"_blank\" rel=\"noreferrer noopener\">V\u00fdskumn\u00fd \u00fastav detskej psychol\u00f3gie a patopsychol\u00f3gie zverej\u0148uje nov\u00fa podstr\u00e1nku ku kr\u00edzovej intervencii a aktu\u00e1lnej situ\u00e1cii<\/a><\/li>\n<\/ul>\n\n\n\n<p><\/p>\n","protected":false},"excerpt":{"rendered":"<p>V\u00e1\u017een\u00ed klienti, Linka pre pomoc \u013eu\u010fom zasiahnut\u00fdch konfliktom na Ukrajine a v\u0161etk\u00fdm \u017eiakom a \u0161tudentom Z\u0160, S\u0160 a V\u0160, pedag\u00f3gom a rodi\u010dom, odborn\u00fdm zamestnancom \u0161k\u00f4l: 00421 911 269 300Denne v \u010dase od 8:00 do 19:00 hod. U\u017eito\u010dn\u00e9 linky:<\/p>\n","protected":false},"author":1,"featured_media":0,"parent":0,"menu_order":0,"comment_status":"closed","ping_status":"closed","template":"","meta":{"footnotes":""},"class_list":["post-697","page","type-page","status-publish","hentry"],"_links":{"self":[{"href":"https:\/\/www.cpppap.svsbb.sk\/index.php?rest_route=\/wp\/v2\/pages\/697","targetHints":{"allow":["GET"]}}],"collection":[{"href":"https:\/\/www.cpppap.svsbb.sk\/index.php?rest_route=\/wp\/v2\/pages"}],"about":[{"href":"https:\/\/www.cpppap.svsbb.sk\/index.php?rest_route=\/wp\/v2\/types\/page"}],"author":[{"embeddable":true,"href":"https:\/\/www.cpppap.svsbb.sk\/index.php?rest_route=\/wp\/v2\/users\/1"}],"replies":[{"embeddable":true,"href":"https:\/\/www.cpppap.svsbb.sk\/index.php?rest_route=%2Fwp%2Fv2%2Fcomments&post=697"}],"version-history":[{"count":1,"href":"https:\/\/www.cpppap.svsbb.sk\/index.php?rest_route=\/wp\/v2\/pages\/697\/revisions"}],"predecessor-version":[{"id":699,"href":"https:\/\/www.cpppap.svsbb.sk\/index.php?rest_route=\/wp\/v2\/pages\/697\/revisions\/699"}],"wp:attachment":[{"href":"https:\/\/www.cpppap.svsbb.sk\/index.php?rest_route=%2Fwp%2Fv2%2Fmedia&parent=697"}],"curies":[{"name":"wp","href":"https:\/\/api.w.org\/{rel}","templated":true}]}}